{"id":435,"date":"2021-09-17T10:55:22","date_gmt":"2021-09-17T10:55:22","guid":{"rendered":"http:\/\/preview.arcom.be\/?page_id=435"},"modified":"2022-01-14T10:19:19","modified_gmt":"2022-01-14T10:19:19","slug":"omtrekbeveiliging-2","status":"publish","type":"page","link":"https:\/\/www.arcom.be\/fr\/omtrekbeveiliging\/omtrekbeveiliging-2\/","title":{"rendered":"Protection p\u00e9rim\u00e9trique ext\u00e9rieure \u00e0 haute tension"},"content":{"rendered":"<div data-elementor-type=\"wp-page\" data-elementor-id=\"435\" class=\"elementor elementor-435\" data-elementor-post-type=\"page\">\n\t\t\t\t\t\t<section class=\"elementor-section elementor-top-section elementor-element elementor-element-a839f5a elementor-section-full_width elementor-section-height-default elementor-section-height-default\" data-id=\"a839f5a\" data-element_type=\"section\">\n\t\t\t\t\t\t<div class=\"elementor-container elementor-column-gap-no\">\n\t\t\t\t\t<div class=\"elementor-column elementor-col-100 elementor-top-column elementor-element elementor-element-80a4b8c\" data-id=\"80a4b8c\" data-element_type=\"column\">\n\t\t\t<div class=\"elementor-widget-wrap elementor-element-populated\">\n\t\t\t\t\t\t<div class=\"elementor-element elementor-element-33d0de3 elementor-widget elementor-widget-template\" data-id=\"33d0de3\" data-element_type=\"widget\" data-widget_type=\"template.default\">\n\t\t\t\t<div class=\"elementor-widget-container\">\n\t\t\t\t\t<div class=\"elementor-template\">\n\t\t\t\t\t<div data-elementor-type=\"section\" data-elementor-id=\"62\" class=\"elementor elementor-62\" data-elementor-post-type=\"elementor_library\">\n\t\t\t\t\t<section class=\"elementor-section elementor-top-section elementor-element elementor-element-3c6fa49d elementor-section-height-min-height elementor-section-boxed elementor-section-height-default elementor-section-items-middle\" data-id=\"3c6fa49d\" data-element_type=\"section\" data-settings=\"{&quot;background_background&quot;:&quot;classic&quot;}\">\n\t\t\t\t\t\t\t<div class=\"elementor-background-overlay\"><\/div>\n\t\t\t\t\t\t\t<div class=\"elementor-container elementor-column-gap-default\">\n\t\t\t\t\t<div class=\"elementor-column elementor-col-100 elementor-top-column elementor-element elementor-element-78a30155\" data-id=\"78a30155\" data-element_type=\"column\">\n\t\t\t<div class=\"elementor-widget-wrap elementor-element-populated\">\n\t\t\t\t\t\t<div class=\"elementor-element elementor-element-712bc72a elementor-align-center elementor-widget elementor-widget-breadcrumbs\" data-id=\"712bc72a\" data-element_type=\"widget\" data-widget_type=\"breadcrumbs.default\">\n\t\t\t\t<div class=\"elementor-widget-container\">\n\t\t\t<p id=\"breadcrumbs\"><span><span><a href=\"https:\/\/www.arcom.be\/fr\/\">Home<\/a><\/span><\/span><\/p>\t\t<\/div>\n\t\t\t\t<\/div>\n\t\t\t\t\t<\/div>\n\t\t<\/div>\n\t\t\t\t\t<\/div>\n\t\t<\/section>\n\t\t\t\t<\/div>\n\t\t\t\t<\/div>\n\t\t\t\t<\/div>\n\t\t\t\t<\/div>\n\t\t\t\t\t<\/div>\n\t\t<\/div>\n\t\t\t\t\t<\/div>\n\t\t<\/section>\n\t\t\t\t<section class=\"elementor-section elementor-top-section elementor-element elementor-element-1c1a98a elementor-section-boxed elementor-section-height-default elementor-section-height-default\" data-id=\"1c1a98a\" data-element_type=\"section\">\n\t\t\t\t\t\t<div class=\"elementor-container elementor-column-gap-default\">\n\t\t\t\t\t<div class=\"elementor-column elementor-col-100 elementor-top-column elementor-element elementor-element-9db5bdf\" data-id=\"9db5bdf\" data-element_type=\"column\">\n\t\t\t<div class=\"elementor-widget-wrap elementor-element-populated\">\n\t\t\t\t\t\t<section class=\"elementor-section elementor-inner-section elementor-element elementor-element-13160d2 elementor-section-boxed elementor-section-height-default elementor-section-height-default\" data-id=\"13160d2\" data-element_type=\"section\">\n\t\t\t\t\t\t<div class=\"elementor-container elementor-column-gap-default\">\n\t\t\t\t\t<div class=\"elementor-column elementor-col-50 elementor-inner-column elementor-element elementor-element-dba1c6a\" data-id=\"dba1c6a\" data-element_type=\"column\">\n\t\t\t<div class=\"elementor-widget-wrap elementor-element-populated\">\n\t\t\t\t\t\t<div class=\"elementor-element elementor-element-cff4360 elementor-skin-slideshow elementor-widget elementor-widget-media-carousel\" data-id=\"cff4360\" data-element_type=\"widget\" data-settings=\"{&quot;skin&quot;:&quot;slideshow&quot;,&quot;speed&quot;:1000,&quot;slideshow_slides_per_view_mobile&quot;:&quot;3&quot;,&quot;slideshow_slides_per_view&quot;:&quot;3&quot;,&quot;effect&quot;:&quot;slide&quot;,&quot;autoplay&quot;:&quot;yes&quot;,&quot;autoplay_speed&quot;:5000,&quot;loop&quot;:&quot;yes&quot;,&quot;pause_on_hover&quot;:&quot;yes&quot;,&quot;pause_on_interaction&quot;:&quot;yes&quot;,&quot;space_between&quot;:{&quot;unit&quot;:&quot;px&quot;,&quot;size&quot;:10,&quot;sizes&quot;:[]},&quot;space_between_tablet&quot;:{&quot;unit&quot;:&quot;px&quot;,&quot;size&quot;:10,&quot;sizes&quot;:[]},&quot;space_between_mobile&quot;:{&quot;unit&quot;:&quot;px&quot;,&quot;size&quot;:10,&quot;sizes&quot;:[]}}\" data-widget_type=\"media-carousel.default\">\n\t\t\t\t<div class=\"elementor-widget-container\">\n\t\t\t\t\t<div class=\"elementor-swiper\">\n\t\t\t<div class=\"elementor-main-swiper swiper-container\">\n\t\t\t\t<div class=\"swiper-wrapper\">\n\t\t\t\t\t\t\t\t\t\t\t<div class=\"swiper-slide\">\n\t\t\t\t\t\t\t\t\t<div class=\"elementor-carousel-image\" role=\"img\" aria-label=\"oostend-port\" style=\"background-image: url(&#039;https:\/\/www.arcom.be\/wp-content\/uploads\/2021\/09\/oostend-port.jpg&#039;)\">\n\n\t\t\t\n\t\t\t\t\t<\/div>\n\t\t\t\t\t\t\t\t<\/div>\n\t\t\t\t\t\t\t\t\t\t\t<div class=\"swiper-slide\">\n\t\t\t\t\t\t\t\t\t<div class=\"elementor-carousel-image\" role=\"img\" aria-label=\"psp-ecostd4\" style=\"background-image: url(&#039;https:\/\/www.arcom.be\/wp-content\/uploads\/2021\/09\/psp-ecostd4.jpg&#039;)\">\n\n\t\t\t\n\t\t\t\t\t<\/div>\n\t\t\t\t\t\t\t\t<\/div>\n\t\t\t\t\t\t\t\t\t<\/div>\n\t\t\t\t\t\t\t\t\t\t\t\t\t\t\t\t\t\t\t\t\t<\/div>\n\t\t<\/div>\n\t\t\t\t<div class=\"elementor-swiper\">\n\t\t\t<div class=\"elementor-thumbnails-swiper swiper-container\">\n\t\t\t\t<div class=\"swiper-wrapper\">\n\t\t\t\t\t\t\t\t\t\t\t<div class=\"swiper-slide\">\n\t\t\t\t\t\t\t\t\t<div class=\"elementor-carousel-image\" role=\"img\" aria-label=\"oostend-port\" style=\"background-image: url(&#039;https:\/\/www.arcom.be\/wp-content\/uploads\/2021\/09\/oostend-port.jpg&#039;)\">\n\n\t\t\t\n\t\t\t\t\t<\/div>\n\t\t\t\t\t\t\t\t<\/div>\n\t\t\t\t\t\t\t\t\t\t\t<div class=\"swiper-slide\">\n\t\t\t\t\t\t\t\t\t<div class=\"elementor-carousel-image\" role=\"img\" aria-label=\"psp-ecostd4\" style=\"background-image: url(&#039;https:\/\/www.arcom.be\/wp-content\/uploads\/2021\/09\/psp-ecostd4.jpg&#039;)\">\n\n\t\t\t\n\t\t\t\t\t<\/div>\n\t\t\t\t\t\t\t\t<\/div>\n\t\t\t\t\t\t\t\t\t<\/div>\n\t\t\t\t\t\t\t\t\t\t\t\t\t\t\t\t\t\t\t\t\t<\/div>\n\t\t<\/div>\n\t\t\t\t<\/div>\n\t\t\t\t<\/div>\n\t\t\t\t\t<\/div>\n\t\t<\/div>\n\t\t\t\t<div class=\"elementor-column elementor-col-50 elementor-inner-column elementor-element elementor-element-fd29bbd\" data-id=\"fd29bbd\" data-element_type=\"column\">\n\t\t\t<div class=\"elementor-widget-wrap elementor-element-populated\">\n\t\t\t\t\t\t<div class=\"elementor-element elementor-element-3724180 elementor-widget elementor-widget-heading\" data-id=\"3724180\" data-element_type=\"widget\" data-widget_type=\"heading.default\">\n\t\t\t\t<div class=\"elementor-widget-container\">\n\t\t\t<h2 class=\"elementor-heading-title elementor-size-default\">Protection p\u00e9rim\u00e9trique ext\u00e9rieure \u00e0 haute tension<\/h2>\t\t<\/div>\n\t\t\t\t<\/div>\n\t\t\t\t<div class=\"elementor-element elementor-element-93273cb elementor-widget elementor-widget-text-editor\" data-id=\"93273cb\" data-element_type=\"widget\" data-widget_type=\"text-editor.default\">\n\t\t\t\t<div class=\"elementor-widget-container\">\n\t\t\t\t\t\t\t<p id=\"u119321-2\"><span style=\"color: #ff0000;\">INSTALLATION:<\/span><\/p><ul id=\"u119321-6\" class=\"list0 nls-None\"><li id=\"u119321-5\">Champion watching<\/li><\/ul>\t\t\t\t\t\t<\/div>\n\t\t\t\t<\/div>\n\t\t\t\t\t<\/div>\n\t\t<\/div>\n\t\t\t\t\t<\/div>\n\t\t<\/section>\n\t\t\t\t\t<\/div>\n\t\t<\/div>\n\t\t\t\t\t<\/div>\n\t\t<\/section>\n\t\t\t\t<section class=\"elementor-section elementor-top-section elementor-element elementor-element-017248b elementor-section-boxed elementor-section-height-default elementor-section-height-default\" data-id=\"017248b\" data-element_type=\"section\">\n\t\t\t\t\t\t<div class=\"elementor-container elementor-column-gap-default\">\n\t\t\t\t\t<div class=\"elementor-column elementor-col-100 elementor-top-column elementor-element elementor-element-d5c9203\" data-id=\"d5c9203\" data-element_type=\"column\">\n\t\t\t<div class=\"elementor-widget-wrap elementor-element-populated\">\n\t\t\t\t\t\t<section class=\"elementor-section elementor-inner-section elementor-element elementor-element-c9448a3 elementor-section-content-middle elementor-section-boxed elementor-section-height-default elementor-section-height-default\" data-id=\"c9448a3\" data-element_type=\"section\">\n\t\t\t\t\t\t<div class=\"elementor-container elementor-column-gap-default\">\n\t\t\t\t\t<div class=\"elementor-column elementor-col-100 elementor-inner-column elementor-element elementor-element-5c556c8\" data-id=\"5c556c8\" data-element_type=\"column\">\n\t\t\t<div class=\"elementor-widget-wrap elementor-element-populated\">\n\t\t\t\t\t\t<div class=\"elementor-element elementor-element-b8ffae1 elementor-widget elementor-widget-text-editor\" data-id=\"b8ffae1\" data-element_type=\"widget\" data-widget_type=\"text-editor.default\">\n\t\t\t\t<div class=\"elementor-widget-container\">\n\t\t\t\t\t\t\t<div id=\"pu28927-4\" class=\"clearfix grpelem shared_content\" data-content-guid=\"pu28927-4_content\"><div id=\"u28936-43\" class=\"clearfix colelem shared_content\" data-muse-uid=\"U28936\" data-muse-type=\"txt_frame\" data-ibe-flags=\"txtStyleSrc\" data-content-guid=\"u28936-43_content\"><div id=\"ppu6960\" class=\"clearfix grpelem\"><div id=\"u98126-47\" class=\"clearfix colelem shared_content\" data-muse-uid=\"U98126\" data-muse-type=\"txt_frame\" data-ibe-flags=\"txtStyleSrc\" data-sizepolicy=\"fluidWidth\" data-pintopage=\"page_fixedCenter\" data-content-guid=\"u98126-47_content\"><p><span id=\"u103881\">V<\/span>oor de plaatsing van omtrekbeveiligingen op grote terreinen werken wij sinds enkele jaren samen met de firma &#8221; champion watching &#8220;.<\/p><p><span id=\"u103881-5\">D<\/span>e basis van het systeem bestaat uit een een reeks horizontale draden die op isolatoren\u00a0 aan de binnenkant van bestaande omheiningen geplaats worden. Op deze draden sluit men een hoogspanningsmodule aan die de aanraker ervan een zware stroomstoot bezorgt , dit echter zonder een gevaar voor de gezondheid. <span id=\"u103881-7\">M<\/span>en kan het vergelijken met een schrikdraad die men op weides plaatst maar dan aangepast aan de te beveiligen omheining.<\/p><p><span id=\"u103881-11\">D<\/span>e periferische bescherming en bewaking ( psp of protection en surveillance peripherique ) is een intelligente oplossing ter beveiliging van industri\u00eble, commerci\u00eble en private zones. <span id=\"u103881-13\">M<\/span>eerdere\u00a0<span id=\"u103881-15\">B<\/span>elgische gevangenissen en havens zijn met ons systeem beveiligd.<\/p><\/div><\/div><\/div><\/div>\t\t\t\t\t\t<\/div>\n\t\t\t\t<\/div>\n\t\t\t\t\t<\/div>\n\t\t<\/div>\n\t\t\t\t\t<\/div>\n\t\t<\/section>\n\t\t\t\t\t<\/div>\n\t\t<\/div>\n\t\t\t\t\t<\/div>\n\t\t<\/section>\n\t\t\t\t<\/div>","protected":false},"excerpt":{"rendered":"<p>Omtrekbeveiliging INSTALLATIE: Champion watching Voor de plaatsing van omtrekbeveiligingen op grote terreinen werken wij sinds enkele jaren samen met de firma &#8221; champion watching &#8220;. De basis van het systeem bestaat uit een een reeks horizontale draden die op isolatoren\u00a0 aan de binnenkant van bestaande omheiningen geplaats worden. Op deze draden sluit men een hoogspanningsmodule [&hellip;]<\/p>","protected":false},"author":4,"featured_media":0,"parent":308,"menu_order":0,"comment_status":"closed","ping_status":"closed","template":"","meta":{"footnotes":""},"class_list":["post-435","page","type-page","status-publish","hentry"],"yoast_head":"<!-- This site is optimized with the Yoast SEO plugin v22.1 - https:\/\/yoast.com\/wordpress\/plugins\/seo\/ -->\r\n<title>Omtrekbeveiliging - Arcom Security Solutions<\/title>\r\n<meta name=\"robots\" content=\"index, follow, max-snippet:-1, max-image-preview:large, max-video-preview:-1\" \/>\r\n<link rel=\"canonical\" href=\"https:\/\/www.arcom.be\/fr\/omtrekbeveiliging\/omtrekbeveiliging-2\/\" \/>\r\n<meta property=\"og:locale\" content=\"fr_FR\" \/>\r\n<meta property=\"og:type\" content=\"article\" \/>\r\n<meta property=\"og:title\" content=\"Omtrekbeveiliging - Arcom Security Solutions\" \/>\r\n<meta property=\"og:description\" content=\"Omtrekbeveiliging INSTALLATIE: Champion watching Voor de plaatsing van omtrekbeveiligingen op grote terreinen werken wij sinds enkele jaren samen met de firma &#8221; champion watching &#8220;. De basis van het systeem bestaat uit een een reeks horizontale draden die op isolatoren\u00a0 aan de binnenkant van bestaande omheiningen geplaats worden. Op deze draden sluit men een hoogspanningsmodule [&hellip;]\" \/>\r\n<meta property=\"og:url\" content=\"https:\/\/www.arcom.be\/fr\/omtrekbeveiliging\/omtrekbeveiliging-2\/\" \/>\r\n<meta property=\"og:site_name\" content=\"Arcom Security Solutions\" \/>\r\n<meta property=\"article:modified_time\" content=\"2022-01-14T10:19:19+00:00\" \/>\r\n<meta name=\"twitter:card\" content=\"summary_large_image\" \/>\r\n<meta name=\"twitter:label1\" content=\"Dur\u00e9e de lecture estim\u00e9e\" \/>\n\t<meta name=\"twitter:data1\" content=\"1 minute\" \/>\r\n<script type=\"application\/ld+json\" class=\"yoast-schema-graph\">{\"@context\":\"https:\/\/schema.org\",\"@graph\":[{\"@type\":\"WebPage\",\"@id\":\"https:\/\/www.arcom.be\/omtrekbeveiliging\/omtrekbeveiliging-2\/\",\"url\":\"https:\/\/www.arcom.be\/omtrekbeveiliging\/omtrekbeveiliging-2\/\",\"name\":\"Omtrekbeveiliging - Arcom Security Solutions\",\"isPartOf\":{\"@id\":\"https:\/\/www.arcom.be\/#website\"},\"datePublished\":\"2021-09-17T10:55:22+00:00\",\"dateModified\":\"2022-01-14T10:19:19+00:00\",\"breadcrumb\":{\"@id\":\"https:\/\/www.arcom.be\/omtrekbeveiliging\/omtrekbeveiliging-2\/#breadcrumb\"},\"inLanguage\":\"fr-FR\",\"potentialAction\":[{\"@type\":\"ReadAction\",\"target\":[\"https:\/\/www.arcom.be\/omtrekbeveiliging\/omtrekbeveiliging-2\/\"]}]},{\"@type\":\"BreadcrumbList\",\"@id\":\"https:\/\/www.arcom.be\/omtrekbeveiliging\/omtrekbeveiliging-2\/#breadcrumb\",\"itemListElement\":[{\"@type\":\"ListItem\",\"position\":1,\"name\":\"Home\",\"item\":\"https:\/\/www.arcom.be\/\"},{\"@type\":\"ListItem\",\"position\":2,\"name\":\"Omtrekbeveiliging\",\"item\":\"https:\/\/www.arcom.be\/omtrekbeveiliging\/\"},{\"@type\":\"ListItem\",\"position\":3,\"name\":\"Omtrekbeveiliging\"}]},{\"@type\":\"WebSite\",\"@id\":\"https:\/\/www.arcom.be\/#website\",\"url\":\"https:\/\/www.arcom.be\/\",\"name\":\"Arcom Security Solutions\",\"description\":\"\",\"potentialAction\":[{\"@type\":\"SearchAction\",\"target\":{\"@type\":\"EntryPoint\",\"urlTemplate\":\"https:\/\/www.arcom.be\/?s={search_term_string}\"},\"query-input\":\"required name=search_term_string\"}],\"inLanguage\":\"fr-FR\"}]}<\/script>\r\n<!-- \/ Yoast SEO plugin. -->","yoast_head_json":{"title":"Omtrekbeveiliging - Arcom Security Solutions","robots":{"index":"index","follow":"follow","max-snippet":"max-snippet:-1","max-image-preview":"max-image-preview:large","max-video-preview":"max-video-preview:-1"},"canonical":"https:\/\/www.arcom.be\/fr\/omtrekbeveiliging\/omtrekbeveiliging-2\/","og_locale":"fr_FR","og_type":"article","og_title":"Omtrekbeveiliging - Arcom Security Solutions","og_description":"Omtrekbeveiliging INSTALLATIE: Champion watching Voor de plaatsing van omtrekbeveiligingen op grote terreinen werken wij sinds enkele jaren samen met de firma &#8221; champion watching &#8220;. De basis van het systeem bestaat uit een een reeks horizontale draden die op isolatoren\u00a0 aan de binnenkant van bestaande omheiningen geplaats worden. Op deze draden sluit men een hoogspanningsmodule [&hellip;]","og_url":"https:\/\/www.arcom.be\/fr\/omtrekbeveiliging\/omtrekbeveiliging-2\/","og_site_name":"Arcom Security Solutions","article_modified_time":"2022-01-14T10:19:19+00:00","twitter_card":"summary_large_image","twitter_misc":{"Dur\u00e9e de lecture estim\u00e9e":"1 minute"},"schema":{"@context":"https:\/\/schema.org","@graph":[{"@type":"WebPage","@id":"https:\/\/www.arcom.be\/omtrekbeveiliging\/omtrekbeveiliging-2\/","url":"https:\/\/www.arcom.be\/omtrekbeveiliging\/omtrekbeveiliging-2\/","name":"Omtrekbeveiliging - Arcom Security Solutions","isPartOf":{"@id":"https:\/\/www.arcom.be\/#website"},"datePublished":"2021-09-17T10:55:22+00:00","dateModified":"2022-01-14T10:19:19+00:00","breadcrumb":{"@id":"https:\/\/www.arcom.be\/omtrekbeveiliging\/omtrekbeveiliging-2\/#breadcrumb"},"inLanguage":"fr-FR","potentialAction":[{"@type":"ReadAction","target":["https:\/\/www.arcom.be\/omtrekbeveiliging\/omtrekbeveiliging-2\/"]}]},{"@type":"BreadcrumbList","@id":"https:\/\/www.arcom.be\/omtrekbeveiliging\/omtrekbeveiliging-2\/#breadcrumb","itemListElement":[{"@type":"ListItem","position":1,"name":"Home","item":"https:\/\/www.arcom.be\/"},{"@type":"ListItem","position":2,"name":"Omtrekbeveiliging","item":"https:\/\/www.arcom.be\/omtrekbeveiliging\/"},{"@type":"ListItem","position":3,"name":"Omtrekbeveiliging"}]},{"@type":"WebSite","@id":"https:\/\/www.arcom.be\/#website","url":"https:\/\/www.arcom.be\/","name":"Arcom Security Solutions","description":"","potentialAction":[{"@type":"SearchAction","target":{"@type":"EntryPoint","urlTemplate":"https:\/\/www.arcom.be\/?s={search_term_string}"},"query-input":"required name=search_term_string"}],"inLanguage":"fr-FR"}]}},"_links":{"self":[{"href":"https:\/\/www.arcom.be\/fr\/wp-json\/wp\/v2\/pages\/435","targetHints":{"allow":["GET"]}}],"collection":[{"href":"https:\/\/www.arcom.be\/fr\/wp-json\/wp\/v2\/pages"}],"about":[{"href":"https:\/\/www.arcom.be\/fr\/wp-json\/wp\/v2\/types\/page"}],"author":[{"embeddable":true,"href":"https:\/\/www.arcom.be\/fr\/wp-json\/wp\/v2\/users\/4"}],"replies":[{"embeddable":true,"href":"https:\/\/www.arcom.be\/fr\/wp-json\/wp\/v2\/comments?post=435"}],"version-history":[{"count":10,"href":"https:\/\/www.arcom.be\/fr\/wp-json\/wp\/v2\/pages\/435\/revisions"}],"predecessor-version":[{"id":1056,"href":"https:\/\/www.arcom.be\/fr\/wp-json\/wp\/v2\/pages\/435\/revisions\/1056"}],"up":[{"embeddable":true,"href":"https:\/\/www.arcom.be\/fr\/wp-json\/wp\/v2\/pages\/308"}],"wp:attachment":[{"href":"https:\/\/www.arcom.be\/fr\/wp-json\/wp\/v2\/media?parent=435"}],"curies":[{"name":"wp","href":"https:\/\/api.w.org\/{rel}","templated":true}]}}