{"id":423,"date":"2021-09-17T10:44:26","date_gmt":"2021-09-17T10:44:26","guid":{"rendered":"http:\/\/preview.arcom.be\/?page_id=423"},"modified":"2022-01-12T10:50:59","modified_gmt":"2022-01-12T10:50:59","slug":"adresseerbare-branddetectie","status":"publish","type":"page","link":"https:\/\/www.arcom.be\/fr\/brandbeveiliging\/adresseerbare-branddetectie\/","title":{"rendered":"D\u00e9tection d\u2019incendie adressable"},"content":{"rendered":"<div data-elementor-type=\"wp-page\" data-elementor-id=\"423\" class=\"elementor elementor-423\" data-elementor-post-type=\"page\">\n\t\t\t\t\t\t<section class=\"elementor-section elementor-top-section elementor-element elementor-element-1bfeca3 elementor-section-full_width elementor-section-height-default elementor-section-height-default\" data-id=\"1bfeca3\" data-element_type=\"section\">\n\t\t\t\t\t\t<div class=\"elementor-container elementor-column-gap-no\">\n\t\t\t\t\t<div class=\"elementor-column elementor-col-100 elementor-top-column elementor-element elementor-element-072720c\" data-id=\"072720c\" data-element_type=\"column\">\n\t\t\t<div class=\"elementor-widget-wrap elementor-element-populated\">\n\t\t\t\t\t\t<div class=\"elementor-element elementor-element-d947738 elementor-widget elementor-widget-template\" data-id=\"d947738\" data-element_type=\"widget\" data-widget_type=\"template.default\">\n\t\t\t\t<div class=\"elementor-widget-container\">\n\t\t\t\t\t<div class=\"elementor-template\">\n\t\t\t\t\t<div data-elementor-type=\"section\" data-elementor-id=\"62\" class=\"elementor elementor-62\" data-elementor-post-type=\"elementor_library\">\n\t\t\t\t\t<section class=\"elementor-section elementor-top-section elementor-element elementor-element-3c6fa49d elementor-section-height-min-height elementor-section-boxed elementor-section-height-default elementor-section-items-middle\" data-id=\"3c6fa49d\" data-element_type=\"section\" data-settings=\"{&quot;background_background&quot;:&quot;classic&quot;}\">\n\t\t\t\t\t\t\t<div class=\"elementor-background-overlay\"><\/div>\n\t\t\t\t\t\t\t<div class=\"elementor-container elementor-column-gap-default\">\n\t\t\t\t\t<div class=\"elementor-column elementor-col-100 elementor-top-column elementor-element elementor-element-78a30155\" data-id=\"78a30155\" data-element_type=\"column\">\n\t\t\t<div class=\"elementor-widget-wrap elementor-element-populated\">\n\t\t\t\t\t\t<div class=\"elementor-element elementor-element-712bc72a elementor-align-center elementor-widget elementor-widget-breadcrumbs\" data-id=\"712bc72a\" data-element_type=\"widget\" data-widget_type=\"breadcrumbs.default\">\n\t\t\t\t<div class=\"elementor-widget-container\">\n\t\t\t<p id=\"breadcrumbs\"><span><span><a href=\"https:\/\/www.arcom.be\/fr\/\">Home<\/a><\/span><\/span><\/p>\t\t<\/div>\n\t\t\t\t<\/div>\n\t\t\t\t\t<\/div>\n\t\t<\/div>\n\t\t\t\t\t<\/div>\n\t\t<\/section>\n\t\t\t\t<\/div>\n\t\t\t\t<\/div>\n\t\t\t\t<\/div>\n\t\t\t\t<\/div>\n\t\t\t\t\t<\/div>\n\t\t<\/div>\n\t\t\t\t\t<\/div>\n\t\t<\/section>\n\t\t\t\t<section class=\"elementor-section elementor-top-section elementor-element elementor-element-571570a elementor-section-boxed elementor-section-height-default elementor-section-height-default\" data-id=\"571570a\" data-element_type=\"section\">\n\t\t\t\t\t\t<div class=\"elementor-container elementor-column-gap-default\">\n\t\t\t\t\t<div class=\"elementor-column elementor-col-100 elementor-top-column elementor-element elementor-element-bbdfd86\" data-id=\"bbdfd86\" data-element_type=\"column\">\n\t\t\t<div class=\"elementor-widget-wrap elementor-element-populated\">\n\t\t\t\t\t\t<section class=\"elementor-section elementor-inner-section elementor-element elementor-element-8cc66ac elementor-section-boxed elementor-section-height-default elementor-section-height-default\" data-id=\"8cc66ac\" data-element_type=\"section\">\n\t\t\t\t\t\t<div class=\"elementor-container elementor-column-gap-default\">\n\t\t\t\t\t<div class=\"elementor-column elementor-col-50 elementor-inner-column elementor-element elementor-element-591696d\" data-id=\"591696d\" data-element_type=\"column\">\n\t\t\t<div class=\"elementor-widget-wrap elementor-element-populated\">\n\t\t\t\t\t\t<div class=\"elementor-element elementor-element-4285b72 elementor-skin-slideshow elementor-widget elementor-widget-media-carousel\" data-id=\"4285b72\" data-element_type=\"widget\" data-settings=\"{&quot;skin&quot;:&quot;slideshow&quot;,&quot;centered_slides&quot;:&quot;yes&quot;,&quot;speed&quot;:1000,&quot;slideshow_slides_per_view_mobile&quot;:&quot;3&quot;,&quot;effect&quot;:&quot;slide&quot;,&quot;autoplay&quot;:&quot;yes&quot;,&quot;autoplay_speed&quot;:5000,&quot;loop&quot;:&quot;yes&quot;,&quot;pause_on_hover&quot;:&quot;yes&quot;,&quot;pause_on_interaction&quot;:&quot;yes&quot;,&quot;space_between&quot;:{&quot;unit&quot;:&quot;px&quot;,&quot;size&quot;:10,&quot;sizes&quot;:[]},&quot;space_between_tablet&quot;:{&quot;unit&quot;:&quot;px&quot;,&quot;size&quot;:10,&quot;sizes&quot;:[]},&quot;space_between_mobile&quot;:{&quot;unit&quot;:&quot;px&quot;,&quot;size&quot;:10,&quot;sizes&quot;:[]}}\" data-widget_type=\"media-carousel.default\">\n\t\t\t\t<div class=\"elementor-widget-container\">\n\t\t\t\t\t<div class=\"elementor-swiper\">\n\t\t\t<div class=\"elementor-main-swiper swiper-container\">\n\t\t\t\t<div class=\"swiper-wrapper\">\n\t\t\t\t\t\t\t\t\t\t\t<div class=\"swiper-slide\">\n\t\t\t\t\t\t\t\t\t<div class=\"elementor-carousel-image\" role=\"img\" aria-label=\"bosch-adresseerbaar256x180\" style=\"background-image: url(&#039;https:\/\/www.arcom.be\/wp-content\/uploads\/2021\/09\/bosch-adresseerbaar256x180.jpg&#039;)\">\n\n\t\t\t\n\t\t\t\t\t<\/div>\n\t\t\t\t\t\t\t\t<\/div>\n\t\t\t\t\t\t\t\t\t<\/div>\n\t\t\t\t\t\t\t<\/div>\n\t\t<\/div>\n\t\t\t\t<\/div>\n\t\t\t\t<\/div>\n\t\t\t\t\t<\/div>\n\t\t<\/div>\n\t\t\t\t<div class=\"elementor-column elementor-col-50 elementor-inner-column elementor-element elementor-element-07710e3\" data-id=\"07710e3\" data-element_type=\"column\">\n\t\t\t<div class=\"elementor-widget-wrap elementor-element-populated\">\n\t\t\t\t\t\t<div class=\"elementor-element elementor-element-209302c elementor-widget elementor-widget-heading\" data-id=\"209302c\" data-element_type=\"widget\" data-widget_type=\"heading.default\">\n\t\t\t\t<div class=\"elementor-widget-container\">\n\t\t\t<h2 class=\"elementor-heading-title elementor-size-default\">Details<\/h2>\t\t<\/div>\n\t\t\t\t<\/div>\n\t\t\t\t<div class=\"elementor-element elementor-element-506346e elementor-widget elementor-widget-text-editor\" data-id=\"506346e\" data-element_type=\"widget\" data-widget_type=\"text-editor.default\">\n\t\t\t\t<div class=\"elementor-widget-container\">\n\t\t\t\t\t\t\t<p><span id=\"u98348\">B<\/span>ij een adresseerbare centrale krijgt elke detector zijn eigen identificatie (adres). <span id=\"u98348-3\">D<\/span>it laat toe om in grote gebouwen of complexen de exacte locatie van een beginnende brand te kennen.<\/p>\t\t\t\t\t\t<\/div>\n\t\t\t\t<\/div>\n\t\t\t\t\t<\/div>\n\t\t<\/div>\n\t\t\t\t\t<\/div>\n\t\t<\/section>\n\t\t\t\t\t<\/div>\n\t\t<\/div>\n\t\t\t\t\t<\/div>\n\t\t<\/section>\n\t\t\t\t<section class=\"elementor-section elementor-top-section elementor-element elementor-element-7dd31c4 elementor-section-boxed elementor-section-height-default elementor-section-height-default\" data-id=\"7dd31c4\" data-element_type=\"section\">\n\t\t\t\t\t\t<div class=\"elementor-container elementor-column-gap-default\">\n\t\t\t\t\t<div class=\"elementor-column elementor-col-100 elementor-top-column elementor-element elementor-element-a60fdbf\" data-id=\"a60fdbf\" data-element_type=\"column\">\n\t\t\t<div class=\"elementor-widget-wrap elementor-element-populated\">\n\t\t\t\t\t\t<section class=\"elementor-section elementor-inner-section elementor-element elementor-element-83c0ecb elementor-section-content-middle elementor-section-boxed elementor-section-height-default elementor-section-height-default\" data-id=\"83c0ecb\" data-element_type=\"section\">\n\t\t\t\t\t\t<div class=\"elementor-container elementor-column-gap-default\">\n\t\t\t\t\t<div class=\"elementor-column elementor-col-100 elementor-inner-column elementor-element elementor-element-c5f2fdc\" data-id=\"c5f2fdc\" data-element_type=\"column\">\n\t\t\t<div class=\"elementor-widget-wrap elementor-element-populated\">\n\t\t\t\t\t\t<div class=\"elementor-element elementor-element-f644656 elementor-widget elementor-widget-heading\" data-id=\"f644656\" data-element_type=\"widget\" data-widget_type=\"heading.default\">\n\t\t\t\t<div class=\"elementor-widget-container\">\n\t\t\t<h2 class=\"elementor-heading-title elementor-size-default\">D\u00e9tection d\u2019incendie adressable\n<\/h2>\t\t<\/div>\n\t\t\t\t<\/div>\n\t\t\t\t<div class=\"elementor-element elementor-element-b520d30 elementor-widget elementor-widget-text-editor\" data-id=\"b520d30\" data-element_type=\"widget\" data-widget_type=\"text-editor.default\">\n\t\t\t\t<div class=\"elementor-widget-container\">\n\t\t\t\t\t\t\t<div id=\"ppu6960\" class=\"clearfix grpelem\"><div id=\"u98335-22\" class=\"clearfix colelem shared_content\" data-muse-uid=\"U98335\" data-muse-type=\"txt_frame\" data-ibe-flags=\"txtStyleSrc\" data-sizepolicy=\"fluidWidth\" data-pintopage=\"page_fixedCenter\" data-content-guid=\"u98335-22_content\"><p id=\"u98335-3\" class=\" translation-block\">Protection contre l\u2019incendie: industrie et entreprises publiques<\/p><p id=\"u98335-8\" class=\" translation-block\">Pour l\u2019industrie et les entreprises publiques, nous recommandons d\u2019utiliser une centrale d\u2019incendie adressable. plusieurs panneaux r\u00e9p\u00e9titeurs peuvent \u00eatre connect\u00e9s \u00e0 cette centrale.<\/p><p id=\"u98335-14\"><span id=\"u98335-10\">B<\/span>ij een adresseerbare centrale krijgt elke detector zijn eigen identificatie (adres). <span id=\"u98335-12\">D<\/span>it laat toe om in grote gebouwen of complexen de exacte locatie van een beginnende brand te kennen.<\/p><p id=\"u98335-20\"><span id=\"u98335-16\">W<\/span>ij plaatsen enkel Bosec gekeurde systemen en plaatsen centrales met 1 t.e.m. 8 lussen.\u00a0<\/p><\/div><\/div>\t\t\t\t\t\t<\/div>\n\t\t\t\t<\/div>\n\t\t\t\t\t<\/div>\n\t\t<\/div>\n\t\t\t\t\t<\/div>\n\t\t<\/section>\n\t\t\t\t\t<\/div>\n\t\t<\/div>\n\t\t\t\t\t<\/div>\n\t\t<\/section>\n\t\t\t\t<\/div>","protected":false},"excerpt":{"rendered":"<p>Details Bij een adresseerbare centrale krijgt elke detector zijn eigen identificatie (adres). Dit laat toe om in grote gebouwen of complexen de exacte locatie van een beginnende brand te kennen. Adresseerbare branddetectie Brandbeveiliging : industrie en overheid Voor de industrie en de overheid raden wij het gebruik van een adresseerbare\u00a0 brandcentrale aan.\u00a0Hierop kunnen meerdere herhalingsborden\u00a0 [&hellip;]<\/p>","protected":false},"author":4,"featured_media":0,"parent":299,"menu_order":0,"comment_status":"closed","ping_status":"closed","template":"","meta":{"footnotes":""},"class_list":["post-423","page","type-page","status-publish","hentry"],"yoast_head":"<!-- This site is optimized with the Yoast SEO plugin v22.1 - https:\/\/yoast.com\/wordpress\/plugins\/seo\/ -->\r\n<title>Adresseerbare branddetectie - Arcom Security Solutions<\/title>\r\n<meta name=\"robots\" content=\"index, follow, max-snippet:-1, max-image-preview:large, max-video-preview:-1\" \/>\r\n<link rel=\"canonical\" href=\"https:\/\/www.arcom.be\/fr\/brandbeveiliging\/adresseerbare-branddetectie\/\" \/>\r\n<meta property=\"og:locale\" content=\"fr_FR\" \/>\r\n<meta property=\"og:type\" content=\"article\" \/>\r\n<meta property=\"og:title\" content=\"Adresseerbare branddetectie - Arcom Security Solutions\" \/>\r\n<meta property=\"og:description\" content=\"Details Bij een adresseerbare centrale krijgt elke detector zijn eigen identificatie (adres). Dit laat toe om in grote gebouwen of complexen de exacte locatie van een beginnende brand te kennen. Adresseerbare branddetectie Brandbeveiliging : industrie en overheid Voor de industrie en de overheid raden wij het gebruik van een adresseerbare\u00a0 brandcentrale aan.\u00a0Hierop kunnen meerdere herhalingsborden\u00a0 [&hellip;]\" \/>\r\n<meta property=\"og:url\" content=\"https:\/\/www.arcom.be\/fr\/brandbeveiliging\/adresseerbare-branddetectie\/\" \/>\r\n<meta property=\"og:site_name\" content=\"Arcom Security Solutions\" \/>\r\n<meta property=\"article:modified_time\" content=\"2022-01-12T10:50:59+00:00\" \/>\r\n<meta name=\"twitter:card\" content=\"summary_large_image\" \/>\r\n<meta name=\"twitter:label1\" content=\"Dur\u00e9e de lecture estim\u00e9e\" \/>\n\t<meta name=\"twitter:data1\" content=\"1 minute\" \/>\r\n<script type=\"application\/ld+json\" class=\"yoast-schema-graph\">{\"@context\":\"https:\/\/schema.org\",\"@graph\":[{\"@type\":\"WebPage\",\"@id\":\"https:\/\/www.arcom.be\/fr\/brandbeveiliging\/adresseerbare-branddetectie\/\",\"url\":\"https:\/\/www.arcom.be\/fr\/brandbeveiliging\/adresseerbare-branddetectie\/\",\"name\":\"Adresseerbare branddetectie - Arcom Security Solutions\",\"isPartOf\":{\"@id\":\"https:\/\/www.arcom.be\/#website\"},\"datePublished\":\"2021-09-17T10:44:26+00:00\",\"dateModified\":\"2022-01-12T10:50:59+00:00\",\"breadcrumb\":{\"@id\":\"https:\/\/www.arcom.be\/fr\/brandbeveiliging\/adresseerbare-branddetectie\/#breadcrumb\"},\"inLanguage\":\"fr-FR\",\"potentialAction\":[{\"@type\":\"ReadAction\",\"target\":[\"https:\/\/www.arcom.be\/fr\/brandbeveiliging\/adresseerbare-branddetectie\/\"]}]},{\"@type\":\"BreadcrumbList\",\"@id\":\"https:\/\/www.arcom.be\/fr\/brandbeveiliging\/adresseerbare-branddetectie\/#breadcrumb\",\"itemListElement\":[{\"@type\":\"ListItem\",\"position\":1,\"name\":\"Home\",\"item\":\"https:\/\/www.arcom.be\/\"},{\"@type\":\"ListItem\",\"position\":2,\"name\":\"Brandbeveiliging\",\"item\":\"https:\/\/www.arcom.be\/fr\/brandbeveiliging\/\"},{\"@type\":\"ListItem\",\"position\":3,\"name\":\"Adresseerbare branddetectie\"}]},{\"@type\":\"WebSite\",\"@id\":\"https:\/\/www.arcom.be\/#website\",\"url\":\"https:\/\/www.arcom.be\/\",\"name\":\"Arcom Security Solutions\",\"description\":\"\",\"potentialAction\":[{\"@type\":\"SearchAction\",\"target\":{\"@type\":\"EntryPoint\",\"urlTemplate\":\"https:\/\/www.arcom.be\/?s={search_term_string}\"},\"query-input\":\"required name=search_term_string\"}],\"inLanguage\":\"fr-FR\"}]}<\/script>\r\n<!-- \/ Yoast SEO plugin. -->","yoast_head_json":{"title":"Adresseerbare branddetectie - Arcom Security Solutions","robots":{"index":"index","follow":"follow","max-snippet":"max-snippet:-1","max-image-preview":"max-image-preview:large","max-video-preview":"max-video-preview:-1"},"canonical":"https:\/\/www.arcom.be\/fr\/brandbeveiliging\/adresseerbare-branddetectie\/","og_locale":"fr_FR","og_type":"article","og_title":"Adresseerbare branddetectie - Arcom Security Solutions","og_description":"Details Bij een adresseerbare centrale krijgt elke detector zijn eigen identificatie (adres). Dit laat toe om in grote gebouwen of complexen de exacte locatie van een beginnende brand te kennen. Adresseerbare branddetectie Brandbeveiliging : industrie en overheid Voor de industrie en de overheid raden wij het gebruik van een adresseerbare\u00a0 brandcentrale aan.\u00a0Hierop kunnen meerdere herhalingsborden\u00a0 [&hellip;]","og_url":"https:\/\/www.arcom.be\/fr\/brandbeveiliging\/adresseerbare-branddetectie\/","og_site_name":"Arcom Security Solutions","article_modified_time":"2022-01-12T10:50:59+00:00","twitter_card":"summary_large_image","twitter_misc":{"Dur\u00e9e de lecture estim\u00e9e":"1 minute"},"schema":{"@context":"https:\/\/schema.org","@graph":[{"@type":"WebPage","@id":"https:\/\/www.arcom.be\/fr\/brandbeveiliging\/adresseerbare-branddetectie\/","url":"https:\/\/www.arcom.be\/fr\/brandbeveiliging\/adresseerbare-branddetectie\/","name":"Adresseerbare branddetectie - Arcom Security Solutions","isPartOf":{"@id":"https:\/\/www.arcom.be\/#website"},"datePublished":"2021-09-17T10:44:26+00:00","dateModified":"2022-01-12T10:50:59+00:00","breadcrumb":{"@id":"https:\/\/www.arcom.be\/fr\/brandbeveiliging\/adresseerbare-branddetectie\/#breadcrumb"},"inLanguage":"fr-FR","potentialAction":[{"@type":"ReadAction","target":["https:\/\/www.arcom.be\/fr\/brandbeveiliging\/adresseerbare-branddetectie\/"]}]},{"@type":"BreadcrumbList","@id":"https:\/\/www.arcom.be\/fr\/brandbeveiliging\/adresseerbare-branddetectie\/#breadcrumb","itemListElement":[{"@type":"ListItem","position":1,"name":"Home","item":"https:\/\/www.arcom.be\/"},{"@type":"ListItem","position":2,"name":"Brandbeveiliging","item":"https:\/\/www.arcom.be\/fr\/brandbeveiliging\/"},{"@type":"ListItem","position":3,"name":"Adresseerbare branddetectie"}]},{"@type":"WebSite","@id":"https:\/\/www.arcom.be\/#website","url":"https:\/\/www.arcom.be\/","name":"Arcom Security Solutions","description":"","potentialAction":[{"@type":"SearchAction","target":{"@type":"EntryPoint","urlTemplate":"https:\/\/www.arcom.be\/?s={search_term_string}"},"query-input":"required name=search_term_string"}],"inLanguage":"fr-FR"}]}},"_links":{"self":[{"href":"https:\/\/www.arcom.be\/fr\/wp-json\/wp\/v2\/pages\/423","targetHints":{"allow":["GET"]}}],"collection":[{"href":"https:\/\/www.arcom.be\/fr\/wp-json\/wp\/v2\/pages"}],"about":[{"href":"https:\/\/www.arcom.be\/fr\/wp-json\/wp\/v2\/types\/page"}],"author":[{"embeddable":true,"href":"https:\/\/www.arcom.be\/fr\/wp-json\/wp\/v2\/users\/4"}],"replies":[{"embeddable":true,"href":"https:\/\/www.arcom.be\/fr\/wp-json\/wp\/v2\/comments?post=423"}],"version-history":[{"count":13,"href":"https:\/\/www.arcom.be\/fr\/wp-json\/wp\/v2\/pages\/423\/revisions"}],"predecessor-version":[{"id":1051,"href":"https:\/\/www.arcom.be\/fr\/wp-json\/wp\/v2\/pages\/423\/revisions\/1051"}],"up":[{"embeddable":true,"href":"https:\/\/www.arcom.be\/fr\/wp-json\/wp\/v2\/pages\/299"}],"wp:attachment":[{"href":"https:\/\/www.arcom.be\/fr\/wp-json\/wp\/v2\/media?parent=423"}],"curies":[{"name":"wp","href":"https:\/\/api.w.org\/{rel}","templated":true}]}}