{"id":417,"date":"2021-09-17T10:34:18","date_gmt":"2021-09-17T10:34:18","guid":{"rendered":"http:\/\/preview.arcom.be\/?page_id=417"},"modified":"2022-01-12T10:07:33","modified_gmt":"2022-01-12T10:07:33","slug":"conventionele-branddetectie","status":"publish","type":"page","link":"https:\/\/www.arcom.be\/fr\/brandbeveiliging\/conventionele-branddetectie\/","title":{"rendered":"D\u00e9tection d'incendie conventionnelle"},"content":{"rendered":"<div data-elementor-type=\"wp-page\" data-elementor-id=\"417\" class=\"elementor elementor-417\" data-elementor-post-type=\"page\">\n\t\t\t\t\t\t<section class=\"elementor-section elementor-top-section elementor-element elementor-element-89e0185 elementor-section-full_width elementor-section-height-default elementor-section-height-default\" data-id=\"89e0185\" data-element_type=\"section\">\n\t\t\t\t\t\t<div class=\"elementor-container elementor-column-gap-no\">\n\t\t\t\t\t<div class=\"elementor-column elementor-col-100 elementor-top-column elementor-element elementor-element-264c5e4\" data-id=\"264c5e4\" data-element_type=\"column\">\n\t\t\t<div class=\"elementor-widget-wrap elementor-element-populated\">\n\t\t\t\t\t\t<div class=\"elementor-element elementor-element-8e08c24 elementor-widget elementor-widget-template\" data-id=\"8e08c24\" data-element_type=\"widget\" data-widget_type=\"template.default\">\n\t\t\t\t<div class=\"elementor-widget-container\">\n\t\t\t\t\t<div class=\"elementor-template\">\n\t\t\t\t\t<div data-elementor-type=\"section\" data-elementor-id=\"62\" class=\"elementor elementor-62\" data-elementor-post-type=\"elementor_library\">\n\t\t\t\t\t<section class=\"elementor-section elementor-top-section elementor-element elementor-element-3c6fa49d elementor-section-height-min-height elementor-section-boxed elementor-section-height-default elementor-section-items-middle\" data-id=\"3c6fa49d\" data-element_type=\"section\" data-settings=\"{&quot;background_background&quot;:&quot;classic&quot;}\">\n\t\t\t\t\t\t\t<div class=\"elementor-background-overlay\"><\/div>\n\t\t\t\t\t\t\t<div class=\"elementor-container elementor-column-gap-default\">\n\t\t\t\t\t<div class=\"elementor-column elementor-col-100 elementor-top-column elementor-element elementor-element-78a30155\" data-id=\"78a30155\" data-element_type=\"column\">\n\t\t\t<div class=\"elementor-widget-wrap elementor-element-populated\">\n\t\t\t\t\t\t<div class=\"elementor-element elementor-element-712bc72a elementor-align-center elementor-widget elementor-widget-breadcrumbs\" data-id=\"712bc72a\" data-element_type=\"widget\" data-widget_type=\"breadcrumbs.default\">\n\t\t\t\t<div class=\"elementor-widget-container\">\n\t\t\t<p id=\"breadcrumbs\"><span><span><a href=\"https:\/\/www.arcom.be\/fr\/\">Home<\/a><\/span><\/span><\/p>\t\t<\/div>\n\t\t\t\t<\/div>\n\t\t\t\t\t<\/div>\n\t\t<\/div>\n\t\t\t\t\t<\/div>\n\t\t<\/section>\n\t\t\t\t<\/div>\n\t\t\t\t<\/div>\n\t\t\t\t<\/div>\n\t\t\t\t<\/div>\n\t\t\t\t\t<\/div>\n\t\t<\/div>\n\t\t\t\t\t<\/div>\n\t\t<\/section>\n\t\t\t\t<section class=\"elementor-section elementor-top-section elementor-element elementor-element-f9df6a3 elementor-section-boxed elementor-section-height-default elementor-section-height-default\" data-id=\"f9df6a3\" data-element_type=\"section\">\n\t\t\t\t\t\t<div class=\"elementor-container elementor-column-gap-default\">\n\t\t\t\t\t<div class=\"elementor-column elementor-col-100 elementor-top-column elementor-element elementor-element-1280750\" data-id=\"1280750\" data-element_type=\"column\">\n\t\t\t<div class=\"elementor-widget-wrap elementor-element-populated\">\n\t\t\t\t\t\t<section class=\"elementor-section elementor-inner-section elementor-element elementor-element-f7940c3 elementor-section-boxed elementor-section-height-default elementor-section-height-default\" data-id=\"f7940c3\" data-element_type=\"section\">\n\t\t\t\t\t\t<div class=\"elementor-container elementor-column-gap-default\">\n\t\t\t\t\t<div class=\"elementor-column elementor-col-50 elementor-inner-column elementor-element elementor-element-9a0beaf\" data-id=\"9a0beaf\" data-element_type=\"column\">\n\t\t\t<div class=\"elementor-widget-wrap elementor-element-populated\">\n\t\t\t\t\t\t<div class=\"elementor-element elementor-element-e3dce11 elementor-skin-slideshow elementor-widget elementor-widget-media-carousel\" data-id=\"e3dce11\" data-element_type=\"widget\" data-settings=\"{&quot;skin&quot;:&quot;slideshow&quot;,&quot;centered_slides&quot;:&quot;yes&quot;,&quot;speed&quot;:1000,&quot;slideshow_slides_per_view_mobile&quot;:&quot;3&quot;,&quot;effect&quot;:&quot;slide&quot;,&quot;autoplay&quot;:&quot;yes&quot;,&quot;autoplay_speed&quot;:5000,&quot;loop&quot;:&quot;yes&quot;,&quot;pause_on_hover&quot;:&quot;yes&quot;,&quot;pause_on_interaction&quot;:&quot;yes&quot;,&quot;space_between&quot;:{&quot;unit&quot;:&quot;px&quot;,&quot;size&quot;:10,&quot;sizes&quot;:[]},&quot;space_between_tablet&quot;:{&quot;unit&quot;:&quot;px&quot;,&quot;size&quot;:10,&quot;sizes&quot;:[]},&quot;space_between_mobile&quot;:{&quot;unit&quot;:&quot;px&quot;,&quot;size&quot;:10,&quot;sizes&quot;:[]}}\" data-widget_type=\"media-carousel.default\">\n\t\t\t\t<div class=\"elementor-widget-container\">\n\t\t\t\t\t<div class=\"elementor-swiper\">\n\t\t\t<div class=\"elementor-main-swiper swiper-container\">\n\t\t\t\t<div class=\"swiper-wrapper\">\n\t\t\t\t\t\t\t\t\t\t\t<div class=\"swiper-slide\">\n\t\t\t\t\t\t\t\t\t<div class=\"elementor-carousel-image\" role=\"img\" aria-label=\"bosch-conventioneel163x180\" style=\"background-image: url(&#039;https:\/\/www.arcom.be\/wp-content\/uploads\/2021\/09\/bosch-conventioneel163x180.jpg&#039;)\">\n\n\t\t\t\n\t\t\t\t\t<\/div>\n\t\t\t\t\t\t\t\t<\/div>\n\t\t\t\t\t\t\t\t\t<\/div>\n\t\t\t\t\t\t\t<\/div>\n\t\t<\/div>\n\t\t\t\t<\/div>\n\t\t\t\t<\/div>\n\t\t\t\t\t<\/div>\n\t\t<\/div>\n\t\t\t\t<div class=\"elementor-column elementor-col-50 elementor-inner-column elementor-element elementor-element-e803372\" data-id=\"e803372\" data-element_type=\"column\">\n\t\t\t<div class=\"elementor-widget-wrap elementor-element-populated\">\n\t\t\t\t\t\t<div class=\"elementor-element elementor-element-55868d7 elementor-widget elementor-widget-heading\" data-id=\"55868d7\" data-element_type=\"widget\" data-widget_type=\"heading.default\">\n\t\t\t\t<div class=\"elementor-widget-container\">\n\t\t\t<h2 class=\"elementor-heading-title elementor-size-default\">Details<\/h2>\t\t<\/div>\n\t\t\t\t<\/div>\n\t\t\t\t<div class=\"elementor-element elementor-element-cdb7a06 elementor-widget elementor-widget-text-editor\" data-id=\"cdb7a06\" data-element_type=\"widget\" data-widget_type=\"text-editor.default\">\n\t\t\t\t<div class=\"elementor-widget-container\">\n\t\t\t\t\t\t\t<p><span id=\"u97852\">O<\/span>p deze centrales heeft men de mogelijkheid tot het aansluiten van meerdere detectoren (optische en\/of thermische), sirenes\u00a0 en drukknoppen. Bij een conventionele centrale plaatst men een aantal detectoren of drukknoppen op een kring (zone). Elke zone heeft zijn identificatie.<\/p>\t\t\t\t\t\t<\/div>\n\t\t\t\t<\/div>\n\t\t\t\t\t<\/div>\n\t\t<\/div>\n\t\t\t\t\t<\/div>\n\t\t<\/section>\n\t\t\t\t\t<\/div>\n\t\t<\/div>\n\t\t\t\t\t<\/div>\n\t\t<\/section>\n\t\t\t\t<section class=\"elementor-section elementor-top-section elementor-element elementor-element-a48393a elementor-section-boxed elementor-section-height-default elementor-section-height-default\" data-id=\"a48393a\" data-element_type=\"section\">\n\t\t\t\t\t\t<div class=\"elementor-container elementor-column-gap-default\">\n\t\t\t\t\t<div class=\"elementor-column elementor-col-100 elementor-top-column elementor-element elementor-element-3997343\" data-id=\"3997343\" data-element_type=\"column\">\n\t\t\t<div class=\"elementor-widget-wrap elementor-element-populated\">\n\t\t\t\t\t\t<section class=\"elementor-section elementor-inner-section elementor-element elementor-element-0be3892 elementor-section-content-middle elementor-section-boxed elementor-section-height-default elementor-section-height-default\" data-id=\"0be3892\" data-element_type=\"section\">\n\t\t\t\t\t\t<div class=\"elementor-container elementor-column-gap-default\">\n\t\t\t\t\t<div class=\"elementor-column elementor-col-100 elementor-inner-column elementor-element elementor-element-f91a2ea\" data-id=\"f91a2ea\" data-element_type=\"column\">\n\t\t\t<div class=\"elementor-widget-wrap elementor-element-populated\">\n\t\t\t\t\t\t<div class=\"elementor-element elementor-element-cd68e87 elementor-widget elementor-widget-heading\" data-id=\"cd68e87\" data-element_type=\"widget\" data-widget_type=\"heading.default\">\n\t\t\t\t<div class=\"elementor-widget-container\">\n\t\t\t<h2 class=\"elementor-heading-title elementor-size-default\">D\u00e9tection d'incendie conventionnelle<\/h2>\t\t<\/div>\n\t\t\t\t<\/div>\n\t\t\t\t<div class=\"elementor-element elementor-element-9d13775 elementor-widget elementor-widget-text-editor\" data-id=\"9d13775\" data-element_type=\"widget\" data-widget_type=\"text-editor.default\">\n\t\t\t\t<div class=\"elementor-widget-container\">\n\t\t\t\t\t\t\t<div id=\"pu28927-4\" class=\"clearfix grpelem shared_content\" data-content-guid=\"pu28927-4_content\"><div id=\"u28936-43\" class=\"clearfix colelem shared_content\" data-muse-uid=\"U28936\" data-muse-type=\"txt_frame\" data-ibe-flags=\"txtStyleSrc\" data-content-guid=\"u28936-43_content\"><div id=\"ppu6960\" class=\"clearfix grpelem\"><div id=\"u98126-47\" class=\"clearfix colelem shared_content\" data-muse-uid=\"U98126\" data-muse-type=\"txt_frame\" data-ibe-flags=\"txtStyleSrc\" data-sizepolicy=\"fluidWidth\" data-pintopage=\"page_fixedCenter\" data-content-guid=\"u98126-47_content\"><p id=\"u98126-3\"><span id=\"u98126\">Uw <\/span>woning en goederen beschermen tegen brand is geen overbodige luxe.\u00a0<\/p><p><span id=\"u98126-4\">Z<\/span>ich beveiligen tegen brand kan al met een kleine uitbreiding op uw inbraakcentrale. De eventuele doormelding via de meldkamer zorgt ervoor dat men direct wordt gewaarschuwd. <br \/><span id=\"u98126-6\">Daarnaast<\/span> hebben we ook <span id=\"u98126-8\">B<\/span>osec gekeurde autonome brandmelders met een lithuim batterij die een levensduur van 10 jaar hebben. <span id=\"u98126-10\">D<\/span>eze detectoren zijn snel en simpel door uzelf te plaatsen.<\/p><p id=\"u98126-22\"><span id=\"u98126-14\">W<\/span>ij leveren en plaatsen een groot assortiment van conventionele brand meldings- en detectiesystemen die voldoen aan de geldende <span id=\"u98126-16\">B<\/span>elgische en\u00a0<span id=\"u98126-18\">E<\/span>uropese normeringen.\u00a0<span id=\"u98126-20\">D<\/span>e detectie gebeurt door optische of thermische detectoren.<\/p><p id=\"u98126-27\" class=\" translation-block\">Protection contre l\u2019incendie: PME<\/p><p id=\"u98126-33\" class=\" translation-block\">Pour les petites et moyennes entreprises nous recommandons d\u2019utiliser une centrale d\u2019incendie conventionnelle. plusieurs panneaux r\u00e9p\u00e9titeurs peuvent \u00eatre connect\u00e9s \u00e0 cette centrale.<\/p><p id=\"u98126-39\"><span id=\"u98126-35\">O<\/span>p deze centrales heeft men de mogelijkheid tot het aansluiten van meerdere detectoren (optische en\/of thermische), sirenes\u00a0 en drukknoppen. <span id=\"u98126-37\">B<\/span>ij een conventionele centrale plaatst men een aantal detectoren\u00a0 of drukknoppen op een kring (zone), elke zone heeft zijn identificatie.<\/p><p id=\"u98126-45\"><span id=\"u98126-41\">W<\/span>ij werken enkel met Bosec gekeurde systemen en plaatsen conventionele centrales met 2 tot 16 zones.<\/p><\/div><\/div><\/div><\/div>\t\t\t\t\t\t<\/div>\n\t\t\t\t<\/div>\n\t\t\t\t\t<\/div>\n\t\t<\/div>\n\t\t\t\t\t<\/div>\n\t\t<\/section>\n\t\t\t\t\t<\/div>\n\t\t<\/div>\n\t\t\t\t\t<\/div>\n\t\t<\/section>\n\t\t\t\t<\/div>","protected":false},"excerpt":{"rendered":"<p>Details Op deze centrales heeft men de mogelijkheid tot het aansluiten van meerdere detectoren (optische en\/of thermische), sirenes\u00a0 en drukknoppen. Bij een conventionele centrale plaatst men een aantal detectoren of drukknoppen op een kring (zone). Elke zone heeft zijn identificatie. Conventionele branddetectie Uw woning en goederen beschermen tegen brand is geen overbodige luxe.\u00a0 Zich beveiligen [&hellip;]<\/p>","protected":false},"author":4,"featured_media":0,"parent":299,"menu_order":0,"comment_status":"closed","ping_status":"closed","template":"","meta":{"footnotes":""},"class_list":["post-417","page","type-page","status-publish","hentry"],"yoast_head":"<!-- This site is optimized with the Yoast SEO plugin v22.1 - https:\/\/yoast.com\/wordpress\/plugins\/seo\/ -->\r\n<title>Conventionele branddetectie - Arcom Security Solutions<\/title>\r\n<meta name=\"robots\" content=\"index, follow, max-snippet:-1, max-image-preview:large, max-video-preview:-1\" \/>\r\n<link rel=\"canonical\" href=\"https:\/\/www.arcom.be\/fr\/brandbeveiliging\/conventionele-branddetectie\/\" \/>\r\n<meta property=\"og:locale\" content=\"fr_FR\" \/>\r\n<meta property=\"og:type\" content=\"article\" \/>\r\n<meta property=\"og:title\" content=\"Conventionele branddetectie - Arcom Security Solutions\" \/>\r\n<meta property=\"og:description\" content=\"Details Op deze centrales heeft men de mogelijkheid tot het aansluiten van meerdere detectoren (optische en\/of thermische), sirenes\u00a0 en drukknoppen. Bij een conventionele centrale plaatst men een aantal detectoren of drukknoppen op een kring (zone). Elke zone heeft zijn identificatie. Conventionele branddetectie Uw woning en goederen beschermen tegen brand is geen overbodige luxe.\u00a0 Zich beveiligen [&hellip;]\" \/>\r\n<meta property=\"og:url\" content=\"https:\/\/www.arcom.be\/fr\/brandbeveiliging\/conventionele-branddetectie\/\" \/>\r\n<meta property=\"og:site_name\" content=\"Arcom Security Solutions\" \/>\r\n<meta property=\"article:modified_time\" content=\"2022-01-12T10:07:33+00:00\" \/>\r\n<meta name=\"twitter:card\" content=\"summary_large_image\" \/>\r\n<meta name=\"twitter:label1\" content=\"Dur\u00e9e de lecture estim\u00e9e\" \/>\n\t<meta name=\"twitter:data1\" content=\"2 minutes\" \/>\r\n<script type=\"application\/ld+json\" class=\"yoast-schema-graph\">{\"@context\":\"https:\/\/schema.org\",\"@graph\":[{\"@type\":\"WebPage\",\"@id\":\"https:\/\/www.arcom.be\/brandbeveiliging\/conventionele-branddetectie\/\",\"url\":\"https:\/\/www.arcom.be\/brandbeveiliging\/conventionele-branddetectie\/\",\"name\":\"Conventionele branddetectie - Arcom Security Solutions\",\"isPartOf\":{\"@id\":\"https:\/\/www.arcom.be\/#website\"},\"datePublished\":\"2021-09-17T10:34:18+00:00\",\"dateModified\":\"2022-01-12T10:07:33+00:00\",\"breadcrumb\":{\"@id\":\"https:\/\/www.arcom.be\/brandbeveiliging\/conventionele-branddetectie\/#breadcrumb\"},\"inLanguage\":\"fr-FR\",\"potentialAction\":[{\"@type\":\"ReadAction\",\"target\":[\"https:\/\/www.arcom.be\/brandbeveiliging\/conventionele-branddetectie\/\"]}]},{\"@type\":\"BreadcrumbList\",\"@id\":\"https:\/\/www.arcom.be\/brandbeveiliging\/conventionele-branddetectie\/#breadcrumb\",\"itemListElement\":[{\"@type\":\"ListItem\",\"position\":1,\"name\":\"Home\",\"item\":\"https:\/\/www.arcom.be\/\"},{\"@type\":\"ListItem\",\"position\":2,\"name\":\"Brandbeveiliging\",\"item\":\"https:\/\/www.arcom.be\/fr\/brandbeveiliging\/\"},{\"@type\":\"ListItem\",\"position\":3,\"name\":\"Conventionele branddetectie\"}]},{\"@type\":\"WebSite\",\"@id\":\"https:\/\/www.arcom.be\/#website\",\"url\":\"https:\/\/www.arcom.be\/\",\"name\":\"Arcom Security Solutions\",\"description\":\"\",\"potentialAction\":[{\"@type\":\"SearchAction\",\"target\":{\"@type\":\"EntryPoint\",\"urlTemplate\":\"https:\/\/www.arcom.be\/?s={search_term_string}\"},\"query-input\":\"required name=search_term_string\"}],\"inLanguage\":\"fr-FR\"}]}<\/script>\r\n<!-- \/ Yoast SEO plugin. -->","yoast_head_json":{"title":"Conventionele branddetectie - Arcom Security Solutions","robots":{"index":"index","follow":"follow","max-snippet":"max-snippet:-1","max-image-preview":"max-image-preview:large","max-video-preview":"max-video-preview:-1"},"canonical":"https:\/\/www.arcom.be\/fr\/brandbeveiliging\/conventionele-branddetectie\/","og_locale":"fr_FR","og_type":"article","og_title":"Conventionele branddetectie - Arcom Security Solutions","og_description":"Details Op deze centrales heeft men de mogelijkheid tot het aansluiten van meerdere detectoren (optische en\/of thermische), sirenes\u00a0 en drukknoppen. Bij een conventionele centrale plaatst men een aantal detectoren of drukknoppen op een kring (zone). Elke zone heeft zijn identificatie. Conventionele branddetectie Uw woning en goederen beschermen tegen brand is geen overbodige luxe.\u00a0 Zich beveiligen [&hellip;]","og_url":"https:\/\/www.arcom.be\/fr\/brandbeveiliging\/conventionele-branddetectie\/","og_site_name":"Arcom Security Solutions","article_modified_time":"2022-01-12T10:07:33+00:00","twitter_card":"summary_large_image","twitter_misc":{"Dur\u00e9e de lecture estim\u00e9e":"2 minutes"},"schema":{"@context":"https:\/\/schema.org","@graph":[{"@type":"WebPage","@id":"https:\/\/www.arcom.be\/brandbeveiliging\/conventionele-branddetectie\/","url":"https:\/\/www.arcom.be\/brandbeveiliging\/conventionele-branddetectie\/","name":"Conventionele branddetectie - Arcom Security Solutions","isPartOf":{"@id":"https:\/\/www.arcom.be\/#website"},"datePublished":"2021-09-17T10:34:18+00:00","dateModified":"2022-01-12T10:07:33+00:00","breadcrumb":{"@id":"https:\/\/www.arcom.be\/brandbeveiliging\/conventionele-branddetectie\/#breadcrumb"},"inLanguage":"fr-FR","potentialAction":[{"@type":"ReadAction","target":["https:\/\/www.arcom.be\/brandbeveiliging\/conventionele-branddetectie\/"]}]},{"@type":"BreadcrumbList","@id":"https:\/\/www.arcom.be\/brandbeveiliging\/conventionele-branddetectie\/#breadcrumb","itemListElement":[{"@type":"ListItem","position":1,"name":"Home","item":"https:\/\/www.arcom.be\/"},{"@type":"ListItem","position":2,"name":"Brandbeveiliging","item":"https:\/\/www.arcom.be\/fr\/brandbeveiliging\/"},{"@type":"ListItem","position":3,"name":"Conventionele branddetectie"}]},{"@type":"WebSite","@id":"https:\/\/www.arcom.be\/#website","url":"https:\/\/www.arcom.be\/","name":"Arcom Security Solutions","description":"","potentialAction":[{"@type":"SearchAction","target":{"@type":"EntryPoint","urlTemplate":"https:\/\/www.arcom.be\/?s={search_term_string}"},"query-input":"required name=search_term_string"}],"inLanguage":"fr-FR"}]}},"_links":{"self":[{"href":"https:\/\/www.arcom.be\/fr\/wp-json\/wp\/v2\/pages\/417","targetHints":{"allow":["GET"]}}],"collection":[{"href":"https:\/\/www.arcom.be\/fr\/wp-json\/wp\/v2\/pages"}],"about":[{"href":"https:\/\/www.arcom.be\/fr\/wp-json\/wp\/v2\/types\/page"}],"author":[{"embeddable":true,"href":"https:\/\/www.arcom.be\/fr\/wp-json\/wp\/v2\/users\/4"}],"replies":[{"embeddable":true,"href":"https:\/\/www.arcom.be\/fr\/wp-json\/wp\/v2\/comments?post=417"}],"version-history":[{"count":19,"href":"https:\/\/www.arcom.be\/fr\/wp-json\/wp\/v2\/pages\/417\/revisions"}],"predecessor-version":[{"id":1042,"href":"https:\/\/www.arcom.be\/fr\/wp-json\/wp\/v2\/pages\/417\/revisions\/1042"}],"up":[{"embeddable":true,"href":"https:\/\/www.arcom.be\/fr\/wp-json\/wp\/v2\/pages\/299"}],"wp:attachment":[{"href":"https:\/\/www.arcom.be\/fr\/wp-json\/wp\/v2\/media?parent=417"}],"curies":[{"name":"wp","href":"https:\/\/api.w.org\/{rel}","templated":true}]}}