{"id":408,"date":"2021-09-16T06:09:21","date_gmt":"2021-09-16T06:09:21","guid":{"rendered":"http:\/\/preview.arcom.be\/?page_id=408"},"modified":"2022-01-10T13:17:05","modified_gmt":"2022-01-10T13:17:05","slug":"industrie-overheid-2","status":"publish","type":"page","link":"https:\/\/www.arcom.be\/fr\/inbraakbeveiliging\/industrie-overheid-2\/","title":{"rendered":"Industrie &amp; Entreprises publiques"},"content":{"rendered":"<div data-elementor-type=\"wp-page\" data-elementor-id=\"408\" class=\"elementor elementor-408\" data-elementor-post-type=\"page\">\n\t\t\t\t\t\t<section class=\"elementor-section elementor-top-section elementor-element elementor-element-212e380 elementor-section-full_width elementor-section-height-default elementor-section-height-default\" data-id=\"212e380\" data-element_type=\"section\">\n\t\t\t\t\t\t<div class=\"elementor-container elementor-column-gap-no\">\n\t\t\t\t\t<div class=\"elementor-column elementor-col-100 elementor-top-column elementor-element elementor-element-7e710e4\" data-id=\"7e710e4\" data-element_type=\"column\">\n\t\t\t<div class=\"elementor-widget-wrap elementor-element-populated\">\n\t\t\t\t\t\t<div class=\"elementor-element elementor-element-b92fa9c elementor-widget elementor-widget-template\" data-id=\"b92fa9c\" data-element_type=\"widget\" data-widget_type=\"template.default\">\n\t\t\t\t<div class=\"elementor-widget-container\">\n\t\t\t\t\t<div class=\"elementor-template\">\n\t\t\t\t\t<div data-elementor-type=\"section\" data-elementor-id=\"62\" class=\"elementor elementor-62\" data-elementor-post-type=\"elementor_library\">\n\t\t\t\t\t<section class=\"elementor-section elementor-top-section elementor-element elementor-element-3c6fa49d elementor-section-height-min-height elementor-section-boxed elementor-section-height-default elementor-section-items-middle\" data-id=\"3c6fa49d\" data-element_type=\"section\" data-settings=\"{&quot;background_background&quot;:&quot;classic&quot;}\">\n\t\t\t\t\t\t\t<div class=\"elementor-background-overlay\"><\/div>\n\t\t\t\t\t\t\t<div class=\"elementor-container elementor-column-gap-default\">\n\t\t\t\t\t<div class=\"elementor-column elementor-col-100 elementor-top-column elementor-element elementor-element-78a30155\" data-id=\"78a30155\" data-element_type=\"column\">\n\t\t\t<div class=\"elementor-widget-wrap elementor-element-populated\">\n\t\t\t\t\t\t<div class=\"elementor-element elementor-element-712bc72a elementor-align-center elementor-widget elementor-widget-breadcrumbs\" data-id=\"712bc72a\" data-element_type=\"widget\" data-widget_type=\"breadcrumbs.default\">\n\t\t\t\t<div class=\"elementor-widget-container\">\n\t\t\t<p id=\"breadcrumbs\"><span><span><a href=\"https:\/\/www.arcom.be\/fr\/\">Home<\/a><\/span><\/span><\/p>\t\t<\/div>\n\t\t\t\t<\/div>\n\t\t\t\t\t<\/div>\n\t\t<\/div>\n\t\t\t\t\t<\/div>\n\t\t<\/section>\n\t\t\t\t<\/div>\n\t\t\t\t<\/div>\n\t\t\t\t<\/div>\n\t\t\t\t<\/div>\n\t\t\t\t\t<\/div>\n\t\t<\/div>\n\t\t\t\t\t<\/div>\n\t\t<\/section>\n\t\t\t\t<section class=\"elementor-section elementor-top-section elementor-element elementor-element-60ceffb elementor-section-boxed elementor-section-height-default elementor-section-height-default\" data-id=\"60ceffb\" data-element_type=\"section\">\n\t\t\t\t\t\t<div class=\"elementor-container elementor-column-gap-default\">\n\t\t\t\t\t<div class=\"elementor-column elementor-col-100 elementor-top-column elementor-element elementor-element-4d3f8e3\" data-id=\"4d3f8e3\" data-element_type=\"column\">\n\t\t\t<div class=\"elementor-widget-wrap elementor-element-populated\">\n\t\t\t\t\t\t<section class=\"elementor-section elementor-inner-section elementor-element elementor-element-60a3529 elementor-section-boxed elementor-section-height-default elementor-section-height-default\" data-id=\"60a3529\" data-element_type=\"section\">\n\t\t\t\t\t\t<div class=\"elementor-container elementor-column-gap-default\">\n\t\t\t\t\t<div class=\"elementor-column elementor-col-50 elementor-inner-column elementor-element elementor-element-5da5b6e\" data-id=\"5da5b6e\" data-element_type=\"column\">\n\t\t\t<div class=\"elementor-widget-wrap elementor-element-populated\">\n\t\t\t\t\t\t<div class=\"elementor-element elementor-element-090d31d elementor-skin-slideshow elementor-widget elementor-widget-media-carousel\" data-id=\"090d31d\" data-element_type=\"widget\" data-settings=\"{&quot;skin&quot;:&quot;slideshow&quot;,&quot;speed&quot;:1000,&quot;slideshow_slides_per_view_mobile&quot;:&quot;3&quot;,&quot;slideshow_slides_per_view&quot;:&quot;4&quot;,&quot;effect&quot;:&quot;slide&quot;,&quot;autoplay&quot;:&quot;yes&quot;,&quot;autoplay_speed&quot;:5000,&quot;loop&quot;:&quot;yes&quot;,&quot;pause_on_hover&quot;:&quot;yes&quot;,&quot;pause_on_interaction&quot;:&quot;yes&quot;,&quot;space_between&quot;:{&quot;unit&quot;:&quot;px&quot;,&quot;size&quot;:10,&quot;sizes&quot;:[]},&quot;space_between_tablet&quot;:{&quot;unit&quot;:&quot;px&quot;,&quot;size&quot;:10,&quot;sizes&quot;:[]},&quot;space_between_mobile&quot;:{&quot;unit&quot;:&quot;px&quot;,&quot;size&quot;:10,&quot;sizes&quot;:[]}}\" data-widget_type=\"media-carousel.default\">\n\t\t\t\t<div class=\"elementor-widget-container\">\n\t\t\t\t\t<div class=\"elementor-swiper\">\n\t\t\t<div class=\"elementor-main-swiper swiper-container\">\n\t\t\t\t<div class=\"swiper-wrapper\">\n\t\t\t\t\t\t\t\t\t\t\t<div class=\"swiper-slide\">\n\t\t\t\t\t\t\t\t\t<div class=\"elementor-carousel-image\" role=\"img\" aria-label=\"forklift-835340_1280-crop-u32892\" style=\"background-image: url(&#039;https:\/\/www.arcom.be\/wp-content\/uploads\/2021\/09\/forklift-835340_1280-crop-u32892.jpg&#039;)\">\n\n\t\t\t\n\t\t\t\t\t<\/div>\n\t\t\t\t\t\t\t\t<\/div>\n\t\t\t\t\t\t\t\t\t\t\t<div class=\"swiper-slide\">\n\t\t\t\t\t\t\t\t\t<div class=\"elementor-carousel-image\" role=\"img\" aria-label=\"alarmsysteem\" style=\"background-image: url(&#039;https:\/\/www.arcom.be\/wp-content\/uploads\/2021\/09\/alarmsysteem.jpg&#039;)\">\n\n\t\t\t\n\t\t\t\t\t<\/div>\n\t\t\t\t\t\t\t\t<\/div>\n\t\t\t\t\t\t\t\t\t\t\t<div class=\"swiper-slide\">\n\t\t\t\t\t\t\t\t\t<div class=\"elementor-carousel-image\" role=\"img\" aria-label=\"buitensirene2\" style=\"background-image: url(&#039;https:\/\/www.arcom.be\/wp-content\/uploads\/2021\/09\/buitensirene2.jpg&#039;)\">\n\n\t\t\t\n\t\t\t\t\t<\/div>\n\t\t\t\t\t\t\t\t<\/div>\n\t\t\t\t\t\t\t\t\t\t\t<div class=\"swiper-slide\">\n\t\t\t\t\t\t\t\t\t<div class=\"elementor-carousel-image\" role=\"img\" aria-label=\"c520-d-e1-crop-u12814\" style=\"background-image: url(&#039;https:\/\/www.arcom.be\/wp-content\/uploads\/2021\/09\/c520-d-e1-crop-u12814.jpg&#039;)\">\n\n\t\t\t\n\t\t\t\t\t<\/div>\n\t\t\t\t\t\t\t\t<\/div>\n\t\t\t\t\t\t\t\t\t<\/div>\n\t\t\t\t\t\t\t\t\t\t\t\t\t\t\t\t\t\t\t\t\t<\/div>\n\t\t<\/div>\n\t\t\t\t<div class=\"elementor-swiper\">\n\t\t\t<div class=\"elementor-thumbnails-swiper swiper-container\">\n\t\t\t\t<div class=\"swiper-wrapper\">\n\t\t\t\t\t\t\t\t\t\t\t<div class=\"swiper-slide\">\n\t\t\t\t\t\t\t\t\t<div class=\"elementor-carousel-image\" role=\"img\" aria-label=\"forklift-835340_1280-crop-u32892\" style=\"background-image: url(&#039;https:\/\/www.arcom.be\/wp-content\/uploads\/2021\/09\/forklift-835340_1280-crop-u32892.jpg&#039;)\">\n\n\t\t\t\n\t\t\t\t\t<\/div>\n\t\t\t\t\t\t\t\t<\/div>\n\t\t\t\t\t\t\t\t\t\t\t<div class=\"swiper-slide\">\n\t\t\t\t\t\t\t\t\t<div class=\"elementor-carousel-image\" role=\"img\" aria-label=\"alarmsysteem\" style=\"background-image: url(&#039;https:\/\/www.arcom.be\/wp-content\/uploads\/2021\/09\/alarmsysteem.jpg&#039;)\">\n\n\t\t\t\n\t\t\t\t\t<\/div>\n\t\t\t\t\t\t\t\t<\/div>\n\t\t\t\t\t\t\t\t\t\t\t<div class=\"swiper-slide\">\n\t\t\t\t\t\t\t\t\t<div class=\"elementor-carousel-image\" role=\"img\" aria-label=\"buitensirene2\" style=\"background-image: url(&#039;https:\/\/www.arcom.be\/wp-content\/uploads\/2021\/09\/buitensirene2.jpg&#039;)\">\n\n\t\t\t\n\t\t\t\t\t<\/div>\n\t\t\t\t\t\t\t\t<\/div>\n\t\t\t\t\t\t\t\t\t\t\t<div class=\"swiper-slide\">\n\t\t\t\t\t\t\t\t\t<div class=\"elementor-carousel-image\" role=\"img\" aria-label=\"c520-d-e1-crop-u12814\" style=\"background-image: url(&#039;https:\/\/www.arcom.be\/wp-content\/uploads\/2021\/09\/c520-d-e1-crop-u12814.jpg&#039;)\">\n\n\t\t\t\n\t\t\t\t\t<\/div>\n\t\t\t\t\t\t\t\t<\/div>\n\t\t\t\t\t\t\t\t\t<\/div>\n\t\t\t\t\t\t\t\t\t\t\t\t\t\t\t\t\t\t\t\t\t<\/div>\n\t\t<\/div>\n\t\t\t\t<\/div>\n\t\t\t\t<\/div>\n\t\t\t\t\t<\/div>\n\t\t<\/div>\n\t\t\t\t<div class=\"elementor-column elementor-col-50 elementor-inner-column elementor-element elementor-element-4d067ee\" data-id=\"4d067ee\" data-element_type=\"column\">\n\t\t\t<div class=\"elementor-widget-wrap elementor-element-populated\">\n\t\t\t\t\t\t<div class=\"elementor-element elementor-element-568850d elementor-widget elementor-widget-heading\" data-id=\"568850d\" data-element_type=\"widget\" data-widget_type=\"heading.default\">\n\t\t\t\t<div class=\"elementor-widget-container\">\n\t\t\t<h2 class=\"elementor-heading-title elementor-size-default\">Industrie &amp; Entreprises Publiques<\/h2>\t\t<\/div>\n\t\t\t\t<\/div>\n\t\t\t\t<div class=\"elementor-element elementor-element-d6996b2 elementor-widget elementor-widget-text-editor\" data-id=\"d6996b2\" data-element_type=\"widget\" data-widget_type=\"text-editor.default\">\n\t\t\t\t<div class=\"elementor-widget-container\">\n\t\t\t\t\t\t\t<div id=\"pu28927-4\" class=\"clearfix grpelem shared_content\" data-content-guid=\"pu28927-4_content\"><div id=\"u28936-43\" class=\"clearfix colelem shared_content\" data-muse-uid=\"U28936\" data-muse-type=\"txt_frame\" data-ibe-flags=\"txtStyleSrc\" data-content-guid=\"u28936-43_content\"><div id=\"u91490-23\" class=\"clearfix colelem shared_content\" data-muse-uid=\"U91490\" data-muse-type=\"txt_frame\" data-ibe-flags=\"txtStyleSrc\" data-sizepolicy=\"fluidWidth\" data-pintopage=\"page_fixedCenter\" data-leftadjustmentdoneby=\"pu91497-4\" data-content-guid=\"u91490-23_content\"><p id=\"u91490-2\"><span style=\"color: #d9031f;\">INSTALLATION:<\/span><\/p><ul id=\"u168016-9\" class=\"list0 nls-None\"><li id=\"u168016-8\">Honeywell:<br \/><ul id=\"u168016-7\" class=\"list1\"><li id=\"u168016-6\">Galaxy GD Dimension<\/li><\/ul><\/li><\/ul><hr \/><\/div><div id=\"u91496-43\" class=\"clearfix colelem shared_content\" data-muse-uid=\"U91496\" data-muse-type=\"txt_frame\" data-ibe-flags=\"txtStyleSrc\" data-sizepolicy=\"fluidWidth\" data-pintopage=\"page_fixedCenter\" data-leftadjustmentdoneby=\"pu91497-4\" data-content-guid=\"u91496-43_content\"><p><span id=\"u91496\" style=\"color: #d9031f;\">ENTRETIEN:<\/span><\/p><ul id=\"u167924-39\" class=\"list0 nls-None\"><li>Ademco:<br \/><ul id=\"u167924-8\" class=\"list1\"><li id=\"u167924-7\">Galaxy<\/li><\/ul><\/li><li>Honeywell:<br \/><ul id=\"u167924-17\" class=\"list1\"><li id=\"u167924-12\">Galaxy<\/li><li id=\"u167924-14\">Galaxy GD Dimension<\/li><li id=\"u167924-16\">\u00a0Flex<\/li><\/ul><\/li><li>Bosch: Volledige gamma:<br \/><ul id=\"u167924-22\" class=\"list1\"><li id=\"u167924-21\">DS7090 \u2013 7100 -7080-7400XI-7200<\/li><\/ul><\/li><li>Aritech:<br \/><ul id=\"u167924-31\" class=\"list1\"><li id=\"u167924-26\">CD-reeks<\/li><li id=\"u167924-28\">Cs-reeks<\/li><li id=\"u167924-30\">Advisor Advanced reeks<\/li><\/ul><\/li><li>Networx NX8 reeks<\/li><li>Visonic\u00a0<\/li><li>Powermax gamma<\/li><\/ul><hr \/><\/div><\/div><\/div>\t\t\t\t\t\t<\/div>\n\t\t\t\t<\/div>\n\t\t\t\t<div class=\"elementor-element elementor-element-2fabb4e elementor-widget elementor-widget-heading\" data-id=\"2fabb4e\" data-element_type=\"widget\" data-widget_type=\"heading.default\">\n\t\t\t\t<div class=\"elementor-widget-container\">\n\t\t\t<h2 class=\"elementor-heading-title elementor-size-default\">Details<\/h2>\t\t<\/div>\n\t\t\t\t<\/div>\n\t\t\t\t<div class=\"elementor-element elementor-element-54fe921 elementor-widget elementor-widget-text-editor\" data-id=\"54fe921\" data-element_type=\"widget\" data-widget_type=\"text-editor.default\">\n\t\t\t\t<div class=\"elementor-widget-container\">\n\t\t\t\t\t\t\t<p><span id=\"u168009\">E<\/span>Une solution unique et completement integree avec la flexibilite qui repond a tous vos besoins d\u2019affaires;<\/p>\t\t\t\t\t\t<\/div>\n\t\t\t\t<\/div>\n\t\t\t\t\t<\/div>\n\t\t<\/div>\n\t\t\t\t\t<\/div>\n\t\t<\/section>\n\t\t\t\t\t<\/div>\n\t\t<\/div>\n\t\t\t\t\t<\/div>\n\t\t<\/section>\n\t\t\t\t<section class=\"elementor-section elementor-top-section elementor-element elementor-element-d3b42f9 elementor-section-boxed elementor-section-height-default elementor-section-height-default\" data-id=\"d3b42f9\" data-element_type=\"section\">\n\t\t\t\t\t\t<div class=\"elementor-container elementor-column-gap-default\">\n\t\t\t\t\t<div class=\"elementor-column elementor-col-100 elementor-top-column elementor-element elementor-element-c185fec\" data-id=\"c185fec\" data-element_type=\"column\">\n\t\t\t<div class=\"elementor-widget-wrap elementor-element-populated\">\n\t\t\t\t\t\t<div class=\"elementor-element elementor-element-ea13c47 elementor-widget elementor-widget-jet-tabs\" data-id=\"ea13c47\" data-element_type=\"widget\" data-settings=\"{&quot;tabs_position_mobile&quot;:&quot;top&quot;,&quot;tabs_position&quot;:&quot;top&quot;}\" data-widget_type=\"jet-tabs.default\">\n\t\t\t\t<div class=\"elementor-widget-container\">\n\t\t\t\n\t\t<div class=\"jet-tabs jet-tabs-position-top jet-tabs-move-up-effect\" data-settings=\"{&quot;activeIndex&quot;:0,&quot;event&quot;:&quot;click&quot;,&quot;autoSwitch&quot;:false,&quot;autoSwitchDelay&quot;:3000,&quot;ajaxTemplate&quot;:false,&quot;tabsPosition&quot;:&quot;top&quot;,&quot;switchScrolling&quot;:false,&quot;switchScrollingOffset&quot;:0}\">\n\t\t\t<div class=\"jet-tabs__control-wrapper\" \trole=\"tablist\">\n\t\t\t\t<div id=\"jet-tabs-control-2451\" class=\"jet-tabs__control jet-tabs__control-icon-left elementor-menu-anchor active-tab\" data-tab=\"1\" tabindex=\"0\" role=\"tab\" aria-controls=\"jet-tabs-content-2451\" aria-expanded=\"true\" data-template-id=\"false\"><div class=\"jet-tabs__control-inner\"><div class=\"jet-tabs__label-text\">GALAXY CENTRALE VAN HONEWELL<\/div><\/div><\/div>\t\t\t<\/div>\n\t\t\t<div class=\"jet-tabs__content-wrapper\">\n\t\t\t\t<div id=\"jet-tabs-content-2451\" class=\"jet-tabs__content active-content\" data-tab=\"1\" role=\"tabpanel\" aria-hidden=\"false\" data-template-id=\"false\"><p id=\"u167962-2\"><span style=\"color: #ff0000;\"><strong>De\u00a0 Galaxy centrale van Honewell<\/strong><\/span><\/p><p id=\"u167962-7\">&#8221; <span id=\"u167962-5\">H<\/span>oneywell galaxy gen3\u00a0 inbraakbescherming en toegangscontrole: een unieke en volledig ge\u00efntegreerde oplossing met de flexibiliteit die voldoet\u00a0 aan al uw zakelijke behoeften&#8221;<\/p><p id=\"u167962-12\"><strong>Maak van uw beveiliging een toegevoegde waarde,\u00a0 geen last!\u00a0<\/strong><\/p><p><em>Wat is Galaxy\u00a0 Dimension?<\/em><br \/>De Galaxy\u00a0 Dimension is een veelzijdige beveiligingsoplossing met\u00a0 naadloos ge\u00efntegreerde inbraak- en toegangscontrolefuncties.\u00a0 Wat voor zaken u ook doet, het juiste beschermingsniveau voor uw mensen en eigendommen is essentieel. Tenslotte kan een\u00a0 diefstal een serieuze bedreiging zijn voor uw netto resultaat\u2026 <br \/>De Galaxy\u00a0\u00a0 Dimension\u00a0 is\u00a0 voorzien\u00a0 van\u00a0 draadloze mogelijkheden met een volledige serie randapparaten.\u00a0 Met de Galaxy\u00a0 Dimension biedt Honeywell u een beveiligings-\u00a0 oplossing waarop u kunt vertrouwen. Door de toonaangevende technologie kent het systeem een onge\u00ebvenaarde flexibiliteit en functionaliteit en biedt het een toegevoegde waarde.\u00a0\u00a0 Upgraden hoeft niet duur te zijn. Door een\u00a0 eenvoudige\u00a0 uitwisseling\u00a0 kan\u00a0 de Galaxy\u00a0\u00a0 Dimension\u00a0 uw\u00a0 bestaande systeem eenvoudig vervangen, snel en eenvoudig.\u00a0\u00a0 Ons veilige hulpprogramma voor beheer op afstand laat het systeem zelfstandig\u00a0\u00a0 functioneren!\u00a0 Zelfcontrolerend en rechtstreeks met de technicus communicerend, dus servicebezoeken aan locaties worden minimaal.<\/p><p id=\"u167962-15\"><span style=\"color: #ff0000;\"><strong>Fonctions essentielles de la Galaxy Dimension?<\/strong><\/span><\/p><ul id=\"u167962-47\" class=\"list0 nls-None\"><li id=\"u167962-18\">Syst\u00e8me int\u00e9gr\u00e9 de contr\u00f4le d\u2019acc\u00e8s et anti-intrusion<\/li><li id=\"u167962-20\">Jusqu\u2019\u00e0 32* groupes prot\u00e9g\u00e9es ind\u00e9pendantes<\/li><li id=\"u167962-22\">Jusqu\u2019\u00e0 520* zones de d\u00e9tection !<\/li><li id=\"u167962-24\">Jusqu\u2019\u00e0 196 zones sans fil !<\/li><li id=\"u167962-26\">Options avec ou sans fil disponibles<\/li><li id=\"u167962-28\">Compatible avec le module V-Plex<\/li><li id=\"u167962-30\">Jusqu\u2019\u00e0 32* claviers pris en charge<\/li><li>Ondersteuning voor grafisch bediendeel met\u00a0 touchscreen (tot 4*)<\/li><li id=\"u167962-32\">Gebeurtenislogboeken voor toegangscontrole en inbraakbeveiliging (tot 1000 en 1500 gebeurtenissen\u00a0 respectievelijk)<\/li><li id=\"u167962-34\">Prise en charge de diff\u00e9rentes options de communications (PSTN, ISDN, Ethernet)<\/li><li id=\"u167962-36\">Jusqu\u2019\u00e0 32* canaux de v\u00e9rification audio (canaux \u00e9couteurs)<\/li><li id=\"u167962-38\">L\u2019option logicielle \u00e0 distance \u2018Management Suite\u2019 et \u2018User Management Suite\u2019 prend en charge la gamme compl\u00e8te de Galaxy.<\/li><li id=\"u167962-40\">Solution de gestion centralis\u00e9e depuis un seul PC<\/li><li id=\"u167962-42\">Protocole d\u2019interface am\u00e9lior\u00e9 pour l\u2019int\u00e9gration du syst\u00e8me\u00a0\u00a0<\/li><li id=\"u167962-44\">Conformit\u00e9 aux normes europ\u00e9ennes et NF&amp;A2P type 3 (d\u00e9tection intrusion et contr\u00f4le d\u2019acc\u00e8s) en vigueur<\/li><li id=\"u167962-46\">Compl\u00e8tement compatible avec les s\u00e9ries existantes de Galaxy<\/li><\/ul><\/div>\t\t\t<\/div>\n\t\t<\/div>\n\t\t\t\t<\/div>\n\t\t\t\t<\/div>\n\t\t\t\t\t<\/div>\n\t\t<\/div>\n\t\t\t\t\t<\/div>\n\t\t<\/section>\n\t\t\t\t<\/div>","protected":false},"excerpt":{"rendered":"<p>Industrie &#038; Overheid INSTALLATIE: Honeywell: Galaxy GD Dimension ONDERHOUD: Ademco: Galaxy Honeywell: Galaxy Galaxy GD Dimension \u00a0Flex Bosch: Volledige gamma: DS7090 \u2013 7100 -7080-7400XI-7200 Aritech: CD-reeks Cs-reeks Advisor Advanced reeks Networx NX8 reeks Visonic\u00a0 Powermax gamma Details Een unieke en volledig ge\u00efntegreerde oplossing met de flexibiliteit die voldoet\u00a0 aan al uw zakelijke behoeften. GALAXY CENTRALE [&hellip;]<\/p>","protected":false},"author":4,"featured_media":0,"parent":266,"menu_order":0,"comment_status":"closed","ping_status":"closed","template":"","meta":{"footnotes":""},"class_list":["post-408","page","type-page","status-publish","hentry"],"yoast_head":"<!-- This site is optimized with the Yoast SEO plugin v22.1 - https:\/\/yoast.com\/wordpress\/plugins\/seo\/ -->\r\n<title>Industrie &amp; overheid - Arcom Security Solutions<\/title>\r\n<meta name=\"robots\" content=\"index, follow, max-snippet:-1, max-image-preview:large, max-video-preview:-1\" \/>\r\n<link rel=\"canonical\" href=\"https:\/\/www.arcom.be\/fr\/inbraakbeveiliging\/industrie-overheid-2\/\" \/>\r\n<meta property=\"og:locale\" content=\"fr_FR\" \/>\r\n<meta property=\"og:type\" content=\"article\" \/>\r\n<meta property=\"og:title\" content=\"Industrie &amp; overheid - Arcom Security Solutions\" \/>\r\n<meta property=\"og:description\" content=\"Industrie &#038; Overheid INSTALLATIE: Honeywell: Galaxy GD Dimension ONDERHOUD: Ademco: Galaxy Honeywell: Galaxy Galaxy GD Dimension \u00a0Flex Bosch: Volledige gamma: DS7090 \u2013 7100 -7080-7400XI-7200 Aritech: CD-reeks Cs-reeks Advisor Advanced reeks Networx NX8 reeks Visonic\u00a0 Powermax gamma Details Een unieke en volledig ge\u00efntegreerde oplossing met de flexibiliteit die voldoet\u00a0 aan al uw zakelijke behoeften. GALAXY CENTRALE [&hellip;]\" \/>\r\n<meta property=\"og:url\" content=\"https:\/\/www.arcom.be\/fr\/inbraakbeveiliging\/industrie-overheid-2\/\" \/>\r\n<meta property=\"og:site_name\" content=\"Arcom Security Solutions\" \/>\r\n<meta property=\"article:modified_time\" content=\"2022-01-10T13:17:05+00:00\" \/>\r\n<meta name=\"twitter:card\" content=\"summary_large_image\" \/>\r\n<meta name=\"twitter:label1\" content=\"Dur\u00e9e de lecture estim\u00e9e\" \/>\n\t<meta name=\"twitter:data1\" content=\"2 minutes\" \/>\r\n<script type=\"application\/ld+json\" class=\"yoast-schema-graph\">{\"@context\":\"https:\/\/schema.org\",\"@graph\":[{\"@type\":\"WebPage\",\"@id\":\"https:\/\/www.arcom.be\/inbraakbeveiliging\/industrie-overheid-2\/\",\"url\":\"https:\/\/www.arcom.be\/inbraakbeveiliging\/industrie-overheid-2\/\",\"name\":\"Industrie & overheid - Arcom Security Solutions\",\"isPartOf\":{\"@id\":\"https:\/\/www.arcom.be\/#website\"},\"datePublished\":\"2021-09-16T06:09:21+00:00\",\"dateModified\":\"2022-01-10T13:17:05+00:00\",\"breadcrumb\":{\"@id\":\"https:\/\/www.arcom.be\/inbraakbeveiliging\/industrie-overheid-2\/#breadcrumb\"},\"inLanguage\":\"fr-FR\",\"potentialAction\":[{\"@type\":\"ReadAction\",\"target\":[\"https:\/\/www.arcom.be\/inbraakbeveiliging\/industrie-overheid-2\/\"]}]},{\"@type\":\"BreadcrumbList\",\"@id\":\"https:\/\/www.arcom.be\/inbraakbeveiliging\/industrie-overheid-2\/#breadcrumb\",\"itemListElement\":[{\"@type\":\"ListItem\",\"position\":1,\"name\":\"Home\",\"item\":\"https:\/\/www.arcom.be\/\"},{\"@type\":\"ListItem\",\"position\":2,\"name\":\"Inbraakbeveiliging\",\"item\":\"https:\/\/www.arcom.be\/inbraakbeveiliging\/\"},{\"@type\":\"ListItem\",\"position\":3,\"name\":\"Industrie &#038; overheid\"}]},{\"@type\":\"WebSite\",\"@id\":\"https:\/\/www.arcom.be\/#website\",\"url\":\"https:\/\/www.arcom.be\/\",\"name\":\"Arcom Security Solutions\",\"description\":\"\",\"potentialAction\":[{\"@type\":\"SearchAction\",\"target\":{\"@type\":\"EntryPoint\",\"urlTemplate\":\"https:\/\/www.arcom.be\/?s={search_term_string}\"},\"query-input\":\"required name=search_term_string\"}],\"inLanguage\":\"fr-FR\"}]}<\/script>\r\n<!-- \/ Yoast SEO plugin. -->","yoast_head_json":{"title":"Industrie & overheid - Arcom Security Solutions","robots":{"index":"index","follow":"follow","max-snippet":"max-snippet:-1","max-image-preview":"max-image-preview:large","max-video-preview":"max-video-preview:-1"},"canonical":"https:\/\/www.arcom.be\/fr\/inbraakbeveiliging\/industrie-overheid-2\/","og_locale":"fr_FR","og_type":"article","og_title":"Industrie & overheid - Arcom Security Solutions","og_description":"Industrie &#038; Overheid INSTALLATIE: Honeywell: Galaxy GD Dimension ONDERHOUD: Ademco: Galaxy Honeywell: Galaxy Galaxy GD Dimension \u00a0Flex Bosch: Volledige gamma: DS7090 \u2013 7100 -7080-7400XI-7200 Aritech: CD-reeks Cs-reeks Advisor Advanced reeks Networx NX8 reeks Visonic\u00a0 Powermax gamma Details Een unieke en volledig ge\u00efntegreerde oplossing met de flexibiliteit die voldoet\u00a0 aan al uw zakelijke behoeften. GALAXY CENTRALE [&hellip;]","og_url":"https:\/\/www.arcom.be\/fr\/inbraakbeveiliging\/industrie-overheid-2\/","og_site_name":"Arcom Security Solutions","article_modified_time":"2022-01-10T13:17:05+00:00","twitter_card":"summary_large_image","twitter_misc":{"Dur\u00e9e de lecture estim\u00e9e":"2 minutes"},"schema":{"@context":"https:\/\/schema.org","@graph":[{"@type":"WebPage","@id":"https:\/\/www.arcom.be\/inbraakbeveiliging\/industrie-overheid-2\/","url":"https:\/\/www.arcom.be\/inbraakbeveiliging\/industrie-overheid-2\/","name":"Industrie & overheid - Arcom Security Solutions","isPartOf":{"@id":"https:\/\/www.arcom.be\/#website"},"datePublished":"2021-09-16T06:09:21+00:00","dateModified":"2022-01-10T13:17:05+00:00","breadcrumb":{"@id":"https:\/\/www.arcom.be\/inbraakbeveiliging\/industrie-overheid-2\/#breadcrumb"},"inLanguage":"fr-FR","potentialAction":[{"@type":"ReadAction","target":["https:\/\/www.arcom.be\/inbraakbeveiliging\/industrie-overheid-2\/"]}]},{"@type":"BreadcrumbList","@id":"https:\/\/www.arcom.be\/inbraakbeveiliging\/industrie-overheid-2\/#breadcrumb","itemListElement":[{"@type":"ListItem","position":1,"name":"Home","item":"https:\/\/www.arcom.be\/"},{"@type":"ListItem","position":2,"name":"Inbraakbeveiliging","item":"https:\/\/www.arcom.be\/inbraakbeveiliging\/"},{"@type":"ListItem","position":3,"name":"Industrie &#038; overheid"}]},{"@type":"WebSite","@id":"https:\/\/www.arcom.be\/#website","url":"https:\/\/www.arcom.be\/","name":"Arcom Security Solutions","description":"","potentialAction":[{"@type":"SearchAction","target":{"@type":"EntryPoint","urlTemplate":"https:\/\/www.arcom.be\/?s={search_term_string}"},"query-input":"required name=search_term_string"}],"inLanguage":"fr-FR"}]}},"_links":{"self":[{"href":"https:\/\/www.arcom.be\/fr\/wp-json\/wp\/v2\/pages\/408","targetHints":{"allow":["GET"]}}],"collection":[{"href":"https:\/\/www.arcom.be\/fr\/wp-json\/wp\/v2\/pages"}],"about":[{"href":"https:\/\/www.arcom.be\/fr\/wp-json\/wp\/v2\/types\/page"}],"author":[{"embeddable":true,"href":"https:\/\/www.arcom.be\/fr\/wp-json\/wp\/v2\/users\/4"}],"replies":[{"embeddable":true,"href":"https:\/\/www.arcom.be\/fr\/wp-json\/wp\/v2\/comments?post=408"}],"version-history":[{"count":37,"href":"https:\/\/www.arcom.be\/fr\/wp-json\/wp\/v2\/pages\/408\/revisions"}],"predecessor-version":[{"id":1008,"href":"https:\/\/www.arcom.be\/fr\/wp-json\/wp\/v2\/pages\/408\/revisions\/1008"}],"up":[{"embeddable":true,"href":"https:\/\/www.arcom.be\/fr\/wp-json\/wp\/v2\/pages\/266"}],"wp:attachment":[{"href":"https:\/\/www.arcom.be\/fr\/wp-json\/wp\/v2\/media?parent=408"}],"curies":[{"name":"wp","href":"https:\/\/api.w.org\/{rel}","templated":true}]}}