{"id":322,"date":"2021-09-15T11:21:45","date_gmt":"2021-09-15T11:21:45","guid":{"rendered":"http:\/\/preview.arcom.be\/?page_id=322"},"modified":"2022-01-14T13:48:24","modified_gmt":"2022-01-14T13:48:24","slug":"onze-service-afdeling","status":"publish","type":"page","link":"https:\/\/www.arcom.be\/fr\/onze-service-afdeling\/","title":{"rendered":"Notre d\u00e9partement service"},"content":{"rendered":"<div data-elementor-type=\"wp-page\" data-elementor-id=\"322\" class=\"elementor elementor-322\" data-elementor-post-type=\"page\">\n\t\t\t\t\t\t<section class=\"elementor-section elementor-top-section elementor-element elementor-element-4f91859 elementor-section-full_width elementor-section-height-default elementor-section-height-default\" data-id=\"4f91859\" data-element_type=\"section\">\n\t\t\t\t\t\t<div class=\"elementor-container elementor-column-gap-no\">\n\t\t\t\t\t<div class=\"elementor-column elementor-col-100 elementor-top-column elementor-element elementor-element-51c2e52\" data-id=\"51c2e52\" data-element_type=\"column\">\n\t\t\t<div class=\"elementor-widget-wrap elementor-element-populated\">\n\t\t\t\t\t\t<div class=\"elementor-element elementor-element-b2ecd15 elementor-widget elementor-widget-template\" data-id=\"b2ecd15\" data-element_type=\"widget\" data-widget_type=\"template.default\">\n\t\t\t\t<div class=\"elementor-widget-container\">\n\t\t\t\t\t<div class=\"elementor-template\">\n\t\t\t\t\t<div data-elementor-type=\"section\" data-elementor-id=\"62\" class=\"elementor elementor-62\" data-elementor-post-type=\"elementor_library\">\n\t\t\t\t\t<section class=\"elementor-section elementor-top-section elementor-element elementor-element-3c6fa49d elementor-section-height-min-height elementor-section-boxed elementor-section-height-default elementor-section-items-middle\" data-id=\"3c6fa49d\" data-element_type=\"section\" data-settings=\"{&quot;background_background&quot;:&quot;classic&quot;}\">\n\t\t\t\t\t\t\t<div class=\"elementor-background-overlay\"><\/div>\n\t\t\t\t\t\t\t<div class=\"elementor-container elementor-column-gap-default\">\n\t\t\t\t\t<div class=\"elementor-column elementor-col-100 elementor-top-column elementor-element elementor-element-78a30155\" data-id=\"78a30155\" data-element_type=\"column\">\n\t\t\t<div class=\"elementor-widget-wrap elementor-element-populated\">\n\t\t\t\t\t\t<div class=\"elementor-element elementor-element-712bc72a elementor-align-center elementor-widget elementor-widget-breadcrumbs\" data-id=\"712bc72a\" data-element_type=\"widget\" data-widget_type=\"breadcrumbs.default\">\n\t\t\t\t<div class=\"elementor-widget-container\">\n\t\t\t<p id=\"breadcrumbs\"><span><span><a href=\"https:\/\/www.arcom.be\/fr\/\">Home<\/a><\/span><\/span><\/p>\t\t<\/div>\n\t\t\t\t<\/div>\n\t\t\t\t\t<\/div>\n\t\t<\/div>\n\t\t\t\t\t<\/div>\n\t\t<\/section>\n\t\t\t\t<\/div>\n\t\t\t\t<\/div>\n\t\t\t\t<\/div>\n\t\t\t\t<\/div>\n\t\t\t\t\t<\/div>\n\t\t<\/div>\n\t\t\t\t\t<\/div>\n\t\t<\/section>\n\t\t\t\t<section class=\"elementor-section elementor-top-section elementor-element elementor-element-c5f87eb elementor-section-full_width elementor-section-height-default elementor-section-height-default\" data-id=\"c5f87eb\" data-element_type=\"section\">\n\t\t\t\t\t\t<div class=\"elementor-container elementor-column-gap-default\">\n\t\t\t\t\t<div class=\"elementor-column elementor-col-100 elementor-top-column elementor-element elementor-element-894d40c\" data-id=\"894d40c\" data-element_type=\"column\">\n\t\t\t<div class=\"elementor-widget-wrap elementor-element-populated\">\n\t\t\t\t\t\t<section class=\"elementor-section elementor-inner-section elementor-element elementor-element-f238217 elementor-section-content-middle elementor-section-boxed elementor-section-height-default elementor-section-height-default\" data-id=\"f238217\" data-element_type=\"section\">\n\t\t\t\t\t\t<div class=\"elementor-container elementor-column-gap-default\">\n\t\t\t\t\t<div class=\"elementor-column elementor-col-50 elementor-inner-column elementor-element elementor-element-c5ff7b7\" data-id=\"c5ff7b7\" data-element_type=\"column\">\n\t\t\t<div class=\"elementor-widget-wrap elementor-element-populated\">\n\t\t\t\t\t\t<div class=\"elementor-element elementor-element-28d4043 elementor-widget elementor-widget-heading\" data-id=\"28d4043\" data-element_type=\"widget\" data-widget_type=\"heading.default\">\n\t\t\t\t<div class=\"elementor-widget-container\">\n\t\t\t<h2 class=\"elementor-heading-title elementor-size-default\">Notre d\u00e9partement service\n<\/h2>\t\t<\/div>\n\t\t\t\t<\/div>\n\t\t\t\t<div class=\"elementor-element elementor-element-86495cd elementor-widget elementor-widget-text-editor\" data-id=\"86495cd\" data-element_type=\"widget\" data-widget_type=\"text-editor.default\">\n\t\t\t\t<div class=\"elementor-widget-container\">\n\t\t\t\t\t\t\t<div id=\"pu28927-4\" class=\"clearfix grpelem shared_content\" data-content-guid=\"pu28927-4_content\"><div id=\"u28936-43\" class=\"clearfix colelem shared_content\" data-muse-uid=\"U28936\" data-muse-type=\"txt_frame\" data-ibe-flags=\"txtStyleSrc\" data-content-guid=\"u28936-43_content\"><p id=\"u103558-6\">Onze service afdeling staat in voor zowel het\u00a0<span id=\"u103558-2\">jaarlijkse onderhoud<\/span>\u00a0van uw beveiliging alsook voor\u00a0<span id=\"u103558-4\">eventuele wijzigingen en uitbreidingen<\/span>. Alle techniekers werden zorgvuldig geselecteerd en voldoen zowel aan de hoogste opleidingseisen alsook\u00a0 aan de criteria opgelegd door het Ministerie van Binnenlandse zaken. Onze techniekers beschikken over de vereiste opleidingsattesten en een attest van goed gedrag.<\/p><p>Toutes les activit\u00e9s r\u00e9alis\u00e9es dans notre entreprise, allant d\u2019installation \u00e0 entretien, sont effectu\u00e9es par notre propre personnel.<\/p><p id=\"u103558-12\">Tevens kunnen wij probleemloos de meeste bestaande installaties overnemen en onderhouden .<\/p><p><strong>La soci\u00e9t\u00e9 dispose des agr\u00e9ments et des labels de qualit\u00e9 suivants:<\/strong><\/p><ul id=\"u103558-40\" class=\"list0 nls-None\"><li id=\"u103558-19\">Minist\u00e8re de l\u2019Int\u00e9rieur<\/li><li id=\"u103558-21\">Entreprise de s\u00e9curit\u00e9 agr\u00e9\u00e9e : no. 20.1298.12<\/li><li id=\"u103558-23\">Consultant en s\u00e9curit\u00e9 agr\u00e9\u00e9 : no. 75404 g\u00e9rant d\u2019affaires)<\/li><li id=\"u103558-25\">INCERT (Intrusion &amp; Certification) No: B-1587<\/li><li id=\"u103558-27\">Installateur \u00e9lectrotechnique agr\u00e9\u00e9<\/li><li id=\"u103558-29\">Erkend aannemer van werken\u00a0 nr 30.209\u00a0 : Klasse 1 categorie P1 (Elektrische installaties)<\/li><\/ul><p><strong>Membres des f\u00e9d\u00e9rations professionnelles suivantes:<\/strong><\/p><ul id=\"u103558-40\" class=\"list0 nls-None\"><li id=\"u103558-33\">Fedelec<\/li><li id=\"u103558-35\">Alia<\/li><li id=\"u103558-37\">Confederatie Bouw<\/li><li id=\"u103558-39\"><span id=\"u103558-38\">Unizo<\/span><\/li><\/ul><\/div><\/div>\t\t\t\t\t\t<\/div>\n\t\t\t\t<\/div>\n\t\t\t\t\t<\/div>\n\t\t<\/div>\n\t\t\t\t<div class=\"elementor-column elementor-col-50 elementor-inner-column elementor-element elementor-element-2da4150\" data-id=\"2da4150\" data-element_type=\"column\">\n\t\t\t<div class=\"elementor-widget-wrap elementor-element-populated\">\n\t\t\t\t\t\t<div class=\"elementor-element elementor-element-82f25a5 elementor-widget elementor-widget-image\" data-id=\"82f25a5\" data-element_type=\"widget\" data-widget_type=\"image.default\">\n\t\t\t\t<div class=\"elementor-widget-container\">\n\t\t\t\t\t\t\t\t\t\t\t\t\t<img fetchpriority=\"high\" decoding=\"async\" width=\"555\" height=\"398\" src=\"https:\/\/www.arcom.be\/wp-content\/uploads\/2021\/09\/arcom_servicewagen-crop-u28942.png\" class=\"attachment-large size-large wp-image-123\" alt=\"\" srcset=\"https:\/\/www.arcom.be\/wp-content\/uploads\/2021\/09\/arcom_servicewagen-crop-u28942.png 555w, https:\/\/www.arcom.be\/wp-content\/uploads\/2021\/09\/arcom_servicewagen-crop-u28942-300x215.png 300w\" sizes=\"(max-width: 555px) 100vw, 555px\" \/>\t\t\t\t\t\t\t\t\t\t\t\t\t<\/div>\n\t\t\t\t<\/div>\n\t\t\t\t\t<\/div>\n\t\t<\/div>\n\t\t\t\t\t<\/div>\n\t\t<\/section>\n\t\t\t\t\t<\/div>\n\t\t<\/div>\n\t\t\t\t\t<\/div>\n\t\t<\/section>\n\t\t\t\t<\/div>","protected":false},"excerpt":{"rendered":"<p>Onze service afdeling Onze service afdeling staat in voor zowel het\u00a0jaarlijkse onderhoud\u00a0van uw beveiliging alsook voor\u00a0eventuele wijzigingen en uitbreidingen. Alle techniekers werden zorgvuldig geselecteerd en voldoen zowel aan de hoogste opleidingseisen alsook\u00a0 aan de criteria opgelegd door het Ministerie van Binnenlandse zaken. Onze techniekers beschikken over de vereiste opleidingsattesten en een attest van goed gedrag. [&hellip;]<\/p>","protected":false},"author":4,"featured_media":0,"parent":0,"menu_order":0,"comment_status":"closed","ping_status":"closed","template":"","meta":{"footnotes":""},"class_list":["post-322","page","type-page","status-publish","hentry"],"yoast_head":"<!-- This site is optimized with the Yoast SEO plugin v22.1 - https:\/\/yoast.com\/wordpress\/plugins\/seo\/ -->\r\n<title>Onze service afdeling - Arcom Security Solutions<\/title>\r\n<meta name=\"robots\" content=\"index, follow, max-snippet:-1, max-image-preview:large, max-video-preview:-1\" \/>\r\n<link rel=\"canonical\" href=\"https:\/\/www.arcom.be\/fr\/onze-service-afdeling\/\" \/>\r\n<meta property=\"og:locale\" content=\"fr_FR\" \/>\r\n<meta property=\"og:type\" content=\"article\" \/>\r\n<meta property=\"og:title\" content=\"Onze service afdeling - Arcom Security Solutions\" \/>\r\n<meta property=\"og:description\" content=\"Onze service afdeling Onze service afdeling staat in voor zowel het\u00a0jaarlijkse onderhoud\u00a0van uw beveiliging alsook voor\u00a0eventuele wijzigingen en uitbreidingen. Alle techniekers werden zorgvuldig geselecteerd en voldoen zowel aan de hoogste opleidingseisen alsook\u00a0 aan de criteria opgelegd door het Ministerie van Binnenlandse zaken. Onze techniekers beschikken over de vereiste opleidingsattesten en een attest van goed gedrag. [&hellip;]\" \/>\r\n<meta property=\"og:url\" content=\"https:\/\/www.arcom.be\/fr\/onze-service-afdeling\/\" \/>\r\n<meta property=\"og:site_name\" content=\"Arcom Security Solutions\" \/>\r\n<meta property=\"article:modified_time\" content=\"2022-01-14T13:48:24+00:00\" \/>\r\n<meta property=\"og:image\" content=\"https:\/\/www.arcom.be\/wp-content\/uploads\/2021\/09\/arcom_servicewagen-crop-u28942.png\" \/>\r\n<meta name=\"twitter:card\" content=\"summary_large_image\" \/>\r\n<meta name=\"twitter:label1\" content=\"Dur\u00e9e de lecture estim\u00e9e\" \/>\n\t<meta name=\"twitter:data1\" content=\"1 minute\" \/>\r\n<script type=\"application\/ld+json\" class=\"yoast-schema-graph\">{\"@context\":\"https:\/\/schema.org\",\"@graph\":[{\"@type\":\"WebPage\",\"@id\":\"https:\/\/www.arcom.be\/onze-service-afdeling\/\",\"url\":\"https:\/\/www.arcom.be\/onze-service-afdeling\/\",\"name\":\"Onze service afdeling - Arcom Security Solutions\",\"isPartOf\":{\"@id\":\"https:\/\/www.arcom.be\/#website\"},\"datePublished\":\"2021-09-15T11:21:45+00:00\",\"dateModified\":\"2022-01-14T13:48:24+00:00\",\"breadcrumb\":{\"@id\":\"https:\/\/www.arcom.be\/onze-service-afdeling\/#breadcrumb\"},\"inLanguage\":\"fr-FR\",\"potentialAction\":[{\"@type\":\"ReadAction\",\"target\":[\"https:\/\/www.arcom.be\/onze-service-afdeling\/\"]}]},{\"@type\":\"BreadcrumbList\",\"@id\":\"https:\/\/www.arcom.be\/onze-service-afdeling\/#breadcrumb\",\"itemListElement\":[{\"@type\":\"ListItem\",\"position\":1,\"name\":\"Home\",\"item\":\"https:\/\/www.arcom.be\/\"},{\"@type\":\"ListItem\",\"position\":2,\"name\":\"Onze service afdeling\"}]},{\"@type\":\"WebSite\",\"@id\":\"https:\/\/www.arcom.be\/#website\",\"url\":\"https:\/\/www.arcom.be\/\",\"name\":\"Arcom Security Solutions\",\"description\":\"\",\"potentialAction\":[{\"@type\":\"SearchAction\",\"target\":{\"@type\":\"EntryPoint\",\"urlTemplate\":\"https:\/\/www.arcom.be\/?s={search_term_string}\"},\"query-input\":\"required name=search_term_string\"}],\"inLanguage\":\"fr-FR\"}]}<\/script>\r\n<!-- \/ Yoast SEO plugin. -->","yoast_head_json":{"title":"Onze service afdeling - Arcom Security Solutions","robots":{"index":"index","follow":"follow","max-snippet":"max-snippet:-1","max-image-preview":"max-image-preview:large","max-video-preview":"max-video-preview:-1"},"canonical":"https:\/\/www.arcom.be\/fr\/onze-service-afdeling\/","og_locale":"fr_FR","og_type":"article","og_title":"Onze service afdeling - Arcom Security Solutions","og_description":"Onze service afdeling Onze service afdeling staat in voor zowel het\u00a0jaarlijkse onderhoud\u00a0van uw beveiliging alsook voor\u00a0eventuele wijzigingen en uitbreidingen. Alle techniekers werden zorgvuldig geselecteerd en voldoen zowel aan de hoogste opleidingseisen alsook\u00a0 aan de criteria opgelegd door het Ministerie van Binnenlandse zaken. Onze techniekers beschikken over de vereiste opleidingsattesten en een attest van goed gedrag. [&hellip;]","og_url":"https:\/\/www.arcom.be\/fr\/onze-service-afdeling\/","og_site_name":"Arcom Security Solutions","article_modified_time":"2022-01-14T13:48:24+00:00","og_image":[{"url":"https:\/\/www.arcom.be\/wp-content\/uploads\/2021\/09\/arcom_servicewagen-crop-u28942.png"}],"twitter_card":"summary_large_image","twitter_misc":{"Dur\u00e9e de lecture estim\u00e9e":"1 minute"},"schema":{"@context":"https:\/\/schema.org","@graph":[{"@type":"WebPage","@id":"https:\/\/www.arcom.be\/onze-service-afdeling\/","url":"https:\/\/www.arcom.be\/onze-service-afdeling\/","name":"Onze service afdeling - Arcom Security Solutions","isPartOf":{"@id":"https:\/\/www.arcom.be\/#website"},"datePublished":"2021-09-15T11:21:45+00:00","dateModified":"2022-01-14T13:48:24+00:00","breadcrumb":{"@id":"https:\/\/www.arcom.be\/onze-service-afdeling\/#breadcrumb"},"inLanguage":"fr-FR","potentialAction":[{"@type":"ReadAction","target":["https:\/\/www.arcom.be\/onze-service-afdeling\/"]}]},{"@type":"BreadcrumbList","@id":"https:\/\/www.arcom.be\/onze-service-afdeling\/#breadcrumb","itemListElement":[{"@type":"ListItem","position":1,"name":"Home","item":"https:\/\/www.arcom.be\/"},{"@type":"ListItem","position":2,"name":"Onze service afdeling"}]},{"@type":"WebSite","@id":"https:\/\/www.arcom.be\/#website","url":"https:\/\/www.arcom.be\/","name":"Arcom Security Solutions","description":"","potentialAction":[{"@type":"SearchAction","target":{"@type":"EntryPoint","urlTemplate":"https:\/\/www.arcom.be\/?s={search_term_string}"},"query-input":"required name=search_term_string"}],"inLanguage":"fr-FR"}]}},"_links":{"self":[{"href":"https:\/\/www.arcom.be\/fr\/wp-json\/wp\/v2\/pages\/322","targetHints":{"allow":["GET"]}}],"collection":[{"href":"https:\/\/www.arcom.be\/fr\/wp-json\/wp\/v2\/pages"}],"about":[{"href":"https:\/\/www.arcom.be\/fr\/wp-json\/wp\/v2\/types\/page"}],"author":[{"embeddable":true,"href":"https:\/\/www.arcom.be\/fr\/wp-json\/wp\/v2\/users\/4"}],"replies":[{"embeddable":true,"href":"https:\/\/www.arcom.be\/fr\/wp-json\/wp\/v2\/comments?post=322"}],"version-history":[{"count":10,"href":"https:\/\/www.arcom.be\/fr\/wp-json\/wp\/v2\/pages\/322\/revisions"}],"predecessor-version":[{"id":1085,"href":"https:\/\/www.arcom.be\/fr\/wp-json\/wp\/v2\/pages\/322\/revisions\/1085"}],"wp:attachment":[{"href":"https:\/\/www.arcom.be\/fr\/wp-json\/wp\/v2\/media?parent=322"}],"curies":[{"name":"wp","href":"https:\/\/api.w.org\/{rel}","templated":true}]}}