{"id":313,"date":"2021-09-15T11:18:56","date_gmt":"2021-09-15T11:18:56","guid":{"rendered":"http:\/\/preview.arcom.be\/?page_id=313"},"modified":"2022-01-14T13:28:23","modified_gmt":"2022-01-14T13:28:23","slug":"toegangscontrole","status":"publish","type":"page","link":"https:\/\/www.arcom.be\/fr\/toegangscontrole\/","title":{"rendered":"Contr\u00f4le d\u2019acc\u00e8s"},"content":{"rendered":"<div data-elementor-type=\"wp-page\" data-elementor-id=\"313\" class=\"elementor elementor-313\" data-elementor-post-type=\"page\">\n\t\t\t\t\t\t<section class=\"elementor-section elementor-top-section elementor-element elementor-element-b30563a elementor-section-full_width elementor-section-height-default elementor-section-height-default\" data-id=\"b30563a\" data-element_type=\"section\">\n\t\t\t\t\t\t<div class=\"elementor-container elementor-column-gap-no\">\n\t\t\t\t\t<div class=\"elementor-column elementor-col-100 elementor-top-column elementor-element elementor-element-d3ac9c4\" data-id=\"d3ac9c4\" data-element_type=\"column\">\n\t\t\t<div class=\"elementor-widget-wrap elementor-element-populated\">\n\t\t\t\t\t\t<div class=\"elementor-element elementor-element-16ebf0e elementor-widget elementor-widget-template\" data-id=\"16ebf0e\" data-element_type=\"widget\" data-widget_type=\"template.default\">\n\t\t\t\t<div class=\"elementor-widget-container\">\n\t\t\t\t\t<div class=\"elementor-template\">\n\t\t\t\t\t<div data-elementor-type=\"section\" data-elementor-id=\"62\" class=\"elementor elementor-62\" data-elementor-post-type=\"elementor_library\">\n\t\t\t\t\t<section class=\"elementor-section elementor-top-section elementor-element elementor-element-3c6fa49d elementor-section-height-min-height elementor-section-boxed elementor-section-height-default elementor-section-items-middle\" data-id=\"3c6fa49d\" data-element_type=\"section\" data-settings=\"{&quot;background_background&quot;:&quot;classic&quot;}\">\n\t\t\t\t\t\t\t<div class=\"elementor-background-overlay\"><\/div>\n\t\t\t\t\t\t\t<div class=\"elementor-container elementor-column-gap-default\">\n\t\t\t\t\t<div class=\"elementor-column elementor-col-100 elementor-top-column elementor-element elementor-element-78a30155\" data-id=\"78a30155\" data-element_type=\"column\">\n\t\t\t<div class=\"elementor-widget-wrap elementor-element-populated\">\n\t\t\t\t\t\t<div class=\"elementor-element elementor-element-712bc72a elementor-align-center elementor-widget elementor-widget-breadcrumbs\" data-id=\"712bc72a\" data-element_type=\"widget\" data-widget_type=\"breadcrumbs.default\">\n\t\t\t\t<div class=\"elementor-widget-container\">\n\t\t\t<p id=\"breadcrumbs\"><span><span><a href=\"https:\/\/www.arcom.be\/fr\/\">Home<\/a><\/span><\/span><\/p>\t\t<\/div>\n\t\t\t\t<\/div>\n\t\t\t\t\t<\/div>\n\t\t<\/div>\n\t\t\t\t\t<\/div>\n\t\t<\/section>\n\t\t\t\t<\/div>\n\t\t\t\t<\/div>\n\t\t\t\t<\/div>\n\t\t\t\t<\/div>\n\t\t\t\t\t<\/div>\n\t\t<\/div>\n\t\t\t\t\t<\/div>\n\t\t<\/section>\n\t\t\t\t<section class=\"elementor-section elementor-top-section elementor-element elementor-element-05c28ca elementor-section-boxed elementor-section-height-default elementor-section-height-default\" data-id=\"05c28ca\" data-element_type=\"section\">\n\t\t\t\t\t\t<div class=\"elementor-container elementor-column-gap-default\">\n\t\t\t\t\t<div class=\"elementor-column elementor-col-33 elementor-top-column elementor-element elementor-element-b9d2af2\" data-id=\"b9d2af2\" data-element_type=\"column\">\n\t\t\t<div class=\"elementor-widget-wrap elementor-element-populated\">\n\t\t\t\t\t\t<div class=\"elementor-element elementor-element-4453a9f elementor-nav-menu__text-align-aside elementor-widget elementor-widget-nav-menu\" data-id=\"4453a9f\" data-element_type=\"widget\" data-settings=\"{&quot;layout&quot;:&quot;dropdown&quot;,&quot;submenu_icon&quot;:{&quot;value&quot;:&quot;&lt;i class=\\&quot;fas fa-caret-down\\&quot;&gt;&lt;\\\/i&gt;&quot;,&quot;library&quot;:&quot;fa-solid&quot;}}\" data-widget_type=\"nav-menu.default\">\n\t\t\t\t<div class=\"elementor-widget-container\">\n\t\t\t\t\t\t<nav class=\"elementor-nav-menu--dropdown elementor-nav-menu__container\" aria-hidden=\"true\">\n\t\t\t\t<ul id=\"menu-2-4453a9f\" class=\"elementor-nav-menu\"><li class=\"menu-item menu-item-type-post_type menu-item-object-page menu-item-244\"><a href=\"https:\/\/www.arcom.be\/fr\/diensten\/\" class=\"elementor-item\" tabindex=\"-1\">Alle diensten<\/a><\/li>\n<li class=\"menu-item menu-item-type-post_type menu-item-object-page menu-item-285\"><a href=\"https:\/\/www.arcom.be\/fr\/inbraakbeveiliging\/\" class=\"elementor-item\" tabindex=\"-1\">Syst\u00e8me de s\u00e9curit\u00e9<\/a><\/li>\n<li class=\"menu-item menu-item-type-post_type menu-item-object-page menu-item-296\"><a href=\"https:\/\/www.arcom.be\/fr\/camerabewaking\/\" class=\"elementor-item\" tabindex=\"-1\">Vid\u00e9osurveillance<\/a><\/li>\n<li class=\"menu-item menu-item-type-post_type menu-item-object-page menu-item-307\"><a href=\"https:\/\/www.arcom.be\/fr\/brandbeveiliging\/\" class=\"elementor-item\" tabindex=\"-1\">Syst\u00e8me de protection contre l\u2019incendie<\/a><\/li>\n<li class=\"menu-item menu-item-type-post_type menu-item-object-page menu-item-341\"><a href=\"https:\/\/www.arcom.be\/fr\/omtrekbeveiliging\/\" class=\"elementor-item\" tabindex=\"-1\">Protection p\u00e9rim\u00e9trique ext\u00e9rieure \u00e0 haute tension<\/a><\/li>\n<li class=\"menu-item menu-item-type-post_type menu-item-object-page menu-item-340\"><a href=\"https:\/\/www.arcom.be\/fr\/toegangscontrole\/\" class=\"elementor-item\" tabindex=\"-1\">Contr\u00f4le d\u2019acc\u00e8s<\/a><\/li>\n<li class=\"menu-item menu-item-type-post_type menu-item-object-page menu-item-339\"><a href=\"https:\/\/www.arcom.be\/fr\/onze-service-afdeling\/\" class=\"elementor-item\" tabindex=\"-1\">Service Afdeling<\/a><\/li>\n<\/ul>\t\t\t<\/nav>\n\t\t\t\t<\/div>\n\t\t\t\t<\/div>\n\t\t\t\t\t<\/div>\n\t\t<\/div>\n\t\t\t\t<div class=\"elementor-column elementor-col-66 elementor-top-column elementor-element elementor-element-4d65e16\" data-id=\"4d65e16\" data-element_type=\"column\">\n\t\t\t<div class=\"elementor-widget-wrap elementor-element-populated\">\n\t\t\t\t\t\t<section class=\"elementor-section elementor-inner-section elementor-element elementor-element-af543b4 elementor-section-boxed elementor-section-height-default elementor-section-height-default\" data-id=\"af543b4\" data-element_type=\"section\">\n\t\t\t\t\t\t<div class=\"elementor-container elementor-column-gap-default\">\n\t\t\t\t\t<div class=\"elementor-column elementor-col-33 elementor-inner-column elementor-element elementor-element-0202c5c\" data-id=\"0202c5c\" data-element_type=\"column\">\n\t\t\t<div class=\"elementor-widget-wrap elementor-element-populated\">\n\t\t\t\t\t\t<div class=\"elementor-element elementor-element-c9f6e0c elementor-widget elementor-widget-image\" data-id=\"c9f6e0c\" data-element_type=\"widget\" data-widget_type=\"image.default\">\n\t\t\t\t<div class=\"elementor-widget-container\">\n\t\t\t\t\t\t\t\t\t\t\t\t\t<img decoding=\"async\" width=\"263\" height=\"180\" src=\"https:\/\/www.arcom.be\/wp-content\/uploads\/2021\/09\/siedle-3-crop-u101376.jpg\" class=\"attachment-large size-large wp-image-318\" alt=\"\" \/>\t\t\t\t\t\t\t\t\t\t\t\t\t<\/div>\n\t\t\t\t<\/div>\n\t\t\t\t<div class=\"elementor-element elementor-element-9081cab elementor-align-left elementor-widget elementor-widget-button\" data-id=\"9081cab\" data-element_type=\"widget\" data-widget_type=\"button.default\">\n\t\t\t\t<div class=\"elementor-widget-container\">\n\t\t\t\t\t<div class=\"elementor-button-wrapper\">\n\t\t\t<a class=\"elementor-button elementor-button-link elementor-size-sm\" href=\"https:\/\/www.arcom.be\/fr\/particulieren-2\/\">\n\t\t\t\t\t\t<span class=\"elementor-button-content-wrapper\">\n\t\t\t\t\t\t<span class=\"elementor-button-text\">PARTICULIERS<\/span>\n\t\t<\/span>\n\t\t\t\t\t<\/a>\n\t\t<\/div>\n\t\t\t\t<\/div>\n\t\t\t\t<\/div>\n\t\t\t\t<div class=\"elementor-element elementor-element-cfde452 elementor-widget elementor-widget-text-editor\" data-id=\"cfde452\" data-element_type=\"widget\" data-widget_type=\"text-editor.default\">\n\t\t\t\t<div class=\"elementor-widget-container\">\n\t\t\t\t\t\t\t<div id=\"u102934-4\" class=\"clearfix grpelem\" data-muse-uid=\"U102934\" data-muse-type=\"txt_frame\" data-ibe-flags=\"txtStyleSrc\"><div id=\"u102934-3\"><div id=\"u91355-4\" class=\"clearfix grpelem shared_content\" data-muse-uid=\"U91355\" data-muse-type=\"txt_frame\" data-ibe-flags=\"txtStyleSrc\" data-content-guid=\"u91355-4_content\"><div id=\"u91355-3\"><p>De videodeurtelefoon\u00a0 zorgt mee voor\u00a0 uw veiligheid.<\/p><p>Het gesofisticeerde videofonie systeem geeft u en uw gezin een hoger gevoel van veiligheid.<\/p><p>Homejacking en overvallen kunnen voorkomen worden.<\/p><\/div><\/div><\/div><\/div>\t\t\t\t\t\t<\/div>\n\t\t\t\t<\/div>\n\t\t\t\t<div class=\"elementor-element elementor-element-20e0e0f elementor-absolute elementor-widget elementor-widget-button\" data-id=\"20e0e0f\" data-element_type=\"widget\" data-settings=\"{&quot;_position&quot;:&quot;absolute&quot;}\" data-widget_type=\"button.default\">\n\t\t\t\t<div class=\"elementor-widget-container\">\n\t\t\t\t\t<div class=\"elementor-button-wrapper\">\n\t\t\t<a class=\"elementor-button elementor-button-link elementor-size-sm elementor-animation-skew-forward\" href=\"https:\/\/www.arcom.be\/fr\/particulieren-2\/\">\n\t\t\t\t\t\t<span class=\"elementor-button-content-wrapper\">\n\t\t\t\t\t\t<span class=\"elementor-button-icon elementor-align-icon-right\">\n\t\t\t\t<i aria-hidden=\"true\" class=\"fas fa-chevron-right\"><\/i>\t\t\t<\/span>\n\t\t\t\t\t\t<span class=\"elementor-button-text\">Plus d'info<\/span>\n\t\t<\/span>\n\t\t\t\t\t<\/a>\n\t\t<\/div>\n\t\t\t\t<\/div>\n\t\t\t\t<\/div>\n\t\t\t\t\t<\/div>\n\t\t<\/div>\n\t\t\t\t<div class=\"elementor-column elementor-col-33 elementor-inner-column elementor-element elementor-element-f7095c3\" data-id=\"f7095c3\" data-element_type=\"column\">\n\t\t\t<div class=\"elementor-widget-wrap elementor-element-populated\">\n\t\t\t\t\t\t<div class=\"elementor-element elementor-element-1603738 elementor-widget elementor-widget-image\" data-id=\"1603738\" data-element_type=\"widget\" data-widget_type=\"image.default\">\n\t\t\t\t<div class=\"elementor-widget-container\">\n\t\t\t\t\t\t\t\t\t\t\t\t\t<img fetchpriority=\"high\" decoding=\"async\" width=\"555\" height=\"398\" src=\"https:\/\/www.arcom.be\/wp-content\/uploads\/2021\/09\/toegangscontrole_arcom-crop-u104354-1.jpg\" class=\"attachment-large size-large wp-image-164\" alt=\"\" srcset=\"https:\/\/www.arcom.be\/wp-content\/uploads\/2021\/09\/toegangscontrole_arcom-crop-u104354-1.jpg 555w, https:\/\/www.arcom.be\/wp-content\/uploads\/2021\/09\/toegangscontrole_arcom-crop-u104354-1-300x215.jpg 300w\" sizes=\"(max-width: 555px) 100vw, 555px\" \/>\t\t\t\t\t\t\t\t\t\t\t\t\t<\/div>\n\t\t\t\t<\/div>\n\t\t\t\t<div class=\"elementor-element elementor-element-5a60177 elementor-widget elementor-widget-button\" data-id=\"5a60177\" data-element_type=\"widget\" data-widget_type=\"button.default\">\n\t\t\t\t<div class=\"elementor-widget-container\">\n\t\t\t\t\t<div class=\"elementor-button-wrapper\">\n\t\t\t<a class=\"elementor-button elementor-button-link elementor-size-sm\" href=\"https:\/\/www.arcom.be\/fr\/toegangscontrole\/kmo-industie-overheid\/\">\n\t\t\t\t\t\t<span class=\"elementor-button-content-wrapper\">\n\t\t\t\t\t\t<span class=\"elementor-button-text\">PME, INDUSTRIE ET ENTREPRISES PUBLIQUES<\/span>\n\t\t<\/span>\n\t\t\t\t\t<\/a>\n\t\t<\/div>\n\t\t\t\t<\/div>\n\t\t\t\t<\/div>\n\t\t\t\t<div class=\"elementor-element elementor-element-7512987 elementor-widget elementor-widget-text-editor\" data-id=\"7512987\" data-element_type=\"widget\" data-widget_type=\"text-editor.default\">\n\t\t\t\t<div class=\"elementor-widget-container\">\n\t\t\t\t\t\t\t<div id=\"u12969-4\" class=\"clearfix grpelem shared_content\" data-muse-uid=\"U12969\" data-muse-type=\"txt_frame\" data-ibe-flags=\"txtStyleSrc\" data-content-guid=\"u12969-4_content\"><div id=\"u12969-3\"><div id=\"u102923-4\" class=\"clearfix grpelem\" data-muse-uid=\"U102923\" data-muse-type=\"txt_frame\" data-ibe-flags=\"txtStyleSrc\"><div id=\"u102923-3\"><div id=\"u91349-4\" class=\"clearfix grpelem shared_content\" data-muse-uid=\"U91349\" data-muse-type=\"txt_frame\" data-ibe-flags=\"txtStyleSrc\" data-content-guid=\"u91349-4_content\"><div id=\"u91349-3\"><div id=\"u101378-4\" class=\"clearfix grpelem shared_content\" data-muse-uid=\"U101378\" data-muse-type=\"txt_frame\" data-ibe-flags=\"txtStyleSrc\" data-content-guid=\"u101378-4_content\"><div id=\"u101378-3\"><p>De dag van vandaag heeft elke onderneming\u00a0 nood aan een bepaalde vorm van toegangscontrole. De huidige systemen laten u toe aan elke gebruiker bepaalde rechten toe te kennen (aankomst en vertrek uren &#8211; zones of verdiepingen afschermen enz.).<\/p><\/div><\/div><\/div><\/div><\/div><\/div><\/div><\/div>\t\t\t\t\t\t<\/div>\n\t\t\t\t<\/div>\n\t\t\t\t<div class=\"elementor-element elementor-element-8d34714 elementor-absolute elementor-widget elementor-widget-button\" data-id=\"8d34714\" data-element_type=\"widget\" data-settings=\"{&quot;_position&quot;:&quot;absolute&quot;}\" data-widget_type=\"button.default\">\n\t\t\t\t<div class=\"elementor-widget-container\">\n\t\t\t\t\t<div class=\"elementor-button-wrapper\">\n\t\t\t<a class=\"elementor-button elementor-button-link elementor-size-sm elementor-animation-skew-forward\" href=\"https:\/\/www.arcom.be\/fr\/toegangscontrole\/kmo-industie-overheid\/\">\n\t\t\t\t\t\t<span class=\"elementor-button-content-wrapper\">\n\t\t\t\t\t\t<span class=\"elementor-button-icon elementor-align-icon-right\">\n\t\t\t\t<i aria-hidden=\"true\" class=\"fas fa-chevron-right\"><\/i>\t\t\t<\/span>\n\t\t\t\t\t\t<span class=\"elementor-button-text\">Plus d'info<\/span>\n\t\t<\/span>\n\t\t\t\t\t<\/a>\n\t\t<\/div>\n\t\t\t\t<\/div>\n\t\t\t\t<\/div>\n\t\t\t\t\t<\/div>\n\t\t<\/div>\n\t\t\t\t<div class=\"elementor-column elementor-col-33 elementor-inner-column elementor-element elementor-element-005129f\" data-id=\"005129f\" data-element_type=\"column\">\n\t\t\t<div class=\"elementor-widget-wrap\">\n\t\t\t\t\t\t\t<\/div>\n\t\t<\/div>\n\t\t\t\t\t<\/div>\n\t\t<\/section>\n\t\t\t\t\t<\/div>\n\t\t<\/div>\n\t\t\t\t\t<\/div>\n\t\t<\/section>\n\t\t\t\t<\/div>","protected":false},"excerpt":{"rendered":"<p>PARTICULIEREN De videodeurtelefoon\u00a0 zorgt mee voor\u00a0 uw veiligheid. Het gesofisticeerde videofonie systeem geeft u en uw gezin een hoger gevoel van veiligheid. Homejacking en overvallen kunnen voorkomen worden. Meer Info KMO, INDUSTRIE &#038; OVERHEID De dag van vandaag heeft elke onderneming\u00a0 nood aan een bepaalde vorm van toegangscontrole. De huidige systemen laten u toe aan [&hellip;]<\/p>","protected":false},"author":4,"featured_media":0,"parent":0,"menu_order":0,"comment_status":"closed","ping_status":"closed","template":"","meta":{"footnotes":""},"class_list":["post-313","page","type-page","status-publish","hentry"],"yoast_head":"<!-- This site is optimized with the Yoast SEO plugin v22.1 - https:\/\/yoast.com\/wordpress\/plugins\/seo\/ -->\r\n<title>Toegangscontrole - Arcom Security Solutions<\/title>\r\n<meta name=\"robots\" content=\"index, follow, max-snippet:-1, max-image-preview:large, max-video-preview:-1\" \/>\r\n<link rel=\"canonical\" href=\"https:\/\/www.arcom.be\/fr\/toegangscontrole\/\" \/>\r\n<meta property=\"og:locale\" content=\"fr_FR\" \/>\r\n<meta property=\"og:type\" content=\"article\" \/>\r\n<meta property=\"og:title\" content=\"Toegangscontrole - Arcom Security Solutions\" \/>\r\n<meta property=\"og:description\" content=\"PARTICULIEREN De videodeurtelefoon\u00a0 zorgt mee voor\u00a0 uw veiligheid. Het gesofisticeerde videofonie systeem geeft u en uw gezin een hoger gevoel van veiligheid. Homejacking en overvallen kunnen voorkomen worden. Meer Info KMO, INDUSTRIE &#038; OVERHEID De dag van vandaag heeft elke onderneming\u00a0 nood aan een bepaalde vorm van toegangscontrole. De huidige systemen laten u toe aan [&hellip;]\" \/>\r\n<meta property=\"og:url\" content=\"https:\/\/www.arcom.be\/fr\/toegangscontrole\/\" \/>\r\n<meta property=\"og:site_name\" content=\"Arcom Security Solutions\" \/>\r\n<meta property=\"article:modified_time\" content=\"2022-01-14T13:28:23+00:00\" \/>\r\n<meta property=\"og:image\" content=\"https:\/\/www.arcom.be\/wp-content\/uploads\/2021\/09\/siedle-3-crop-u101376.jpg\" \/>\r\n<meta name=\"twitter:card\" content=\"summary_large_image\" \/>\r\n<meta name=\"twitter:label1\" content=\"Dur\u00e9e de lecture estim\u00e9e\" \/>\n\t<meta name=\"twitter:data1\" content=\"1 minute\" \/>\r\n<script type=\"application\/ld+json\" class=\"yoast-schema-graph\">{\"@context\":\"https:\/\/schema.org\",\"@graph\":[{\"@type\":\"WebPage\",\"@id\":\"https:\/\/www.arcom.be\/toegangscontrole\/\",\"url\":\"https:\/\/www.arcom.be\/toegangscontrole\/\",\"name\":\"Toegangscontrole - Arcom Security Solutions\",\"isPartOf\":{\"@id\":\"https:\/\/www.arcom.be\/#website\"},\"datePublished\":\"2021-09-15T11:18:56+00:00\",\"dateModified\":\"2022-01-14T13:28:23+00:00\",\"breadcrumb\":{\"@id\":\"https:\/\/www.arcom.be\/toegangscontrole\/#breadcrumb\"},\"inLanguage\":\"fr-FR\",\"potentialAction\":[{\"@type\":\"ReadAction\",\"target\":[\"https:\/\/www.arcom.be\/toegangscontrole\/\"]}]},{\"@type\":\"BreadcrumbList\",\"@id\":\"https:\/\/www.arcom.be\/toegangscontrole\/#breadcrumb\",\"itemListElement\":[{\"@type\":\"ListItem\",\"position\":1,\"name\":\"Home\",\"item\":\"https:\/\/www.arcom.be\/\"},{\"@type\":\"ListItem\",\"position\":2,\"name\":\"Toegangscontrole\"}]},{\"@type\":\"WebSite\",\"@id\":\"https:\/\/www.arcom.be\/#website\",\"url\":\"https:\/\/www.arcom.be\/\",\"name\":\"Arcom Security Solutions\",\"description\":\"\",\"potentialAction\":[{\"@type\":\"SearchAction\",\"target\":{\"@type\":\"EntryPoint\",\"urlTemplate\":\"https:\/\/www.arcom.be\/?s={search_term_string}\"},\"query-input\":\"required name=search_term_string\"}],\"inLanguage\":\"fr-FR\"}]}<\/script>\r\n<!-- \/ Yoast SEO plugin. -->","yoast_head_json":{"title":"Toegangscontrole - Arcom Security Solutions","robots":{"index":"index","follow":"follow","max-snippet":"max-snippet:-1","max-image-preview":"max-image-preview:large","max-video-preview":"max-video-preview:-1"},"canonical":"https:\/\/www.arcom.be\/fr\/toegangscontrole\/","og_locale":"fr_FR","og_type":"article","og_title":"Toegangscontrole - Arcom Security Solutions","og_description":"PARTICULIEREN De videodeurtelefoon\u00a0 zorgt mee voor\u00a0 uw veiligheid. Het gesofisticeerde videofonie systeem geeft u en uw gezin een hoger gevoel van veiligheid. Homejacking en overvallen kunnen voorkomen worden. Meer Info KMO, INDUSTRIE &#038; OVERHEID De dag van vandaag heeft elke onderneming\u00a0 nood aan een bepaalde vorm van toegangscontrole. De huidige systemen laten u toe aan [&hellip;]","og_url":"https:\/\/www.arcom.be\/fr\/toegangscontrole\/","og_site_name":"Arcom Security Solutions","article_modified_time":"2022-01-14T13:28:23+00:00","og_image":[{"url":"https:\/\/www.arcom.be\/wp-content\/uploads\/2021\/09\/siedle-3-crop-u101376.jpg"}],"twitter_card":"summary_large_image","twitter_misc":{"Dur\u00e9e de lecture estim\u00e9e":"1 minute"},"schema":{"@context":"https:\/\/schema.org","@graph":[{"@type":"WebPage","@id":"https:\/\/www.arcom.be\/toegangscontrole\/","url":"https:\/\/www.arcom.be\/toegangscontrole\/","name":"Toegangscontrole - Arcom Security Solutions","isPartOf":{"@id":"https:\/\/www.arcom.be\/#website"},"datePublished":"2021-09-15T11:18:56+00:00","dateModified":"2022-01-14T13:28:23+00:00","breadcrumb":{"@id":"https:\/\/www.arcom.be\/toegangscontrole\/#breadcrumb"},"inLanguage":"fr-FR","potentialAction":[{"@type":"ReadAction","target":["https:\/\/www.arcom.be\/toegangscontrole\/"]}]},{"@type":"BreadcrumbList","@id":"https:\/\/www.arcom.be\/toegangscontrole\/#breadcrumb","itemListElement":[{"@type":"ListItem","position":1,"name":"Home","item":"https:\/\/www.arcom.be\/"},{"@type":"ListItem","position":2,"name":"Toegangscontrole"}]},{"@type":"WebSite","@id":"https:\/\/www.arcom.be\/#website","url":"https:\/\/www.arcom.be\/","name":"Arcom Security Solutions","description":"","potentialAction":[{"@type":"SearchAction","target":{"@type":"EntryPoint","urlTemplate":"https:\/\/www.arcom.be\/?s={search_term_string}"},"query-input":"required name=search_term_string"}],"inLanguage":"fr-FR"}]}},"_links":{"self":[{"href":"https:\/\/www.arcom.be\/fr\/wp-json\/wp\/v2\/pages\/313","targetHints":{"allow":["GET"]}}],"collection":[{"href":"https:\/\/www.arcom.be\/fr\/wp-json\/wp\/v2\/pages"}],"about":[{"href":"https:\/\/www.arcom.be\/fr\/wp-json\/wp\/v2\/types\/page"}],"author":[{"embeddable":true,"href":"https:\/\/www.arcom.be\/fr\/wp-json\/wp\/v2\/users\/4"}],"replies":[{"embeddable":true,"href":"https:\/\/www.arcom.be\/fr\/wp-json\/wp\/v2\/comments?post=313"}],"version-history":[{"count":25,"href":"https:\/\/www.arcom.be\/fr\/wp-json\/wp\/v2\/pages\/313\/revisions"}],"predecessor-version":[{"id":1071,"href":"https:\/\/www.arcom.be\/fr\/wp-json\/wp\/v2\/pages\/313\/revisions\/1071"}],"wp:attachment":[{"href":"https:\/\/www.arcom.be\/fr\/wp-json\/wp\/v2\/media?parent=313"}],"curies":[{"name":"wp","href":"https:\/\/api.w.org\/{rel}","templated":true}]}}