{"id":308,"date":"2021-09-15T11:17:11","date_gmt":"2021-09-15T11:17:11","guid":{"rendered":"http:\/\/preview.arcom.be\/?page_id=308"},"modified":"2021-10-11T20:23:58","modified_gmt":"2021-10-11T20:23:58","slug":"omtrekbeveiliging","status":"publish","type":"page","link":"https:\/\/www.arcom.be\/fr\/omtrekbeveiliging\/","title":{"rendered":"Protection p\u00e9rim\u00e9trique ext\u00e9rieure \u00e0 haute tension"},"content":{"rendered":"<div data-elementor-type=\"wp-page\" data-elementor-id=\"308\" class=\"elementor elementor-308\" data-elementor-post-type=\"page\">\n\t\t\t\t\t\t<section class=\"elementor-section elementor-top-section elementor-element elementor-element-d9eb5e5 elementor-section-full_width elementor-section-height-default elementor-section-height-default\" data-id=\"d9eb5e5\" data-element_type=\"section\">\n\t\t\t\t\t\t<div class=\"elementor-container elementor-column-gap-no\">\n\t\t\t\t\t<div class=\"elementor-column elementor-col-100 elementor-top-column elementor-element elementor-element-2410d72\" data-id=\"2410d72\" data-element_type=\"column\">\n\t\t\t<div class=\"elementor-widget-wrap elementor-element-populated\">\n\t\t\t\t\t\t<div class=\"elementor-element elementor-element-b0a8a29 elementor-widget elementor-widget-template\" data-id=\"b0a8a29\" data-element_type=\"widget\" data-widget_type=\"template.default\">\n\t\t\t\t<div class=\"elementor-widget-container\">\n\t\t\t\t\t<div class=\"elementor-template\">\n\t\t\t\t\t<div data-elementor-type=\"section\" data-elementor-id=\"62\" class=\"elementor elementor-62\" data-elementor-post-type=\"elementor_library\">\n\t\t\t\t\t<section class=\"elementor-section elementor-top-section elementor-element elementor-element-3c6fa49d elementor-section-height-min-height elementor-section-boxed elementor-section-height-default elementor-section-items-middle\" data-id=\"3c6fa49d\" data-element_type=\"section\" data-settings=\"{&quot;background_background&quot;:&quot;classic&quot;}\">\n\t\t\t\t\t\t\t<div class=\"elementor-background-overlay\"><\/div>\n\t\t\t\t\t\t\t<div class=\"elementor-container elementor-column-gap-default\">\n\t\t\t\t\t<div class=\"elementor-column elementor-col-100 elementor-top-column elementor-element elementor-element-78a30155\" data-id=\"78a30155\" data-element_type=\"column\">\n\t\t\t<div class=\"elementor-widget-wrap elementor-element-populated\">\n\t\t\t\t\t\t<div class=\"elementor-element elementor-element-712bc72a elementor-align-center elementor-widget elementor-widget-breadcrumbs\" data-id=\"712bc72a\" data-element_type=\"widget\" data-widget_type=\"breadcrumbs.default\">\n\t\t\t\t<div class=\"elementor-widget-container\">\n\t\t\t<p id=\"breadcrumbs\"><span><span><a href=\"https:\/\/www.arcom.be\/fr\/\">Home<\/a><\/span><\/span><\/p>\t\t<\/div>\n\t\t\t\t<\/div>\n\t\t\t\t\t<\/div>\n\t\t<\/div>\n\t\t\t\t\t<\/div>\n\t\t<\/section>\n\t\t\t\t<\/div>\n\t\t\t\t<\/div>\n\t\t\t\t<\/div>\n\t\t\t\t<\/div>\n\t\t\t\t\t<\/div>\n\t\t<\/div>\n\t\t\t\t\t<\/div>\n\t\t<\/section>\n\t\t\t\t<section class=\"elementor-section elementor-top-section elementor-element elementor-element-9f80fda elementor-section-boxed elementor-section-height-default elementor-section-height-default\" data-id=\"9f80fda\" data-element_type=\"section\">\n\t\t\t\t\t\t<div class=\"elementor-container elementor-column-gap-default\">\n\t\t\t\t\t<div class=\"elementor-column elementor-col-33 elementor-top-column elementor-element elementor-element-c872544\" data-id=\"c872544\" data-element_type=\"column\">\n\t\t\t<div class=\"elementor-widget-wrap elementor-element-populated\">\n\t\t\t\t\t\t<div class=\"elementor-element elementor-element-caaf753 elementor-nav-menu__text-align-aside elementor-widget elementor-widget-nav-menu\" data-id=\"caaf753\" data-element_type=\"widget\" data-settings=\"{&quot;layout&quot;:&quot;dropdown&quot;,&quot;submenu_icon&quot;:{&quot;value&quot;:&quot;&lt;i class=\\&quot;fas fa-caret-down\\&quot;&gt;&lt;\\\/i&gt;&quot;,&quot;library&quot;:&quot;fa-solid&quot;}}\" data-widget_type=\"nav-menu.default\">\n\t\t\t\t<div class=\"elementor-widget-container\">\n\t\t\t\t\t\t<nav class=\"elementor-nav-menu--dropdown elementor-nav-menu__container\" aria-hidden=\"true\">\n\t\t\t\t<ul id=\"menu-2-caaf753\" class=\"elementor-nav-menu\"><li class=\"menu-item menu-item-type-post_type menu-item-object-page menu-item-244\"><a href=\"https:\/\/www.arcom.be\/fr\/diensten\/\" class=\"elementor-item\" tabindex=\"-1\">Alle diensten<\/a><\/li>\n<li class=\"menu-item menu-item-type-post_type menu-item-object-page menu-item-285\"><a href=\"https:\/\/www.arcom.be\/fr\/inbraakbeveiliging\/\" class=\"elementor-item\" tabindex=\"-1\">Syst\u00e8me de s\u00e9curit\u00e9<\/a><\/li>\n<li class=\"menu-item menu-item-type-post_type menu-item-object-page menu-item-296\"><a href=\"https:\/\/www.arcom.be\/fr\/camerabewaking\/\" class=\"elementor-item\" tabindex=\"-1\">Vid\u00e9osurveillance<\/a><\/li>\n<li class=\"menu-item menu-item-type-post_type menu-item-object-page menu-item-307\"><a href=\"https:\/\/www.arcom.be\/fr\/brandbeveiliging\/\" class=\"elementor-item\" tabindex=\"-1\">Syst\u00e8me de protection contre l\u2019incendie<\/a><\/li>\n<li class=\"menu-item menu-item-type-post_type menu-item-object-page menu-item-341\"><a href=\"https:\/\/www.arcom.be\/fr\/omtrekbeveiliging\/\" class=\"elementor-item\" tabindex=\"-1\">Protection p\u00e9rim\u00e9trique ext\u00e9rieure \u00e0 haute tension<\/a><\/li>\n<li class=\"menu-item menu-item-type-post_type menu-item-object-page menu-item-340\"><a href=\"https:\/\/www.arcom.be\/fr\/toegangscontrole\/\" class=\"elementor-item\" tabindex=\"-1\">Contr\u00f4le d\u2019acc\u00e8s<\/a><\/li>\n<li class=\"menu-item menu-item-type-post_type menu-item-object-page menu-item-339\"><a href=\"https:\/\/www.arcom.be\/fr\/onze-service-afdeling\/\" class=\"elementor-item\" tabindex=\"-1\">Service Afdeling<\/a><\/li>\n<\/ul>\t\t\t<\/nav>\n\t\t\t\t<\/div>\n\t\t\t\t<\/div>\n\t\t\t\t\t<\/div>\n\t\t<\/div>\n\t\t\t\t<div class=\"elementor-column elementor-col-66 elementor-top-column elementor-element elementor-element-c2003d8\" data-id=\"c2003d8\" data-element_type=\"column\">\n\t\t\t<div class=\"elementor-widget-wrap elementor-element-populated\">\n\t\t\t\t\t\t<section class=\"elementor-section elementor-inner-section elementor-element elementor-element-623456d elementor-section-boxed elementor-section-height-default elementor-section-height-default\" data-id=\"623456d\" data-element_type=\"section\">\n\t\t\t\t\t\t<div class=\"elementor-container elementor-column-gap-default\">\n\t\t\t\t\t<div class=\"elementor-column elementor-col-33 elementor-inner-column elementor-element elementor-element-768d63a\" data-id=\"768d63a\" data-element_type=\"column\">\n\t\t\t<div class=\"elementor-widget-wrap elementor-element-populated\">\n\t\t\t\t\t\t<div class=\"elementor-element elementor-element-e4e5dfe elementor-widget elementor-widget-image\" data-id=\"e4e5dfe\" data-element_type=\"widget\" data-widget_type=\"image.default\">\n\t\t\t\t<div class=\"elementor-widget-container\">\n\t\t\t\t\t\t\t\t\t\t\t\t\t<img fetchpriority=\"high\" decoding=\"async\" width=\"360\" height=\"201\" src=\"https:\/\/www.arcom.be\/wp-content\/uploads\/2021\/09\/chainlink-690503_1920-crop-u92142.jpg\" class=\"attachment-large size-large wp-image-76\" alt=\"\" srcset=\"https:\/\/www.arcom.be\/wp-content\/uploads\/2021\/09\/chainlink-690503_1920-crop-u92142.jpg 360w, https:\/\/www.arcom.be\/wp-content\/uploads\/2021\/09\/chainlink-690503_1920-crop-u92142-300x168.jpg 300w\" sizes=\"(max-width: 360px) 100vw, 360px\" \/>\t\t\t\t\t\t\t\t\t\t\t\t\t<\/div>\n\t\t\t\t<\/div>\n\t\t\t\t<div class=\"elementor-element elementor-element-cc6426b elementor-align-left elementor-widget elementor-widget-button\" data-id=\"cc6426b\" data-element_type=\"widget\" data-widget_type=\"button.default\">\n\t\t\t\t<div class=\"elementor-widget-container\">\n\t\t\t\t\t<div class=\"elementor-button-wrapper\">\n\t\t\t<a class=\"elementor-button elementor-button-link elementor-size-sm\" href=\"https:\/\/www.arcom.be\/fr\/omtrekbeveiliging\/omtrekbeveiliging-2\/\">\n\t\t\t\t\t\t<span class=\"elementor-button-content-wrapper\">\n\t\t\t\t\t\t<span class=\"elementor-button-text\">PROTECTION P\u00c9RIM\u00c9TRIQUE<\/span>\n\t\t<\/span>\n\t\t\t\t\t<\/a>\n\t\t<\/div>\n\t\t\t\t<\/div>\n\t\t\t\t<\/div>\n\t\t\t\t<div class=\"elementor-element elementor-element-afb0d10 elementor-widget elementor-widget-text-editor\" data-id=\"afb0d10\" data-element_type=\"widget\" data-widget_type=\"text-editor.default\">\n\t\t\t\t<div class=\"elementor-widget-container\">\n\t\t\t\t\t\t\t<div id=\"u102934-4\" class=\"clearfix grpelem\" data-muse-uid=\"U102934\" data-muse-type=\"txt_frame\" data-ibe-flags=\"txtStyleSrc\"><div id=\"u102934-3\"><div id=\"u91355-4\" class=\"clearfix grpelem shared_content\" data-muse-uid=\"U91355\" data-muse-type=\"txt_frame\" data-ibe-flags=\"txtStyleSrc\" data-content-guid=\"u91355-4_content\"><div id=\"u91355-3\"><div id=\"u101989-4\" class=\"clearfix colelem shared_content\" data-muse-uid=\"U101989\" data-muse-type=\"txt_frame\" data-ibe-flags=\"txtStyleSrc\" data-content-guid=\"u101989-4_content\"><div id=\"u101989-3\"><p>Depuis quelques ann\u00e9es, nous collaborons avec la soci\u00e9t\u00e9 \" CHAMPION WATCHING \" pour l\u2019installation des syst\u00e8mes de protection p\u00e9rim\u00e9trique ext\u00e9rieure sur les grands terrains. La base du syst\u00e8me est fond\u00e9e sur une s\u00e9rie de fils horizontaux qui sont install\u00e9s sur des isolateurs \u00e0 l\u2019int\u00e9rieur de cl\u00f4tures existants. Sur ces fils, on connecte un module haute tension qui produit une forte d\u00e9charge \u00e9lectrique chez la personne qui touche la cl\u00f4ture, mais ce sans danger pour la sant\u00e9. L\u2019effet est comparable \u00e0 celui d\u2019un  barbel\u00e9 \u00e9lectris\u00e9 install\u00e9 dans des prairies, mais adapt\u00e9 \u00e0 la cl\u00f4ture qui doit \u00eatre s\u00e9curis\u00e9e.<\/p><\/div><\/div><\/div><\/div><\/div><\/div>\t\t\t\t\t\t<\/div>\n\t\t\t\t<\/div>\n\t\t\t\t<div class=\"elementor-element elementor-element-da8caf7 elementor-absolute elementor-widget elementor-widget-button\" data-id=\"da8caf7\" data-element_type=\"widget\" data-settings=\"{&quot;_position&quot;:&quot;absolute&quot;}\" data-widget_type=\"button.default\">\n\t\t\t\t<div class=\"elementor-widget-container\">\n\t\t\t\t\t<div class=\"elementor-button-wrapper\">\n\t\t\t<a class=\"elementor-button elementor-button-link elementor-size-sm elementor-animation-skew-forward\" href=\"https:\/\/www.arcom.be\/fr\/omtrekbeveiliging\/omtrekbeveiliging-2\/\">\n\t\t\t\t\t\t<span class=\"elementor-button-content-wrapper\">\n\t\t\t\t\t\t<span class=\"elementor-button-icon elementor-align-icon-right\">\n\t\t\t\t<i aria-hidden=\"true\" class=\"fas fa-chevron-right\"><\/i>\t\t\t<\/span>\n\t\t\t\t\t\t<span class=\"elementor-button-text\">Plus d'info<\/span>\n\t\t<\/span>\n\t\t\t\t\t<\/a>\n\t\t<\/div>\n\t\t\t\t<\/div>\n\t\t\t\t<\/div>\n\t\t\t\t\t<\/div>\n\t\t<\/div>\n\t\t\t\t<div class=\"elementor-column elementor-col-33 elementor-inner-column elementor-element elementor-element-f277310\" data-id=\"f277310\" data-element_type=\"column\">\n\t\t\t<div class=\"elementor-widget-wrap\">\n\t\t\t\t\t\t\t<\/div>\n\t\t<\/div>\n\t\t\t\t<div class=\"elementor-column elementor-col-33 elementor-inner-column elementor-element elementor-element-71be378\" data-id=\"71be378\" data-element_type=\"column\">\n\t\t\t<div class=\"elementor-widget-wrap\">\n\t\t\t\t\t\t\t<\/div>\n\t\t<\/div>\n\t\t\t\t\t<\/div>\n\t\t<\/section>\n\t\t\t\t\t<\/div>\n\t\t<\/div>\n\t\t\t\t\t<\/div>\n\t\t<\/section>\n\t\t\t\t<\/div>","protected":false},"excerpt":{"rendered":"<p>OMTREKBEVEILIGING De basis van het systeem bestaat uit een een reeks horizontale draden die op isolatoren\u00a0 aan de binnenkant van bestaande omheiningen geplaats worden.Op deze draden sluit men een hoogspannings module aan die de aanraker ervan een zware stroomstoot bezorgt , dit echter zonder een gevaar voor de gezondheid .Men kan het vergelijken met een [&hellip;]<\/p>","protected":false},"author":4,"featured_media":0,"parent":0,"menu_order":0,"comment_status":"closed","ping_status":"closed","template":"","meta":{"footnotes":""},"class_list":["post-308","page","type-page","status-publish","hentry"],"yoast_head":"<!-- This site is optimized with the Yoast SEO plugin v22.1 - https:\/\/yoast.com\/wordpress\/plugins\/seo\/ -->\r\n<title>Omtrekbeveiliging - Arcom Security Solutions<\/title>\r\n<meta name=\"robots\" content=\"index, follow, max-snippet:-1, max-image-preview:large, max-video-preview:-1\" \/>\r\n<link rel=\"canonical\" href=\"https:\/\/www.arcom.be\/fr\/omtrekbeveiliging\/\" \/>\r\n<meta property=\"og:locale\" content=\"fr_FR\" \/>\r\n<meta property=\"og:type\" content=\"article\" \/>\r\n<meta property=\"og:title\" content=\"Omtrekbeveiliging - Arcom Security Solutions\" \/>\r\n<meta property=\"og:description\" content=\"OMTREKBEVEILIGING De basis van het systeem bestaat uit een een reeks horizontale draden die op isolatoren\u00a0 aan de binnenkant van bestaande omheiningen geplaats worden.Op deze draden sluit men een hoogspannings module aan die de aanraker ervan een zware stroomstoot bezorgt , dit echter zonder een gevaar voor de gezondheid .Men kan het vergelijken met een [&hellip;]\" \/>\r\n<meta property=\"og:url\" content=\"https:\/\/www.arcom.be\/fr\/omtrekbeveiliging\/\" \/>\r\n<meta property=\"og:site_name\" content=\"Arcom Security Solutions\" \/>\r\n<meta property=\"article:modified_time\" content=\"2021-10-11T20:23:58+00:00\" \/>\r\n<meta property=\"og:image\" content=\"https:\/\/www.arcom.be\/wp-content\/uploads\/2021\/09\/chainlink-690503_1920-crop-u92142.jpg\" \/>\r\n<meta name=\"twitter:card\" content=\"summary_large_image\" \/>\r\n<meta name=\"twitter:label1\" content=\"Dur\u00e9e de lecture estim\u00e9e\" \/>\n\t<meta name=\"twitter:data1\" content=\"1 minute\" \/>\r\n<script type=\"application\/ld+json\" class=\"yoast-schema-graph\">{\"@context\":\"https:\/\/schema.org\",\"@graph\":[{\"@type\":\"WebPage\",\"@id\":\"https:\/\/www.arcom.be\/omtrekbeveiliging\/\",\"url\":\"https:\/\/www.arcom.be\/omtrekbeveiliging\/\",\"name\":\"Omtrekbeveiliging - Arcom Security Solutions\",\"isPartOf\":{\"@id\":\"https:\/\/www.arcom.be\/#website\"},\"datePublished\":\"2021-09-15T11:17:11+00:00\",\"dateModified\":\"2021-10-11T20:23:58+00:00\",\"breadcrumb\":{\"@id\":\"https:\/\/www.arcom.be\/omtrekbeveiliging\/#breadcrumb\"},\"inLanguage\":\"fr-FR\",\"potentialAction\":[{\"@type\":\"ReadAction\",\"target\":[\"https:\/\/www.arcom.be\/omtrekbeveiliging\/\"]}]},{\"@type\":\"BreadcrumbList\",\"@id\":\"https:\/\/www.arcom.be\/omtrekbeveiliging\/#breadcrumb\",\"itemListElement\":[{\"@type\":\"ListItem\",\"position\":1,\"name\":\"Home\",\"item\":\"https:\/\/www.arcom.be\/\"},{\"@type\":\"ListItem\",\"position\":2,\"name\":\"Omtrekbeveiliging\"}]},{\"@type\":\"WebSite\",\"@id\":\"https:\/\/www.arcom.be\/#website\",\"url\":\"https:\/\/www.arcom.be\/\",\"name\":\"Arcom Security Solutions\",\"description\":\"\",\"potentialAction\":[{\"@type\":\"SearchAction\",\"target\":{\"@type\":\"EntryPoint\",\"urlTemplate\":\"https:\/\/www.arcom.be\/?s={search_term_string}\"},\"query-input\":\"required name=search_term_string\"}],\"inLanguage\":\"fr-FR\"}]}<\/script>\r\n<!-- \/ Yoast SEO plugin. -->","yoast_head_json":{"title":"Omtrekbeveiliging - Arcom Security Solutions","robots":{"index":"index","follow":"follow","max-snippet":"max-snippet:-1","max-image-preview":"max-image-preview:large","max-video-preview":"max-video-preview:-1"},"canonical":"https:\/\/www.arcom.be\/fr\/omtrekbeveiliging\/","og_locale":"fr_FR","og_type":"article","og_title":"Omtrekbeveiliging - Arcom Security Solutions","og_description":"OMTREKBEVEILIGING De basis van het systeem bestaat uit een een reeks horizontale draden die op isolatoren\u00a0 aan de binnenkant van bestaande omheiningen geplaats worden.Op deze draden sluit men een hoogspannings module aan die de aanraker ervan een zware stroomstoot bezorgt , dit echter zonder een gevaar voor de gezondheid .Men kan het vergelijken met een [&hellip;]","og_url":"https:\/\/www.arcom.be\/fr\/omtrekbeveiliging\/","og_site_name":"Arcom Security Solutions","article_modified_time":"2021-10-11T20:23:58+00:00","og_image":[{"url":"https:\/\/www.arcom.be\/wp-content\/uploads\/2021\/09\/chainlink-690503_1920-crop-u92142.jpg"}],"twitter_card":"summary_large_image","twitter_misc":{"Dur\u00e9e de lecture estim\u00e9e":"1 minute"},"schema":{"@context":"https:\/\/schema.org","@graph":[{"@type":"WebPage","@id":"https:\/\/www.arcom.be\/omtrekbeveiliging\/","url":"https:\/\/www.arcom.be\/omtrekbeveiliging\/","name":"Omtrekbeveiliging - Arcom Security Solutions","isPartOf":{"@id":"https:\/\/www.arcom.be\/#website"},"datePublished":"2021-09-15T11:17:11+00:00","dateModified":"2021-10-11T20:23:58+00:00","breadcrumb":{"@id":"https:\/\/www.arcom.be\/omtrekbeveiliging\/#breadcrumb"},"inLanguage":"fr-FR","potentialAction":[{"@type":"ReadAction","target":["https:\/\/www.arcom.be\/omtrekbeveiliging\/"]}]},{"@type":"BreadcrumbList","@id":"https:\/\/www.arcom.be\/omtrekbeveiliging\/#breadcrumb","itemListElement":[{"@type":"ListItem","position":1,"name":"Home","item":"https:\/\/www.arcom.be\/"},{"@type":"ListItem","position":2,"name":"Omtrekbeveiliging"}]},{"@type":"WebSite","@id":"https:\/\/www.arcom.be\/#website","url":"https:\/\/www.arcom.be\/","name":"Arcom Security Solutions","description":"","potentialAction":[{"@type":"SearchAction","target":{"@type":"EntryPoint","urlTemplate":"https:\/\/www.arcom.be\/?s={search_term_string}"},"query-input":"required name=search_term_string"}],"inLanguage":"fr-FR"}]}},"_links":{"self":[{"href":"https:\/\/www.arcom.be\/fr\/wp-json\/wp\/v2\/pages\/308","targetHints":{"allow":["GET"]}}],"collection":[{"href":"https:\/\/www.arcom.be\/fr\/wp-json\/wp\/v2\/pages"}],"about":[{"href":"https:\/\/www.arcom.be\/fr\/wp-json\/wp\/v2\/types\/page"}],"author":[{"embeddable":true,"href":"https:\/\/www.arcom.be\/fr\/wp-json\/wp\/v2\/users\/4"}],"replies":[{"embeddable":true,"href":"https:\/\/www.arcom.be\/fr\/wp-json\/wp\/v2\/comments?post=308"}],"version-history":[{"count":13,"href":"https:\/\/www.arcom.be\/fr\/wp-json\/wp\/v2\/pages\/308\/revisions"}],"predecessor-version":[{"id":771,"href":"https:\/\/www.arcom.be\/fr\/wp-json\/wp\/v2\/pages\/308\/revisions\/771"}],"wp:attachment":[{"href":"https:\/\/www.arcom.be\/fr\/wp-json\/wp\/v2\/media?parent=308"}],"curies":[{"name":"wp","href":"https:\/\/api.w.org\/{rel}","templated":true}]}}