{"id":299,"date":"2021-09-15T11:11:33","date_gmt":"2021-09-15T11:11:33","guid":{"rendered":"http:\/\/preview.arcom.be\/?page_id=299"},"modified":"2022-01-12T09:40:31","modified_gmt":"2022-01-12T09:40:31","slug":"brandbeveiliging","status":"publish","type":"page","link":"https:\/\/www.arcom.be\/fr\/brandbeveiliging\/","title":{"rendered":"Syst\u00e8me de protection contre l\u2019incendie"},"content":{"rendered":"<div data-elementor-type=\"wp-page\" data-elementor-id=\"299\" class=\"elementor elementor-299\" data-elementor-post-type=\"page\">\n\t\t\t\t\t\t<section class=\"elementor-section elementor-top-section elementor-element elementor-element-371d5b3 elementor-section-full_width elementor-section-height-default elementor-section-height-default\" data-id=\"371d5b3\" data-element_type=\"section\">\n\t\t\t\t\t\t<div class=\"elementor-container elementor-column-gap-no\">\n\t\t\t\t\t<div class=\"elementor-column elementor-col-100 elementor-top-column elementor-element elementor-element-1239942\" data-id=\"1239942\" data-element_type=\"column\">\n\t\t\t<div class=\"elementor-widget-wrap elementor-element-populated\">\n\t\t\t\t\t\t<div class=\"elementor-element elementor-element-964d156 elementor-widget elementor-widget-template\" data-id=\"964d156\" data-element_type=\"widget\" data-widget_type=\"template.default\">\n\t\t\t\t<div class=\"elementor-widget-container\">\n\t\t\t\t\t<div class=\"elementor-template\">\n\t\t\t\t\t<div data-elementor-type=\"section\" data-elementor-id=\"62\" class=\"elementor elementor-62\" data-elementor-post-type=\"elementor_library\">\n\t\t\t\t\t<section class=\"elementor-section elementor-top-section elementor-element elementor-element-3c6fa49d elementor-section-height-min-height elementor-section-boxed elementor-section-height-default elementor-section-items-middle\" data-id=\"3c6fa49d\" data-element_type=\"section\" data-settings=\"{&quot;background_background&quot;:&quot;classic&quot;}\">\n\t\t\t\t\t\t\t<div class=\"elementor-background-overlay\"><\/div>\n\t\t\t\t\t\t\t<div class=\"elementor-container elementor-column-gap-default\">\n\t\t\t\t\t<div class=\"elementor-column elementor-col-100 elementor-top-column elementor-element elementor-element-78a30155\" data-id=\"78a30155\" data-element_type=\"column\">\n\t\t\t<div class=\"elementor-widget-wrap elementor-element-populated\">\n\t\t\t\t\t\t<div class=\"elementor-element elementor-element-712bc72a elementor-align-center elementor-widget elementor-widget-breadcrumbs\" data-id=\"712bc72a\" data-element_type=\"widget\" data-widget_type=\"breadcrumbs.default\">\n\t\t\t\t<div class=\"elementor-widget-container\">\n\t\t\t<p id=\"breadcrumbs\"><span><span><a href=\"https:\/\/www.arcom.be\/fr\/\">Home<\/a><\/span><\/span><\/p>\t\t<\/div>\n\t\t\t\t<\/div>\n\t\t\t\t\t<\/div>\n\t\t<\/div>\n\t\t\t\t\t<\/div>\n\t\t<\/section>\n\t\t\t\t<\/div>\n\t\t\t\t<\/div>\n\t\t\t\t<\/div>\n\t\t\t\t<\/div>\n\t\t\t\t\t<\/div>\n\t\t<\/div>\n\t\t\t\t\t<\/div>\n\t\t<\/section>\n\t\t\t\t<section class=\"elementor-section elementor-top-section elementor-element elementor-element-2f09ffa elementor-section-boxed elementor-section-height-default elementor-section-height-default\" data-id=\"2f09ffa\" data-element_type=\"section\">\n\t\t\t\t\t\t<div class=\"elementor-container elementor-column-gap-default\">\n\t\t\t\t\t<div class=\"elementor-column elementor-col-33 elementor-top-column elementor-element elementor-element-140426f\" data-id=\"140426f\" data-element_type=\"column\">\n\t\t\t<div class=\"elementor-widget-wrap elementor-element-populated\">\n\t\t\t\t\t\t<div class=\"elementor-element elementor-element-dc513bc elementor-nav-menu__text-align-aside elementor-widget elementor-widget-nav-menu\" data-id=\"dc513bc\" data-element_type=\"widget\" data-settings=\"{&quot;layout&quot;:&quot;dropdown&quot;,&quot;submenu_icon&quot;:{&quot;value&quot;:&quot;&lt;i class=\\&quot;fas fa-caret-down\\&quot;&gt;&lt;\\\/i&gt;&quot;,&quot;library&quot;:&quot;fa-solid&quot;}}\" data-widget_type=\"nav-menu.default\">\n\t\t\t\t<div class=\"elementor-widget-container\">\n\t\t\t\t\t\t<nav class=\"elementor-nav-menu--dropdown elementor-nav-menu__container\" aria-hidden=\"true\">\n\t\t\t\t<ul id=\"menu-2-dc513bc\" class=\"elementor-nav-menu\"><li class=\"menu-item menu-item-type-post_type menu-item-object-page menu-item-244\"><a href=\"https:\/\/www.arcom.be\/fr\/diensten\/\" class=\"elementor-item\" tabindex=\"-1\">Alle diensten<\/a><\/li>\n<li class=\"menu-item menu-item-type-post_type menu-item-object-page menu-item-285\"><a href=\"https:\/\/www.arcom.be\/fr\/inbraakbeveiliging\/\" class=\"elementor-item\" tabindex=\"-1\">Syst\u00e8me de s\u00e9curit\u00e9<\/a><\/li>\n<li class=\"menu-item menu-item-type-post_type menu-item-object-page menu-item-296\"><a href=\"https:\/\/www.arcom.be\/fr\/camerabewaking\/\" class=\"elementor-item\" tabindex=\"-1\">Vid\u00e9osurveillance<\/a><\/li>\n<li class=\"menu-item menu-item-type-post_type menu-item-object-page menu-item-307\"><a href=\"https:\/\/www.arcom.be\/fr\/brandbeveiliging\/\" class=\"elementor-item\" tabindex=\"-1\">Syst\u00e8me de protection contre l\u2019incendie<\/a><\/li>\n<li class=\"menu-item menu-item-type-post_type menu-item-object-page menu-item-341\"><a href=\"https:\/\/www.arcom.be\/fr\/omtrekbeveiliging\/\" class=\"elementor-item\" tabindex=\"-1\">Protection p\u00e9rim\u00e9trique ext\u00e9rieure \u00e0 haute tension<\/a><\/li>\n<li class=\"menu-item menu-item-type-post_type menu-item-object-page menu-item-340\"><a href=\"https:\/\/www.arcom.be\/fr\/toegangscontrole\/\" class=\"elementor-item\" tabindex=\"-1\">Contr\u00f4le d\u2019acc\u00e8s<\/a><\/li>\n<li class=\"menu-item menu-item-type-post_type menu-item-object-page menu-item-339\"><a href=\"https:\/\/www.arcom.be\/fr\/onze-service-afdeling\/\" class=\"elementor-item\" tabindex=\"-1\">Service Afdeling<\/a><\/li>\n<\/ul>\t\t\t<\/nav>\n\t\t\t\t<\/div>\n\t\t\t\t<\/div>\n\t\t\t\t\t<\/div>\n\t\t<\/div>\n\t\t\t\t<div class=\"elementor-column elementor-col-66 elementor-top-column elementor-element elementor-element-b2bb36f\" data-id=\"b2bb36f\" data-element_type=\"column\">\n\t\t\t<div class=\"elementor-widget-wrap elementor-element-populated\">\n\t\t\t\t\t\t<section class=\"elementor-section elementor-inner-section elementor-element elementor-element-09de34c elementor-section-boxed elementor-section-height-default elementor-section-height-default\" data-id=\"09de34c\" data-element_type=\"section\">\n\t\t\t\t\t\t<div class=\"elementor-container elementor-column-gap-default\">\n\t\t\t\t\t<div class=\"elementor-column elementor-col-33 elementor-inner-column elementor-element elementor-element-e55c3ab\" data-id=\"e55c3ab\" data-element_type=\"column\">\n\t\t\t<div class=\"elementor-widget-wrap elementor-element-populated\">\n\t\t\t\t\t\t<div class=\"elementor-element elementor-element-f9f15d3 elementor-widget elementor-widget-image\" data-id=\"f9f15d3\" data-element_type=\"widget\" data-widget_type=\"image.default\">\n\t\t\t\t<div class=\"elementor-widget-container\">\n\t\t\t\t\t\t\t\t\t\t\t\t\t<img decoding=\"async\" width=\"162\" height=\"180\" src=\"https:\/\/www.arcom.be\/wp-content\/uploads\/2021\/09\/bosch-conventioneel163x180.jpg\" class=\"attachment-large size-large wp-image-302\" alt=\"\" \/>\t\t\t\t\t\t\t\t\t\t\t\t\t<\/div>\n\t\t\t\t<\/div>\n\t\t\t\t<div class=\"elementor-element elementor-element-cb4053d elementor-widget elementor-widget-button\" data-id=\"cb4053d\" data-element_type=\"widget\" data-widget_type=\"button.default\">\n\t\t\t\t<div class=\"elementor-widget-container\">\n\t\t\t\t\t<div class=\"elementor-button-wrapper\">\n\t\t\t<a class=\"elementor-button elementor-button-link elementor-size-sm\" href=\"https:\/\/www.arcom.be\/fr\/brandbeveiliging\/conventionele-branddetectie\/\">\n\t\t\t\t\t\t<span class=\"elementor-button-content-wrapper\">\n\t\t\t\t\t\t<span class=\"elementor-button-text\">D\u00c9TECTION D\u2019INCENDIE CONVENTIONNELLE<\/span>\n\t\t<\/span>\n\t\t\t\t\t<\/a>\n\t\t<\/div>\n\t\t\t\t<\/div>\n\t\t\t\t<\/div>\n\t\t\t\t<div class=\"elementor-element elementor-element-5af83ea elementor-widget elementor-widget-text-editor\" data-id=\"5af83ea\" data-element_type=\"widget\" data-widget_type=\"text-editor.default\">\n\t\t\t\t<div class=\"elementor-widget-container\">\n\t\t\t\t\t\t\t<div id=\"u102934-4\" class=\"clearfix grpelem\" data-muse-uid=\"U102934\" data-muse-type=\"txt_frame\" data-ibe-flags=\"txtStyleSrc\"><div id=\"u102934-3\"><div id=\"u91355-4\" class=\"clearfix grpelem shared_content\" data-muse-uid=\"U91355\" data-muse-type=\"txt_frame\" data-ibe-flags=\"txtStyleSrc\" data-content-guid=\"u91355-4_content\"><div id=\"u91355-3\"><p>Uw woning en goederen beschermen tegen brand is geen overbodige luxe.\u00a0<\/p><p>Vous pouvez d\u00e9j\u00e0 vous s\u00e9curiser avec une petite extension de votre centrale anti-intrusion. L\u2019\u00e9ventuelle transmission via le centre de (t\u00e9l\u00e9)surveillance assure un avertissement imm\u00e9diat.<\/p><\/div><\/div><\/div><\/div>\t\t\t\t\t\t<\/div>\n\t\t\t\t<\/div>\n\t\t\t\t<div class=\"elementor-element elementor-element-9583dc0 elementor-absolute elementor-widget elementor-widget-button\" data-id=\"9583dc0\" data-element_type=\"widget\" data-settings=\"{&quot;_position&quot;:&quot;absolute&quot;}\" data-widget_type=\"button.default\">\n\t\t\t\t<div class=\"elementor-widget-container\">\n\t\t\t\t\t<div class=\"elementor-button-wrapper\">\n\t\t\t<a class=\"elementor-button elementor-button-link elementor-size-sm elementor-animation-skew-forward\" href=\"https:\/\/www.arcom.be\/fr\/brandbeveiliging\/conventionele-branddetectie\/\">\n\t\t\t\t\t\t<span class=\"elementor-button-content-wrapper\">\n\t\t\t\t\t\t<span class=\"elementor-button-icon elementor-align-icon-right\">\n\t\t\t\t<i aria-hidden=\"true\" class=\"fas fa-chevron-right\"><\/i>\t\t\t<\/span>\n\t\t\t\t\t\t<span class=\"elementor-button-text\">Plus d'info<\/span>\n\t\t<\/span>\n\t\t\t\t\t<\/a>\n\t\t<\/div>\n\t\t\t\t<\/div>\n\t\t\t\t<\/div>\n\t\t\t\t\t<\/div>\n\t\t<\/div>\n\t\t\t\t<div class=\"elementor-column elementor-col-33 elementor-inner-column elementor-element elementor-element-6615b55\" data-id=\"6615b55\" data-element_type=\"column\">\n\t\t\t<div class=\"elementor-widget-wrap elementor-element-populated\">\n\t\t\t\t\t\t<div class=\"elementor-element elementor-element-099c8df elementor-widget elementor-widget-image\" data-id=\"099c8df\" data-element_type=\"widget\" data-widget_type=\"image.default\">\n\t\t\t\t<div class=\"elementor-widget-container\">\n\t\t\t\t\t\t\t\t\t\t\t\t\t<img decoding=\"async\" width=\"256\" height=\"180\" src=\"https:\/\/www.arcom.be\/wp-content\/uploads\/2021\/09\/bosch-adresseerbaar256x180.jpg\" class=\"attachment-large size-large wp-image-301\" alt=\"\" \/>\t\t\t\t\t\t\t\t\t\t\t\t\t<\/div>\n\t\t\t\t<\/div>\n\t\t\t\t<div class=\"elementor-element elementor-element-8ad6abc elementor-widget elementor-widget-button\" data-id=\"8ad6abc\" data-element_type=\"widget\" data-widget_type=\"button.default\">\n\t\t\t\t<div class=\"elementor-widget-container\">\n\t\t\t\t\t<div class=\"elementor-button-wrapper\">\n\t\t\t<a class=\"elementor-button elementor-button-link elementor-size-sm\" href=\"https:\/\/www.arcom.be\/fr\/brandbeveiliging\/adresseerbare-branddetectie\/\">\n\t\t\t\t\t\t<span class=\"elementor-button-content-wrapper\">\n\t\t\t\t\t\t<span class=\"elementor-button-text\">D\u00c9TECTION D\u2019INCENDIE ADRESSABLE<\/span>\n\t\t<\/span>\n\t\t\t\t\t<\/a>\n\t\t<\/div>\n\t\t\t\t<\/div>\n\t\t\t\t<\/div>\n\t\t\t\t<div class=\"elementor-element elementor-element-2da5a55 elementor-widget elementor-widget-text-editor\" data-id=\"2da5a55\" data-element_type=\"widget\" data-widget_type=\"text-editor.default\">\n\t\t\t\t<div class=\"elementor-widget-container\">\n\t\t\t\t\t\t\t<div id=\"u12969-4\" class=\"clearfix grpelem shared_content\" data-muse-uid=\"U12969\" data-muse-type=\"txt_frame\" data-ibe-flags=\"txtStyleSrc\" data-content-guid=\"u12969-4_content\"><div id=\"u12969-3\"><div id=\"u102923-4\" class=\"clearfix grpelem\" data-muse-uid=\"U102923\" data-muse-type=\"txt_frame\" data-ibe-flags=\"txtStyleSrc\"><div id=\"u102923-3\"><div id=\"u91349-4\" class=\"clearfix grpelem shared_content\" data-muse-uid=\"U91349\" data-muse-type=\"txt_frame\" data-ibe-flags=\"txtStyleSrc\" data-content-guid=\"u91349-4_content\"><div id=\"u91349-3\"><p>Voor de industrie en de overheid raden wij het gebruik van een adresseerbare brandcentrale aan. Hierop kunnen meerdere herhalingsborden\u00a0 worden aangesloten.<\/p><p>Bij een adresseerbare centrale krijgt elke detector zijn eigen identificatie (adres). Dit laat toe om in grote gebouwen of complexen de exacte locatie van een beginnende brand te lokaliseren.<\/p><\/div><\/div><\/div><\/div><\/div><\/div>\t\t\t\t\t\t<\/div>\n\t\t\t\t<\/div>\n\t\t\t\t<div class=\"elementor-element elementor-element-f3a946a elementor-absolute elementor-widget elementor-widget-button\" data-id=\"f3a946a\" data-element_type=\"widget\" data-settings=\"{&quot;_position&quot;:&quot;absolute&quot;}\" data-widget_type=\"button.default\">\n\t\t\t\t<div class=\"elementor-widget-container\">\n\t\t\t\t\t<div class=\"elementor-button-wrapper\">\n\t\t\t<a class=\"elementor-button elementor-button-link elementor-size-sm elementor-animation-skew-forward\" href=\"https:\/\/www.arcom.be\/fr\/brandbeveiliging\/adresseerbare-branddetectie\/\">\n\t\t\t\t\t\t<span class=\"elementor-button-content-wrapper\">\n\t\t\t\t\t\t<span class=\"elementor-button-icon elementor-align-icon-right\">\n\t\t\t\t<i aria-hidden=\"true\" class=\"fas fa-chevron-right\"><\/i>\t\t\t<\/span>\n\t\t\t\t\t\t<span class=\"elementor-button-text\">Plus d'info<\/span>\n\t\t<\/span>\n\t\t\t\t\t<\/a>\n\t\t<\/div>\n\t\t\t\t<\/div>\n\t\t\t\t<\/div>\n\t\t\t\t\t<\/div>\n\t\t<\/div>\n\t\t\t\t<div class=\"elementor-column elementor-col-33 elementor-inner-column elementor-element elementor-element-bf74cec\" data-id=\"bf74cec\" data-element_type=\"column\">\n\t\t\t<div class=\"elementor-widget-wrap\">\n\t\t\t\t\t\t\t<\/div>\n\t\t<\/div>\n\t\t\t\t\t<\/div>\n\t\t<\/section>\n\t\t\t\t\t<\/div>\n\t\t<\/div>\n\t\t\t\t\t<\/div>\n\t\t<\/section>\n\t\t\t\t<\/div>","protected":false},"excerpt":{"rendered":"<p>CONVENTIONELE BRANDDETECTIE Uw woning en goederen beschermen tegen brand is geen overbodige luxe.\u00a0 Zich beveiligen tegen brand kan al met een kleine uitbreiding op uw inbraakcentrale. De eventuele doormelding via de meldkamer zorgt ervoor dat men direct wordt gewaarschuwd. Meer Info ANALOGE BRANDDETECTIE Voor de industrie en de overheid raden wij het gebruik van een [&hellip;]<\/p>","protected":false},"author":4,"featured_media":0,"parent":0,"menu_order":0,"comment_status":"closed","ping_status":"closed","template":"","meta":{"footnotes":""},"class_list":["post-299","page","type-page","status-publish","hentry"],"yoast_head":"<!-- This site is optimized with the Yoast SEO plugin v22.1 - https:\/\/yoast.com\/wordpress\/plugins\/seo\/ -->\r\n<title>Brandbeveiliging - Arcom Security Solutions<\/title>\r\n<meta name=\"robots\" content=\"index, follow, max-snippet:-1, max-image-preview:large, max-video-preview:-1\" \/>\r\n<link rel=\"canonical\" href=\"https:\/\/www.arcom.be\/fr\/brandbeveiliging\/\" \/>\r\n<meta property=\"og:locale\" content=\"fr_FR\" \/>\r\n<meta property=\"og:type\" content=\"article\" \/>\r\n<meta property=\"og:title\" content=\"Brandbeveiliging - Arcom Security Solutions\" \/>\r\n<meta property=\"og:description\" content=\"CONVENTIONELE BRANDDETECTIE Uw woning en goederen beschermen tegen brand is geen overbodige luxe.\u00a0 Zich beveiligen tegen brand kan al met een kleine uitbreiding op uw inbraakcentrale. De eventuele doormelding via de meldkamer zorgt ervoor dat men direct wordt gewaarschuwd. Meer Info ANALOGE BRANDDETECTIE Voor de industrie en de overheid raden wij het gebruik van een [&hellip;]\" \/>\r\n<meta property=\"og:url\" content=\"https:\/\/www.arcom.be\/fr\/brandbeveiliging\/\" \/>\r\n<meta property=\"og:site_name\" content=\"Arcom Security Solutions\" \/>\r\n<meta property=\"article:modified_time\" content=\"2022-01-12T09:40:31+00:00\" \/>\r\n<meta property=\"og:image\" content=\"https:\/\/www.arcom.be\/wp-content\/uploads\/2021\/09\/bosch-conventioneel163x180.jpg\" \/>\r\n<meta name=\"twitter:card\" content=\"summary_large_image\" \/>\r\n<meta name=\"twitter:label1\" content=\"Dur\u00e9e de lecture estim\u00e9e\" \/>\n\t<meta name=\"twitter:data1\" content=\"2 minutes\" \/>\r\n<script type=\"application\/ld+json\" class=\"yoast-schema-graph\">{\"@context\":\"https:\/\/schema.org\",\"@graph\":[{\"@type\":\"WebPage\",\"@id\":\"https:\/\/www.arcom.be\/fr\/brandbeveiliging\/\",\"url\":\"https:\/\/www.arcom.be\/fr\/brandbeveiliging\/\",\"name\":\"Brandbeveiliging - Arcom Security Solutions\",\"isPartOf\":{\"@id\":\"https:\/\/www.arcom.be\/#website\"},\"datePublished\":\"2021-09-15T11:11:33+00:00\",\"dateModified\":\"2022-01-12T09:40:31+00:00\",\"breadcrumb\":{\"@id\":\"https:\/\/www.arcom.be\/fr\/brandbeveiliging\/#breadcrumb\"},\"inLanguage\":\"fr-FR\",\"potentialAction\":[{\"@type\":\"ReadAction\",\"target\":[\"https:\/\/www.arcom.be\/fr\/brandbeveiliging\/\"]}]},{\"@type\":\"BreadcrumbList\",\"@id\":\"https:\/\/www.arcom.be\/fr\/brandbeveiliging\/#breadcrumb\",\"itemListElement\":[{\"@type\":\"ListItem\",\"position\":1,\"name\":\"Home\",\"item\":\"https:\/\/www.arcom.be\/\"},{\"@type\":\"ListItem\",\"position\":2,\"name\":\"Brandbeveiliging\"}]},{\"@type\":\"WebSite\",\"@id\":\"https:\/\/www.arcom.be\/#website\",\"url\":\"https:\/\/www.arcom.be\/\",\"name\":\"Arcom Security Solutions\",\"description\":\"\",\"potentialAction\":[{\"@type\":\"SearchAction\",\"target\":{\"@type\":\"EntryPoint\",\"urlTemplate\":\"https:\/\/www.arcom.be\/?s={search_term_string}\"},\"query-input\":\"required name=search_term_string\"}],\"inLanguage\":\"fr-FR\"}]}<\/script>\r\n<!-- \/ Yoast SEO plugin. -->","yoast_head_json":{"title":"Brandbeveiliging - Arcom Security Solutions","robots":{"index":"index","follow":"follow","max-snippet":"max-snippet:-1","max-image-preview":"max-image-preview:large","max-video-preview":"max-video-preview:-1"},"canonical":"https:\/\/www.arcom.be\/fr\/brandbeveiliging\/","og_locale":"fr_FR","og_type":"article","og_title":"Brandbeveiliging - Arcom Security Solutions","og_description":"CONVENTIONELE BRANDDETECTIE Uw woning en goederen beschermen tegen brand is geen overbodige luxe.\u00a0 Zich beveiligen tegen brand kan al met een kleine uitbreiding op uw inbraakcentrale. De eventuele doormelding via de meldkamer zorgt ervoor dat men direct wordt gewaarschuwd. Meer Info ANALOGE BRANDDETECTIE Voor de industrie en de overheid raden wij het gebruik van een [&hellip;]","og_url":"https:\/\/www.arcom.be\/fr\/brandbeveiliging\/","og_site_name":"Arcom Security Solutions","article_modified_time":"2022-01-12T09:40:31+00:00","og_image":[{"url":"https:\/\/www.arcom.be\/wp-content\/uploads\/2021\/09\/bosch-conventioneel163x180.jpg"}],"twitter_card":"summary_large_image","twitter_misc":{"Dur\u00e9e de lecture estim\u00e9e":"2 minutes"},"schema":{"@context":"https:\/\/schema.org","@graph":[{"@type":"WebPage","@id":"https:\/\/www.arcom.be\/fr\/brandbeveiliging\/","url":"https:\/\/www.arcom.be\/fr\/brandbeveiliging\/","name":"Brandbeveiliging - Arcom Security Solutions","isPartOf":{"@id":"https:\/\/www.arcom.be\/#website"},"datePublished":"2021-09-15T11:11:33+00:00","dateModified":"2022-01-12T09:40:31+00:00","breadcrumb":{"@id":"https:\/\/www.arcom.be\/fr\/brandbeveiliging\/#breadcrumb"},"inLanguage":"fr-FR","potentialAction":[{"@type":"ReadAction","target":["https:\/\/www.arcom.be\/fr\/brandbeveiliging\/"]}]},{"@type":"BreadcrumbList","@id":"https:\/\/www.arcom.be\/fr\/brandbeveiliging\/#breadcrumb","itemListElement":[{"@type":"ListItem","position":1,"name":"Home","item":"https:\/\/www.arcom.be\/"},{"@type":"ListItem","position":2,"name":"Brandbeveiliging"}]},{"@type":"WebSite","@id":"https:\/\/www.arcom.be\/#website","url":"https:\/\/www.arcom.be\/","name":"Arcom Security Solutions","description":"","potentialAction":[{"@type":"SearchAction","target":{"@type":"EntryPoint","urlTemplate":"https:\/\/www.arcom.be\/?s={search_term_string}"},"query-input":"required name=search_term_string"}],"inLanguage":"fr-FR"}]}},"_links":{"self":[{"href":"https:\/\/www.arcom.be\/fr\/wp-json\/wp\/v2\/pages\/299","targetHints":{"allow":["GET"]}}],"collection":[{"href":"https:\/\/www.arcom.be\/fr\/wp-json\/wp\/v2\/pages"}],"about":[{"href":"https:\/\/www.arcom.be\/fr\/wp-json\/wp\/v2\/types\/page"}],"author":[{"embeddable":true,"href":"https:\/\/www.arcom.be\/fr\/wp-json\/wp\/v2\/users\/4"}],"replies":[{"embeddable":true,"href":"https:\/\/www.arcom.be\/fr\/wp-json\/wp\/v2\/comments?post=299"}],"version-history":[{"count":22,"href":"https:\/\/www.arcom.be\/fr\/wp-json\/wp\/v2\/pages\/299\/revisions"}],"predecessor-version":[{"id":1032,"href":"https:\/\/www.arcom.be\/fr\/wp-json\/wp\/v2\/pages\/299\/revisions\/1032"}],"wp:attachment":[{"href":"https:\/\/www.arcom.be\/fr\/wp-json\/wp\/v2\/media?parent=299"}],"curies":[{"name":"wp","href":"https:\/\/api.w.org\/{rel}","templated":true}]}}