{"id":253,"date":"2021-09-15T07:52:38","date_gmt":"2021-09-15T07:52:38","guid":{"rendered":"http:\/\/preview.arcom.be\/?page_id=253"},"modified":"2022-01-14T14:19:07","modified_gmt":"2022-01-14T14:19:07","slug":"sectoren","status":"publish","type":"page","link":"https:\/\/www.arcom.be\/fr\/sectoren\/","title":{"rendered":"Secteurs"},"content":{"rendered":"<div data-elementor-type=\"wp-page\" data-elementor-id=\"253\" class=\"elementor elementor-253\" data-elementor-post-type=\"page\">\n\t\t\t\t\t\t<section class=\"elementor-section elementor-top-section elementor-element elementor-element-8887238 elementor-section-full_width elementor-section-height-default elementor-section-height-default\" data-id=\"8887238\" data-element_type=\"section\">\n\t\t\t\t\t\t<div class=\"elementor-container elementor-column-gap-no\">\n\t\t\t\t\t<div class=\"elementor-column elementor-col-100 elementor-top-column elementor-element elementor-element-ab59d5e\" data-id=\"ab59d5e\" data-element_type=\"column\">\n\t\t\t<div class=\"elementor-widget-wrap elementor-element-populated\">\n\t\t\t\t\t\t<div class=\"elementor-element elementor-element-82d8554 elementor-widget elementor-widget-template\" data-id=\"82d8554\" data-element_type=\"widget\" data-widget_type=\"template.default\">\n\t\t\t\t<div class=\"elementor-widget-container\">\n\t\t\t\t\t<div class=\"elementor-template\">\n\t\t\t\t\t<div data-elementor-type=\"section\" data-elementor-id=\"62\" class=\"elementor elementor-62\" data-elementor-post-type=\"elementor_library\">\n\t\t\t\t\t<section class=\"elementor-section elementor-top-section elementor-element elementor-element-3c6fa49d elementor-section-height-min-height elementor-section-boxed elementor-section-height-default elementor-section-items-middle\" data-id=\"3c6fa49d\" data-element_type=\"section\" data-settings=\"{&quot;background_background&quot;:&quot;classic&quot;}\">\n\t\t\t\t\t\t\t<div class=\"elementor-background-overlay\"><\/div>\n\t\t\t\t\t\t\t<div class=\"elementor-container elementor-column-gap-default\">\n\t\t\t\t\t<div class=\"elementor-column elementor-col-100 elementor-top-column elementor-element elementor-element-78a30155\" data-id=\"78a30155\" data-element_type=\"column\">\n\t\t\t<div class=\"elementor-widget-wrap elementor-element-populated\">\n\t\t\t\t\t\t<div class=\"elementor-element elementor-element-712bc72a elementor-align-center elementor-widget elementor-widget-breadcrumbs\" data-id=\"712bc72a\" data-element_type=\"widget\" data-widget_type=\"breadcrumbs.default\">\n\t\t\t\t<div class=\"elementor-widget-container\">\n\t\t\t<p id=\"breadcrumbs\"><span><span><a href=\"https:\/\/www.arcom.be\/fr\/\">Home<\/a><\/span><\/span><\/p>\t\t<\/div>\n\t\t\t\t<\/div>\n\t\t\t\t\t<\/div>\n\t\t<\/div>\n\t\t\t\t\t<\/div>\n\t\t<\/section>\n\t\t\t\t<\/div>\n\t\t\t\t<\/div>\n\t\t\t\t<\/div>\n\t\t\t\t<\/div>\n\t\t\t\t\t<\/div>\n\t\t<\/div>\n\t\t\t\t\t<\/div>\n\t\t<\/section>\n\t\t\t\t<section class=\"elementor-section elementor-top-section elementor-element elementor-element-edd7b9d elementor-section-boxed elementor-section-height-default elementor-section-height-default\" data-id=\"edd7b9d\" data-element_type=\"section\">\n\t\t\t\t\t\t<div class=\"elementor-container elementor-column-gap-default\">\n\t\t\t\t\t<div class=\"elementor-column elementor-col-33 elementor-top-column elementor-element elementor-element-ee292c4\" data-id=\"ee292c4\" data-element_type=\"column\">\n\t\t\t<div class=\"elementor-widget-wrap elementor-element-populated\">\n\t\t\t\t\t\t<div class=\"elementor-element elementor-element-d1bf6fe elementor-nav-menu__text-align-aside elementor-widget elementor-widget-nav-menu\" data-id=\"d1bf6fe\" data-element_type=\"widget\" data-settings=\"{&quot;layout&quot;:&quot;dropdown&quot;,&quot;submenu_icon&quot;:{&quot;value&quot;:&quot;&lt;i class=\\&quot;fas fa-caret-down\\&quot;&gt;&lt;\\\/i&gt;&quot;,&quot;library&quot;:&quot;fa-solid&quot;}}\" data-widget_type=\"nav-menu.default\">\n\t\t\t\t<div class=\"elementor-widget-container\">\n\t\t\t\t\t\t<nav class=\"elementor-nav-menu--dropdown elementor-nav-menu__container\" aria-hidden=\"true\">\n\t\t\t\t<ul id=\"menu-2-d1bf6fe\" class=\"elementor-nav-menu\"><li class=\"menu-item menu-item-type-post_type menu-item-object-page menu-item-244\"><a href=\"https:\/\/www.arcom.be\/fr\/diensten\/\" class=\"elementor-item\" tabindex=\"-1\">Alle diensten<\/a><\/li>\n<li class=\"menu-item menu-item-type-post_type menu-item-object-page menu-item-285\"><a href=\"https:\/\/www.arcom.be\/fr\/inbraakbeveiliging\/\" class=\"elementor-item\" tabindex=\"-1\">Syst\u00e8me de s\u00e9curit\u00e9<\/a><\/li>\n<li class=\"menu-item menu-item-type-post_type menu-item-object-page menu-item-296\"><a href=\"https:\/\/www.arcom.be\/fr\/camerabewaking\/\" class=\"elementor-item\" tabindex=\"-1\">Vid\u00e9osurveillance<\/a><\/li>\n<li class=\"menu-item menu-item-type-post_type menu-item-object-page menu-item-307\"><a href=\"https:\/\/www.arcom.be\/fr\/brandbeveiliging\/\" class=\"elementor-item\" tabindex=\"-1\">Syst\u00e8me de protection contre l\u2019incendie<\/a><\/li>\n<li class=\"menu-item menu-item-type-post_type menu-item-object-page menu-item-341\"><a href=\"https:\/\/www.arcom.be\/fr\/omtrekbeveiliging\/\" class=\"elementor-item\" tabindex=\"-1\">Protection p\u00e9rim\u00e9trique ext\u00e9rieure \u00e0 haute tension<\/a><\/li>\n<li class=\"menu-item menu-item-type-post_type menu-item-object-page menu-item-340\"><a href=\"https:\/\/www.arcom.be\/fr\/toegangscontrole\/\" class=\"elementor-item\" tabindex=\"-1\">Contr\u00f4le d\u2019acc\u00e8s<\/a><\/li>\n<li class=\"menu-item menu-item-type-post_type menu-item-object-page menu-item-339\"><a href=\"https:\/\/www.arcom.be\/fr\/onze-service-afdeling\/\" class=\"elementor-item\" tabindex=\"-1\">Service Afdeling<\/a><\/li>\n<\/ul>\t\t\t<\/nav>\n\t\t\t\t<\/div>\n\t\t\t\t<\/div>\n\t\t\t\t\t<\/div>\n\t\t<\/div>\n\t\t\t\t<div class=\"elementor-column elementor-col-66 elementor-top-column elementor-element elementor-element-ca0e059\" data-id=\"ca0e059\" data-element_type=\"column\">\n\t\t\t<div class=\"elementor-widget-wrap elementor-element-populated\">\n\t\t\t\t\t\t<section class=\"elementor-section elementor-inner-section elementor-element elementor-element-5fe4db2 elementor-section-boxed elementor-section-height-default elementor-section-height-default\" data-id=\"5fe4db2\" data-element_type=\"section\">\n\t\t\t\t\t\t<div class=\"elementor-container elementor-column-gap-default\">\n\t\t\t\t\t<div class=\"elementor-column elementor-col-33 elementor-inner-column elementor-element elementor-element-c7777fc\" data-id=\"c7777fc\" data-element_type=\"column\">\n\t\t\t<div class=\"elementor-widget-wrap elementor-element-populated\">\n\t\t\t\t\t\t<div class=\"elementor-element elementor-element-45d491b elementor-widget elementor-widget-image\" data-id=\"45d491b\" data-element_type=\"widget\" data-widget_type=\"image.default\">\n\t\t\t\t<div class=\"elementor-widget-container\">\n\t\t\t\t\t\t\t\t\t\t\t\t\t<img fetchpriority=\"high\" decoding=\"async\" width=\"263\" height=\"227\" src=\"https:\/\/www.arcom.be\/wp-content\/uploads\/2021\/09\/single-family-home-1026368_1280-crop-u32933.jpg\" class=\"attachment-large size-large wp-image-130\" alt=\"\" \/>\t\t\t\t\t\t\t\t\t\t\t\t\t<\/div>\n\t\t\t\t<\/div>\n\t\t\t\t<div class=\"elementor-element elementor-element-6c73bfd elementor-widget elementor-widget-button\" data-id=\"6c73bfd\" data-element_type=\"widget\" data-widget_type=\"button.default\">\n\t\t\t\t<div class=\"elementor-widget-container\">\n\t\t\t\t\t<div class=\"elementor-button-wrapper\">\n\t\t\t<a class=\"elementor-button elementor-button-link elementor-size-sm\" href=\"http:\/\/preview.arcom.be\/particulieren\/\">\n\t\t\t\t\t\t<span class=\"elementor-button-content-wrapper\">\n\t\t\t\t\t\t<span class=\"elementor-button-text\">PARTICULIER<\/span>\n\t\t<\/span>\n\t\t\t\t\t<\/a>\n\t\t<\/div>\n\t\t\t\t<\/div>\n\t\t\t\t<\/div>\n\t\t\t\t<div class=\"elementor-element elementor-element-92f30f7 elementor-widget elementor-widget-text-editor\" data-id=\"92f30f7\" data-element_type=\"widget\" data-widget_type=\"text-editor.default\">\n\t\t\t\t<div class=\"elementor-widget-container\">\n\t\t\t\t\t\t\t<div id=\"u102934-4\" class=\"clearfix grpelem\" data-muse-uid=\"U102934\" data-muse-type=\"txt_frame\" data-ibe-flags=\"txtStyleSrc\"><div id=\"u102934-3\"><p>De noden en behoeften van particuliere klanten verschillen sterk van deze van bvb ondernemingen. Een rijwoning, appartement of villa beveiligen vraagt een totaal andere aanpak dan het beveiligen van een industri\u00eble loods.<\/p><\/div><\/div>\t\t\t\t\t\t<\/div>\n\t\t\t\t<\/div>\n\t\t\t\t<div class=\"elementor-element elementor-element-8f31b8e elementor-absolute elementor-widget elementor-widget-button\" data-id=\"8f31b8e\" data-element_type=\"widget\" data-settings=\"{&quot;_position&quot;:&quot;absolute&quot;}\" data-widget_type=\"button.default\">\n\t\t\t\t<div class=\"elementor-widget-container\">\n\t\t\t\t\t<div class=\"elementor-button-wrapper\">\n\t\t\t<a class=\"elementor-button elementor-button-link elementor-size-sm elementor-animation-skew-forward\" href=\"http:\/\/preview.arcom.be\/particulieren\/\">\n\t\t\t\t\t\t<span class=\"elementor-button-content-wrapper\">\n\t\t\t\t\t\t<span class=\"elementor-button-icon elementor-align-icon-right\">\n\t\t\t\t<i aria-hidden=\"true\" class=\"fas fa-chevron-right\"><\/i>\t\t\t<\/span>\n\t\t\t\t\t\t<span class=\"elementor-button-text\">Plus d'info<\/span>\n\t\t<\/span>\n\t\t\t\t\t<\/a>\n\t\t<\/div>\n\t\t\t\t<\/div>\n\t\t\t\t<\/div>\n\t\t\t\t\t<\/div>\n\t\t<\/div>\n\t\t\t\t<div class=\"elementor-column elementor-col-33 elementor-inner-column elementor-element elementor-element-a9cad96\" data-id=\"a9cad96\" data-element_type=\"column\">\n\t\t\t<div class=\"elementor-widget-wrap elementor-element-populated\">\n\t\t\t\t\t\t<div class=\"elementor-element elementor-element-c0e5c9c elementor-widget elementor-widget-image\" data-id=\"c0e5c9c\" data-element_type=\"widget\" data-widget_type=\"image.default\">\n\t\t\t\t<div class=\"elementor-widget-container\">\n\t\t\t\t\t\t\t\t\t\t\t\t\t<img decoding=\"async\" width=\"263\" height=\"227\" src=\"https:\/\/www.arcom.be\/wp-content\/uploads\/2021\/09\/reception-2507752_1280-crop-u32952.jpg\" class=\"attachment-large size-large wp-image-129\" alt=\"\" \/>\t\t\t\t\t\t\t\t\t\t\t\t\t<\/div>\n\t\t\t\t<\/div>\n\t\t\t\t<div class=\"elementor-element elementor-element-131006f elementor-widget elementor-widget-button\" data-id=\"131006f\" data-element_type=\"widget\" data-widget_type=\"button.default\">\n\t\t\t\t<div class=\"elementor-widget-container\">\n\t\t\t\t\t<div class=\"elementor-button-wrapper\">\n\t\t\t<a class=\"elementor-button elementor-button-link elementor-size-sm\" href=\"http:\/\/preview.arcom.be\/kmo\/\">\n\t\t\t\t\t\t<span class=\"elementor-button-content-wrapper\">\n\t\t\t\t\t\t<span class=\"elementor-button-text\">PME<\/span>\n\t\t<\/span>\n\t\t\t\t\t<\/a>\n\t\t<\/div>\n\t\t\t\t<\/div>\n\t\t\t\t<\/div>\n\t\t\t\t<div class=\"elementor-element elementor-element-e6ac4e6 elementor-widget elementor-widget-text-editor\" data-id=\"e6ac4e6\" data-element_type=\"widget\" data-widget_type=\"text-editor.default\">\n\t\t\t\t<div class=\"elementor-widget-container\">\n\t\t\t\t\t\t\t<div id=\"u12969-4\" class=\"clearfix grpelem shared_content\" data-muse-uid=\"U12969\" data-muse-type=\"txt_frame\" data-ibe-flags=\"txtStyleSrc\" data-content-guid=\"u12969-4_content\"><div id=\"u12969-3\"><div id=\"u102923-4\" class=\"clearfix grpelem\" data-muse-uid=\"U102923\" data-muse-type=\"txt_frame\" data-ibe-flags=\"txtStyleSrc\"><div id=\"u102923-3\"><p>De systemen en producten die wij aanbieden voor de kleine en middelgrote ondernemingen dienen aan een aantal criteria te voldoen.<\/p><\/div><\/div><\/div><\/div>\t\t\t\t\t\t<\/div>\n\t\t\t\t<\/div>\n\t\t\t\t<div class=\"elementor-element elementor-element-2dd02fb elementor-absolute elementor-widget elementor-widget-button\" data-id=\"2dd02fb\" data-element_type=\"widget\" data-settings=\"{&quot;_position&quot;:&quot;absolute&quot;}\" data-widget_type=\"button.default\">\n\t\t\t\t<div class=\"elementor-widget-container\">\n\t\t\t\t\t<div class=\"elementor-button-wrapper\">\n\t\t\t<a class=\"elementor-button elementor-button-link elementor-size-sm elementor-animation-skew-forward\" href=\"http:\/\/preview.arcom.be\/kmo\/\">\n\t\t\t\t\t\t<span class=\"elementor-button-content-wrapper\">\n\t\t\t\t\t\t<span class=\"elementor-button-icon elementor-align-icon-right\">\n\t\t\t\t<i aria-hidden=\"true\" class=\"fas fa-chevron-right\"><\/i>\t\t\t<\/span>\n\t\t\t\t\t\t<span class=\"elementor-button-text\">Plus d'info<\/span>\n\t\t<\/span>\n\t\t\t\t\t<\/a>\n\t\t<\/div>\n\t\t\t\t<\/div>\n\t\t\t\t<\/div>\n\t\t\t\t\t<\/div>\n\t\t<\/div>\n\t\t\t\t<div class=\"elementor-column elementor-col-33 elementor-inner-column elementor-element elementor-element-56e5af3\" data-id=\"56e5af3\" data-element_type=\"column\">\n\t\t\t<div class=\"elementor-widget-wrap elementor-element-populated\">\n\t\t\t\t\t\t<div class=\"elementor-element elementor-element-d594ff5 elementor-widget elementor-widget-image\" data-id=\"d594ff5\" data-element_type=\"widget\" data-widget_type=\"image.default\">\n\t\t\t\t<div class=\"elementor-widget-container\">\n\t\t\t\t\t\t\t\t\t\t\t\t\t<img decoding=\"async\" width=\"263\" height=\"227\" src=\"https:\/\/www.arcom.be\/wp-content\/uploads\/2021\/09\/forklift-835340_1280-crop-u32892.jpg\" class=\"attachment-large size-large wp-image-127\" alt=\"\" \/>\t\t\t\t\t\t\t\t\t\t\t\t\t<\/div>\n\t\t\t\t<\/div>\n\t\t\t\t<div class=\"elementor-element elementor-element-76185de elementor-widget elementor-widget-button\" data-id=\"76185de\" data-element_type=\"widget\" data-widget_type=\"button.default\">\n\t\t\t\t<div class=\"elementor-widget-container\">\n\t\t\t\t\t<div class=\"elementor-button-wrapper\">\n\t\t\t<a class=\"elementor-button elementor-button-link elementor-size-sm\" href=\"http:\/\/preview.arcom.be\/industrie\/\">\n\t\t\t\t\t\t<span class=\"elementor-button-content-wrapper\">\n\t\t\t\t\t\t<span class=\"elementor-button-text\">INDUSTRIE<\/span>\n\t\t<\/span>\n\t\t\t\t\t<\/a>\n\t\t<\/div>\n\t\t\t\t<\/div>\n\t\t\t\t<\/div>\n\t\t\t\t<div class=\"elementor-element elementor-element-6aa1ed9 elementor-widget elementor-widget-text-editor\" data-id=\"6aa1ed9\" data-element_type=\"widget\" data-widget_type=\"text-editor.default\">\n\t\t\t\t<div class=\"elementor-widget-container\">\n\t\t\t\t\t\t\t<div id=\"u102926-4\" class=\"clearfix grpelem\" data-muse-uid=\"U102926\" data-muse-type=\"txt_frame\" data-ibe-flags=\"txtStyleSrc\"><div id=\"u102926-3\"><p>De systemen en producten voor de industrie dienen aan een aantal criteria te voldoen.<\/p><\/div><\/div>\t\t\t\t\t\t<\/div>\n\t\t\t\t<\/div>\n\t\t\t\t<div class=\"elementor-element elementor-element-7aa65ec elementor-absolute elementor-widget elementor-widget-button\" data-id=\"7aa65ec\" data-element_type=\"widget\" data-settings=\"{&quot;_position&quot;:&quot;absolute&quot;}\" data-widget_type=\"button.default\">\n\t\t\t\t<div class=\"elementor-widget-container\">\n\t\t\t\t\t<div class=\"elementor-button-wrapper\">\n\t\t\t<a class=\"elementor-button elementor-button-link elementor-size-sm elementor-animation-skew-forward\" href=\"http:\/\/preview.arcom.be\/industrie\/\">\n\t\t\t\t\t\t<span class=\"elementor-button-content-wrapper\">\n\t\t\t\t\t\t<span class=\"elementor-button-icon elementor-align-icon-right\">\n\t\t\t\t<i aria-hidden=\"true\" class=\"fas fa-chevron-right\"><\/i>\t\t\t<\/span>\n\t\t\t\t\t\t<span class=\"elementor-button-text\">Plus d'info<\/span>\n\t\t<\/span>\n\t\t\t\t\t<\/a>\n\t\t<\/div>\n\t\t\t\t<\/div>\n\t\t\t\t<\/div>\n\t\t\t\t\t<\/div>\n\t\t<\/div>\n\t\t\t\t\t<\/div>\n\t\t<\/section>\n\t\t\t\t<section class=\"elementor-section elementor-inner-section elementor-element elementor-element-1589d91 elementor-section-boxed elementor-section-height-default elementor-section-height-default\" data-id=\"1589d91\" data-element_type=\"section\">\n\t\t\t\t\t\t<div class=\"elementor-container elementor-column-gap-default\">\n\t\t\t\t\t<div class=\"elementor-column elementor-col-33 elementor-inner-column elementor-element elementor-element-38f0d4b\" data-id=\"38f0d4b\" data-element_type=\"column\">\n\t\t\t<div class=\"elementor-widget-wrap elementor-element-populated\">\n\t\t\t\t\t\t<div class=\"elementor-element elementor-element-068984f elementor-widget elementor-widget-image\" data-id=\"068984f\" data-element_type=\"widget\" data-widget_type=\"image.default\">\n\t\t\t\t<div class=\"elementor-widget-container\">\n\t\t\t\t\t\t\t\t\t\t\t\t\t<img decoding=\"async\" width=\"263\" height=\"227\" src=\"https:\/\/www.arcom.be\/wp-content\/uploads\/2021\/09\/forklift-835340_1280-crop-u32892.jpg\" class=\"attachment-large size-large wp-image-127\" alt=\"\" \/>\t\t\t\t\t\t\t\t\t\t\t\t\t<\/div>\n\t\t\t\t<\/div>\n\t\t\t\t<div class=\"elementor-element elementor-element-4575a6f elementor-widget elementor-widget-button\" data-id=\"4575a6f\" data-element_type=\"widget\" data-widget_type=\"button.default\">\n\t\t\t\t<div class=\"elementor-widget-container\">\n\t\t\t\t\t<div class=\"elementor-button-wrapper\">\n\t\t\t<a class=\"elementor-button elementor-button-link elementor-size-sm\" href=\"http:\/\/preview.arcom.be\/overheid\/\">\n\t\t\t\t\t\t<span class=\"elementor-button-content-wrapper\">\n\t\t\t\t\t\t<span class=\"elementor-button-text\">ENTREPRISE PUBLIQUE<\/span>\n\t\t<\/span>\n\t\t\t\t\t<\/a>\n\t\t<\/div>\n\t\t\t\t<\/div>\n\t\t\t\t<\/div>\n\t\t\t\t<div class=\"elementor-element elementor-element-ccf3b51 elementor-widget elementor-widget-text-editor\" data-id=\"ccf3b51\" data-element_type=\"widget\" data-widget_type=\"text-editor.default\">\n\t\t\t\t<div class=\"elementor-widget-container\">\n\t\t\t\t\t\t\t<div id=\"u102926-4\" class=\"clearfix grpelem\" data-muse-uid=\"U102926\" data-muse-type=\"txt_frame\" data-ibe-flags=\"txtStyleSrc\"><div id=\"u102926-3\"><p>De systemen en producten voor de overheid dienen aan een aantal criteria te voldoen.<\/p><\/div><\/div>\t\t\t\t\t\t<\/div>\n\t\t\t\t<\/div>\n\t\t\t\t<div class=\"elementor-element elementor-element-e9d6f8c elementor-absolute elementor-widget elementor-widget-button\" data-id=\"e9d6f8c\" data-element_type=\"widget\" data-settings=\"{&quot;_position&quot;:&quot;absolute&quot;}\" data-widget_type=\"button.default\">\n\t\t\t\t<div class=\"elementor-widget-container\">\n\t\t\t\t\t<div class=\"elementor-button-wrapper\">\n\t\t\t<a class=\"elementor-button elementor-button-link elementor-size-sm elementor-animation-skew-forward\" href=\"http:\/\/preview.arcom.be\/overheid\/\">\n\t\t\t\t\t\t<span class=\"elementor-button-content-wrapper\">\n\t\t\t\t\t\t<span class=\"elementor-button-icon elementor-align-icon-right\">\n\t\t\t\t<i aria-hidden=\"true\" class=\"fas fa-chevron-right\"><\/i>\t\t\t<\/span>\n\t\t\t\t\t\t<span class=\"elementor-button-text\">Plus d'info<\/span>\n\t\t<\/span>\n\t\t\t\t\t<\/a>\n\t\t<\/div>\n\t\t\t\t<\/div>\n\t\t\t\t<\/div>\n\t\t\t\t\t<\/div>\n\t\t<\/div>\n\t\t\t\t<div class=\"elementor-column elementor-col-33 elementor-inner-column elementor-element elementor-element-d2bd490\" data-id=\"d2bd490\" data-element_type=\"column\">\n\t\t\t<div class=\"elementor-widget-wrap\">\n\t\t\t\t\t\t\t<\/div>\n\t\t<\/div>\n\t\t\t\t<div class=\"elementor-column elementor-col-33 elementor-inner-column elementor-element elementor-element-c933ce7\" data-id=\"c933ce7\" data-element_type=\"column\">\n\t\t\t<div class=\"elementor-widget-wrap\">\n\t\t\t\t\t\t\t<\/div>\n\t\t<\/div>\n\t\t\t\t\t<\/div>\n\t\t<\/section>\n\t\t\t\t\t<\/div>\n\t\t<\/div>\n\t\t\t\t\t<\/div>\n\t\t<\/section>\n\t\t\t\t<\/div>","protected":false},"excerpt":{"rendered":"<p>PARTICULIER De noden en behoeften van particuliere klanten verschillen sterk van deze van bvb ondernemingen. Een rijwoning, appartement of villa beveiligen vraagt een totaal andere aanpak dan het beveiligen van een industri\u00eble loods. Meer Info KMO De systemen en producten die wij aanbieden voor de kleine en middelgrote ondernemingen dienen aan een aantal criteria te [&hellip;]<\/p>","protected":false},"author":4,"featured_media":0,"parent":0,"menu_order":0,"comment_status":"closed","ping_status":"closed","template":"","meta":{"footnotes":""},"class_list":["post-253","page","type-page","status-publish","hentry"],"yoast_head":"<!-- This site is optimized with the Yoast SEO plugin v22.1 - https:\/\/yoast.com\/wordpress\/plugins\/seo\/ -->\r\n<title>Sectoren - Arcom Security Solutions<\/title>\r\n<meta name=\"robots\" content=\"index, follow, max-snippet:-1, max-image-preview:large, max-video-preview:-1\" \/>\r\n<link rel=\"canonical\" href=\"https:\/\/www.arcom.be\/fr\/sectoren\/\" \/>\r\n<meta property=\"og:locale\" content=\"fr_FR\" \/>\r\n<meta property=\"og:type\" content=\"article\" \/>\r\n<meta property=\"og:title\" content=\"Sectoren - Arcom Security Solutions\" \/>\r\n<meta property=\"og:description\" content=\"PARTICULIER De noden en behoeften van particuliere klanten verschillen sterk van deze van bvb ondernemingen. Een rijwoning, appartement of villa beveiligen vraagt een totaal andere aanpak dan het beveiligen van een industri\u00eble loods. Meer Info KMO De systemen en producten die wij aanbieden voor de kleine en middelgrote ondernemingen dienen aan een aantal criteria te [&hellip;]\" \/>\r\n<meta property=\"og:url\" content=\"https:\/\/www.arcom.be\/fr\/sectoren\/\" \/>\r\n<meta property=\"og:site_name\" content=\"Arcom Security Solutions\" \/>\r\n<meta property=\"article:modified_time\" content=\"2022-01-14T14:19:07+00:00\" \/>\r\n<meta property=\"og:image\" content=\"https:\/\/www.arcom.be\/wp-content\/uploads\/2021\/09\/single-family-home-1026368_1280-crop-u32933.jpg\" \/>\r\n<meta name=\"twitter:card\" content=\"summary_large_image\" \/>\r\n<meta name=\"twitter:label1\" content=\"Dur\u00e9e de lecture estim\u00e9e\" \/>\n\t<meta name=\"twitter:data1\" content=\"2 minutes\" \/>\r\n<script type=\"application\/ld+json\" class=\"yoast-schema-graph\">{\"@context\":\"https:\/\/schema.org\",\"@graph\":[{\"@type\":\"WebPage\",\"@id\":\"https:\/\/www.arcom.be\/sectoren\/\",\"url\":\"https:\/\/www.arcom.be\/sectoren\/\",\"name\":\"Sectoren - Arcom Security Solutions\",\"isPartOf\":{\"@id\":\"https:\/\/www.arcom.be\/#website\"},\"datePublished\":\"2021-09-15T07:52:38+00:00\",\"dateModified\":\"2022-01-14T14:19:07+00:00\",\"breadcrumb\":{\"@id\":\"https:\/\/www.arcom.be\/sectoren\/#breadcrumb\"},\"inLanguage\":\"fr-FR\",\"potentialAction\":[{\"@type\":\"ReadAction\",\"target\":[\"https:\/\/www.arcom.be\/sectoren\/\"]}]},{\"@type\":\"BreadcrumbList\",\"@id\":\"https:\/\/www.arcom.be\/sectoren\/#breadcrumb\",\"itemListElement\":[{\"@type\":\"ListItem\",\"position\":1,\"name\":\"Home\",\"item\":\"https:\/\/www.arcom.be\/\"},{\"@type\":\"ListItem\",\"position\":2,\"name\":\"Sectoren\"}]},{\"@type\":\"WebSite\",\"@id\":\"https:\/\/www.arcom.be\/#website\",\"url\":\"https:\/\/www.arcom.be\/\",\"name\":\"Arcom Security Solutions\",\"description\":\"\",\"potentialAction\":[{\"@type\":\"SearchAction\",\"target\":{\"@type\":\"EntryPoint\",\"urlTemplate\":\"https:\/\/www.arcom.be\/?s={search_term_string}\"},\"query-input\":\"required name=search_term_string\"}],\"inLanguage\":\"fr-FR\"}]}<\/script>\r\n<!-- \/ Yoast SEO plugin. -->","yoast_head_json":{"title":"Sectoren - Arcom Security Solutions","robots":{"index":"index","follow":"follow","max-snippet":"max-snippet:-1","max-image-preview":"max-image-preview:large","max-video-preview":"max-video-preview:-1"},"canonical":"https:\/\/www.arcom.be\/fr\/sectoren\/","og_locale":"fr_FR","og_type":"article","og_title":"Sectoren - Arcom Security Solutions","og_description":"PARTICULIER De noden en behoeften van particuliere klanten verschillen sterk van deze van bvb ondernemingen. Een rijwoning, appartement of villa beveiligen vraagt een totaal andere aanpak dan het beveiligen van een industri\u00eble loods. Meer Info KMO De systemen en producten die wij aanbieden voor de kleine en middelgrote ondernemingen dienen aan een aantal criteria te [&hellip;]","og_url":"https:\/\/www.arcom.be\/fr\/sectoren\/","og_site_name":"Arcom Security Solutions","article_modified_time":"2022-01-14T14:19:07+00:00","og_image":[{"url":"https:\/\/www.arcom.be\/wp-content\/uploads\/2021\/09\/single-family-home-1026368_1280-crop-u32933.jpg"}],"twitter_card":"summary_large_image","twitter_misc":{"Dur\u00e9e de lecture estim\u00e9e":"2 minutes"},"schema":{"@context":"https:\/\/schema.org","@graph":[{"@type":"WebPage","@id":"https:\/\/www.arcom.be\/sectoren\/","url":"https:\/\/www.arcom.be\/sectoren\/","name":"Sectoren - Arcom Security Solutions","isPartOf":{"@id":"https:\/\/www.arcom.be\/#website"},"datePublished":"2021-09-15T07:52:38+00:00","dateModified":"2022-01-14T14:19:07+00:00","breadcrumb":{"@id":"https:\/\/www.arcom.be\/sectoren\/#breadcrumb"},"inLanguage":"fr-FR","potentialAction":[{"@type":"ReadAction","target":["https:\/\/www.arcom.be\/sectoren\/"]}]},{"@type":"BreadcrumbList","@id":"https:\/\/www.arcom.be\/sectoren\/#breadcrumb","itemListElement":[{"@type":"ListItem","position":1,"name":"Home","item":"https:\/\/www.arcom.be\/"},{"@type":"ListItem","position":2,"name":"Sectoren"}]},{"@type":"WebSite","@id":"https:\/\/www.arcom.be\/#website","url":"https:\/\/www.arcom.be\/","name":"Arcom Security Solutions","description":"","potentialAction":[{"@type":"SearchAction","target":{"@type":"EntryPoint","urlTemplate":"https:\/\/www.arcom.be\/?s={search_term_string}"},"query-input":"required name=search_term_string"}],"inLanguage":"fr-FR"}]}},"_links":{"self":[{"href":"https:\/\/www.arcom.be\/fr\/wp-json\/wp\/v2\/pages\/253","targetHints":{"allow":["GET"]}}],"collection":[{"href":"https:\/\/www.arcom.be\/fr\/wp-json\/wp\/v2\/pages"}],"about":[{"href":"https:\/\/www.arcom.be\/fr\/wp-json\/wp\/v2\/types\/page"}],"author":[{"embeddable":true,"href":"https:\/\/www.arcom.be\/fr\/wp-json\/wp\/v2\/users\/4"}],"replies":[{"embeddable":true,"href":"https:\/\/www.arcom.be\/fr\/wp-json\/wp\/v2\/comments?post=253"}],"version-history":[{"count":27,"href":"https:\/\/www.arcom.be\/fr\/wp-json\/wp\/v2\/pages\/253\/revisions"}],"predecessor-version":[{"id":1100,"href":"https:\/\/www.arcom.be\/fr\/wp-json\/wp\/v2\/pages\/253\/revisions\/1100"}],"wp:attachment":[{"href":"https:\/\/www.arcom.be\/fr\/wp-json\/wp\/v2\/media?parent=253"}],"curies":[{"name":"wp","href":"https:\/\/api.w.org\/{rel}","templated":true}]}}