{"id":156,"date":"2021-09-14T15:29:24","date_gmt":"2021-09-14T15:29:24","guid":{"rendered":"http:\/\/preview.arcom.be\/?page_id=156"},"modified":"2021-09-17T19:08:51","modified_gmt":"2021-09-17T19:08:51","slug":"kmo-3","status":"publish","type":"page","link":"https:\/\/www.arcom.be\/fr\/kmo-3\/","title":{"rendered":"PME"},"content":{"rendered":"<div data-elementor-type=\"wp-page\" data-elementor-id=\"156\" class=\"elementor elementor-156\" data-elementor-post-type=\"page\">\n\t\t\t\t\t\t<section class=\"elementor-section elementor-top-section elementor-element elementor-element-5db3370 elementor-section-full_width elementor-section-height-default elementor-section-height-default\" data-id=\"5db3370\" data-element_type=\"section\">\n\t\t\t\t\t\t<div class=\"elementor-container elementor-column-gap-no\">\n\t\t\t\t\t<div class=\"elementor-column elementor-col-100 elementor-top-column elementor-element elementor-element-aa42a41\" data-id=\"aa42a41\" data-element_type=\"column\">\n\t\t\t<div class=\"elementor-widget-wrap elementor-element-populated\">\n\t\t\t\t\t\t<div class=\"elementor-element elementor-element-7eb0211 elementor-widget elementor-widget-template\" data-id=\"7eb0211\" data-element_type=\"widget\" data-widget_type=\"template.default\">\n\t\t\t\t<div class=\"elementor-widget-container\">\n\t\t\t\t\t<div class=\"elementor-template\">\n\t\t\t\t\t<div data-elementor-type=\"section\" data-elementor-id=\"62\" class=\"elementor elementor-62\" data-elementor-post-type=\"elementor_library\">\n\t\t\t\t\t<section class=\"elementor-section elementor-top-section elementor-element elementor-element-3c6fa49d elementor-section-height-min-height elementor-section-boxed elementor-section-height-default elementor-section-items-middle\" data-id=\"3c6fa49d\" data-element_type=\"section\" data-settings=\"{&quot;background_background&quot;:&quot;classic&quot;}\">\n\t\t\t\t\t\t\t<div class=\"elementor-background-overlay\"><\/div>\n\t\t\t\t\t\t\t<div class=\"elementor-container elementor-column-gap-default\">\n\t\t\t\t\t<div class=\"elementor-column elementor-col-100 elementor-top-column elementor-element elementor-element-78a30155\" data-id=\"78a30155\" data-element_type=\"column\">\n\t\t\t<div class=\"elementor-widget-wrap elementor-element-populated\">\n\t\t\t\t\t\t<div class=\"elementor-element elementor-element-712bc72a elementor-align-center elementor-widget elementor-widget-breadcrumbs\" data-id=\"712bc72a\" data-element_type=\"widget\" data-widget_type=\"breadcrumbs.default\">\n\t\t\t\t<div class=\"elementor-widget-container\">\n\t\t\t<p id=\"breadcrumbs\"><span><span><a href=\"https:\/\/www.arcom.be\/fr\/\">Home<\/a><\/span><\/span><\/p>\t\t<\/div>\n\t\t\t\t<\/div>\n\t\t\t\t\t<\/div>\n\t\t<\/div>\n\t\t\t\t\t<\/div>\n\t\t<\/section>\n\t\t\t\t<\/div>\n\t\t\t\t<\/div>\n\t\t\t\t<\/div>\n\t\t\t\t<\/div>\n\t\t\t\t\t<\/div>\n\t\t<\/div>\n\t\t\t\t\t<\/div>\n\t\t<\/section>\n\t\t\t\t<section class=\"elementor-section elementor-top-section elementor-element elementor-element-8238179 elementor-section-full_width elementor-section-height-default elementor-section-height-default\" data-id=\"8238179\" data-element_type=\"section\">\n\t\t\t\t\t\t<div class=\"elementor-container elementor-column-gap-default\">\n\t\t\t\t\t<div class=\"elementor-column elementor-col-100 elementor-top-column elementor-element elementor-element-f20f8e8\" data-id=\"f20f8e8\" data-element_type=\"column\">\n\t\t\t<div class=\"elementor-widget-wrap elementor-element-populated\">\n\t\t\t\t\t\t<section class=\"elementor-section elementor-inner-section elementor-element elementor-element-38ba4e9 elementor-section-content-middle elementor-reverse-mobile elementor-section-boxed elementor-section-height-default elementor-section-height-default\" data-id=\"38ba4e9\" data-element_type=\"section\">\n\t\t\t\t\t\t<div class=\"elementor-container elementor-column-gap-default\">\n\t\t\t\t\t<div class=\"elementor-column elementor-col-50 elementor-inner-column elementor-element elementor-element-11ef11b\" data-id=\"11ef11b\" data-element_type=\"column\">\n\t\t\t<div class=\"elementor-widget-wrap elementor-element-populated\">\n\t\t\t\t\t\t<div class=\"elementor-element elementor-element-71b010b elementor-widget elementor-widget-heading\" data-id=\"71b010b\" data-element_type=\"widget\" data-widget_type=\"heading.default\">\n\t\t\t\t<div class=\"elementor-widget-container\">\n\t\t\t<h2 class=\"elementor-heading-title elementor-size-default\">Petites et moyennes entreprises\n<\/h2>\t\t<\/div>\n\t\t\t\t<\/div>\n\t\t\t\t<div class=\"elementor-element elementor-element-828811c elementor-widget elementor-widget-text-editor\" data-id=\"828811c\" data-element_type=\"widget\" data-widget_type=\"text-editor.default\">\n\t\t\t\t<div class=\"elementor-widget-container\">\n\t\t\t\t\t\t\t<div id=\"pu28927-4\" class=\"clearfix grpelem shared_content\" data-content-guid=\"pu28927-4_content\"><div id=\"u28936-43\" class=\"clearfix colelem shared_content\" data-muse-uid=\"U28936\" data-muse-type=\"txt_frame\" data-ibe-flags=\"txtStyleSrc\" data-content-guid=\"u28936-43_content\"><p id=\"u104353-2\">Les syst\u00e8mes et les produits que nous offrons pour les petites et moyennes entreprises doivent satisfaire aux crit\u00e8res suivants :<\/p><\/div><\/div>\t\t\t\t\t\t<\/div>\n\t\t\t\t<\/div>\n\t\t\t\t<div class=\"elementor-element elementor-element-7082b30 elementor-icon-list--layout-inline elementor-align-left elementor-list-item-link-full_width elementor-widget elementor-widget-icon-list\" data-id=\"7082b30\" data-element_type=\"widget\" data-widget_type=\"icon-list.default\">\n\t\t\t\t<div class=\"elementor-widget-container\">\n\t\t\t\t\t<ul class=\"elementor-icon-list-items elementor-inline-items\">\n\t\t\t\t\t\t\t<li class=\"elementor-icon-list-item elementor-inline-item\">\n\t\t\t\t\t\t\t\t\t\t\t<span class=\"elementor-icon-list-icon\">\n\t\t\t\t\t\t\t<i aria-hidden=\"true\" class=\"fas fa-circle\"><\/i>\t\t\t\t\t\t<\/span>\n\t\t\t\t\t\t\t\t\t\t<span class=\"elementor-icon-list-text\">Rapport qualit\u00e9-prix.<\/span>\n\t\t\t\t\t\t\t\t\t<\/li>\n\t\t\t\t\t\t<\/ul>\n\t\t\t\t<\/div>\n\t\t\t\t<\/div>\n\t\t\t\t<div class=\"elementor-element elementor-element-c231106 elementor-widget elementor-widget-text-editor\" data-id=\"c231106\" data-element_type=\"widget\" data-widget_type=\"text-editor.default\">\n\t\t\t\t<div class=\"elementor-widget-container\">\n\t\t\t\t\t\t\t<div id=\"pu28927-4\" class=\"clearfix grpelem shared_content\" data-content-guid=\"pu28927-4_content\"><div id=\"u28936-43\" class=\"clearfix colelem shared_content\" data-muse-uid=\"U28936\" data-muse-type=\"txt_frame\" data-ibe-flags=\"txtStyleSrc\" data-content-guid=\"u28936-43_content\"><p id=\"u104353-8\">Les syst\u00e8mes offerts doivent satisfaire aux contr\u00f4les de qualit\u00e9 les plus s\u00e9v\u00e8res, sans grever votre budget. Tous les mat\u00e9riaux sont certifi\u00e9s Incert.<\/p><\/div><\/div>\t\t\t\t\t\t<\/div>\n\t\t\t\t<\/div>\n\t\t\t\t<div class=\"elementor-element elementor-element-47d25be elementor-icon-list--layout-inline elementor-align-left elementor-list-item-link-full_width elementor-widget elementor-widget-icon-list\" data-id=\"47d25be\" data-element_type=\"widget\" data-widget_type=\"icon-list.default\">\n\t\t\t\t<div class=\"elementor-widget-container\">\n\t\t\t\t\t<ul class=\"elementor-icon-list-items elementor-inline-items\">\n\t\t\t\t\t\t\t<li class=\"elementor-icon-list-item elementor-inline-item\">\n\t\t\t\t\t\t\t\t\t\t\t<span class=\"elementor-icon-list-icon\">\n\t\t\t\t\t\t\t<i aria-hidden=\"true\" class=\"fas fa-circle\"><\/i>\t\t\t\t\t\t<\/span>\n\t\t\t\t\t\t\t\t\t\t<span class=\"elementor-icon-list-text\">Convivialit\u00e9<\/span>\n\t\t\t\t\t\t\t\t\t<\/li>\n\t\t\t\t\t\t<\/ul>\n\t\t\t\t<\/div>\n\t\t\t\t<\/div>\n\t\t\t\t<div class=\"elementor-element elementor-element-f91b32f elementor-widget elementor-widget-text-editor\" data-id=\"f91b32f\" data-element_type=\"widget\" data-widget_type=\"text-editor.default\">\n\t\t\t\t<div class=\"elementor-widget-container\">\n\t\t\t\t\t\t\t<div id=\"pu28927-4\" class=\"clearfix grpelem shared_content\" data-content-guid=\"pu28927-4_content\"><div id=\"u28936-43\" class=\"clearfix colelem shared_content\" data-muse-uid=\"U28936\" data-muse-type=\"txt_frame\" data-ibe-flags=\"txtStyleSrc\" data-content-guid=\"u28936-43_content\"><p id=\"u104353-14\">Les syst\u00e8mes de s\u00e9curit\u00e9 doivent \u00eatre conviviaux et simples. Des syst\u00e8mes compliqu\u00e9s ne seront plus utilis\u00e9s au bout d\u2019un certain temps et ratent leur cible.<\/p><\/div><\/div>\t\t\t\t\t\t<\/div>\n\t\t\t\t<\/div>\n\t\t\t\t<div class=\"elementor-element elementor-element-b3b8981 elementor-icon-list--layout-inline elementor-align-left elementor-list-item-link-full_width elementor-widget elementor-widget-icon-list\" data-id=\"b3b8981\" data-element_type=\"widget\" data-widget_type=\"icon-list.default\">\n\t\t\t\t<div class=\"elementor-widget-container\">\n\t\t\t\t\t<ul class=\"elementor-icon-list-items elementor-inline-items\">\n\t\t\t\t\t\t\t<li class=\"elementor-icon-list-item elementor-inline-item\">\n\t\t\t\t\t\t\t\t\t\t\t<span class=\"elementor-icon-list-icon\">\n\t\t\t\t\t\t\t<i aria-hidden=\"true\" class=\"fas fa-circle\"><\/i>\t\t\t\t\t\t<\/span>\n\t\t\t\t\t\t\t\t\t\t<span class=\"elementor-icon-list-text\">Durabilit\u00e9.<\/span>\n\t\t\t\t\t\t\t\t\t<\/li>\n\t\t\t\t\t\t<\/ul>\n\t\t\t\t<\/div>\n\t\t\t\t<\/div>\n\t\t\t\t<div class=\"elementor-element elementor-element-23542ed elementor-widget elementor-widget-text-editor\" data-id=\"23542ed\" data-element_type=\"widget\" data-widget_type=\"text-editor.default\">\n\t\t\t\t<div class=\"elementor-widget-container\">\n\t\t\t\t\t\t\t<div id=\"pu28927-4\" class=\"clearfix grpelem shared_content\" data-content-guid=\"pu28927-4_content\"><div id=\"u28936-43\" class=\"clearfix colelem shared_content\" data-muse-uid=\"U28936\" data-muse-type=\"txt_frame\" data-ibe-flags=\"txtStyleSrc\" data-content-guid=\"u28936-43_content\"><div id=\"pu104212-4\" class=\"clearfix grpelem shared_content\" data-content-guid=\"pu104212-4_content\"><div id=\"u104213-22\" class=\"clearfix colelem shared_content\" data-muse-uid=\"U104213\" data-muse-type=\"txt_frame\" data-ibe-flags=\"txtStyleSrc\" data-content-guid=\"u104213-22_content\"><p id=\"u104353-20\">La dur\u00e9e de vie moyenne des syst\u00e8mes de s\u00e9curit\u00e9 install\u00e9s chez les entreprises est de 15 ans. Pendant cette p\u00e9riode, nous garantissons un fonctionnement optimal du syst\u00e8me, et ce via l\u2019entretien annuel du syst\u00e8me.<\/p><\/div><\/div><\/div><\/div>\t\t\t\t\t\t<\/div>\n\t\t\t\t<\/div>\n\t\t\t\t<div class=\"elementor-element elementor-element-fddaf33 elementor-icon-list--layout-inline elementor-align-left elementor-list-item-link-full_width elementor-widget elementor-widget-icon-list\" data-id=\"fddaf33\" data-element_type=\"widget\" data-widget_type=\"icon-list.default\">\n\t\t\t\t<div class=\"elementor-widget-container\">\n\t\t\t\t\t<ul class=\"elementor-icon-list-items elementor-inline-items\">\n\t\t\t\t\t\t\t<li class=\"elementor-icon-list-item elementor-inline-item\">\n\t\t\t\t\t\t\t\t\t\t\t<span class=\"elementor-icon-list-icon\">\n\t\t\t\t\t\t\t<i aria-hidden=\"true\" class=\"fas fa-circle\"><\/i>\t\t\t\t\t\t<\/span>\n\t\t\t\t\t\t\t\t\t\t<span class=\"elementor-icon-list-text\">Modularit\u00e9.<\/span>\n\t\t\t\t\t\t\t\t\t<\/li>\n\t\t\t\t\t\t<\/ul>\n\t\t\t\t<\/div>\n\t\t\t\t<\/div>\n\t\t\t\t<div class=\"elementor-element elementor-element-8456186 elementor-widget elementor-widget-text-editor\" data-id=\"8456186\" data-element_type=\"widget\" data-widget_type=\"text-editor.default\">\n\t\t\t\t<div class=\"elementor-widget-container\">\n\t\t\t\t\t\t\t<div id=\"pu28927-4\" class=\"clearfix grpelem shared_content\" data-content-guid=\"pu28927-4_content\"><div id=\"u28936-43\" class=\"clearfix colelem shared_content\" data-muse-uid=\"U28936\" data-muse-type=\"txt_frame\" data-ibe-flags=\"txtStyleSrc\" data-content-guid=\"u28936-43_content\"><div id=\"pu104212-4\" class=\"clearfix grpelem shared_content\" data-content-guid=\"pu104212-4_content\"><div id=\"u104213-22\" class=\"clearfix colelem shared_content\" data-muse-uid=\"U104213\" data-muse-type=\"txt_frame\" data-ibe-flags=\"txtStyleSrc\" data-content-guid=\"u104213-22_content\"><p id=\"u104353-26\">Les entreprises grandissent et changent sans cesse. Les syst\u00e8mes install\u00e9s doivent \u00eatre adapt\u00e9s aux exigences actuelles et futures. C'est pourquoi nous veillons \u00e0 ce que les syst\u00e8mes de base install\u00e9s soient extensibles et adaptables. La cr\u00e9ation de plusieurs zones et cloisons \u00e0 l'int\u00e9rieur d'un b\u00e2timent est standard.<\/p><\/div><\/div><\/div><\/div>\t\t\t\t\t\t<\/div>\n\t\t\t\t<\/div>\n\t\t\t\t<div class=\"elementor-element elementor-element-194000e elementor-icon-list--layout-inline elementor-align-left elementor-list-item-link-full_width elementor-widget elementor-widget-icon-list\" data-id=\"194000e\" data-element_type=\"widget\" data-widget_type=\"icon-list.default\">\n\t\t\t\t<div class=\"elementor-widget-container\">\n\t\t\t\t\t<ul class=\"elementor-icon-list-items elementor-inline-items\">\n\t\t\t\t\t\t\t<li class=\"elementor-icon-list-item elementor-inline-item\">\n\t\t\t\t\t\t\t\t\t\t\t<span class=\"elementor-icon-list-icon\">\n\t\t\t\t\t\t\t<i aria-hidden=\"true\" class=\"fas fa-circle\"><\/i>\t\t\t\t\t\t<\/span>\n\t\t\t\t\t\t\t\t\t\t<span class=\"elementor-icon-list-text\">Stabilit\u00e9<\/span>\n\t\t\t\t\t\t\t\t\t<\/li>\n\t\t\t\t\t\t<\/ul>\n\t\t\t\t<\/div>\n\t\t\t\t<\/div>\n\t\t\t\t<div class=\"elementor-element elementor-element-f559372 elementor-widget elementor-widget-text-editor\" data-id=\"f559372\" data-element_type=\"widget\" data-widget_type=\"text-editor.default\">\n\t\t\t\t<div class=\"elementor-widget-container\">\n\t\t\t\t\t\t\t<div id=\"pu28927-4\" class=\"clearfix grpelem shared_content\" data-content-guid=\"pu28927-4_content\"><div id=\"u28936-43\" class=\"clearfix colelem shared_content\" data-muse-uid=\"U28936\" data-muse-type=\"txt_frame\" data-ibe-flags=\"txtStyleSrc\" data-content-guid=\"u28936-43_content\"><div id=\"pu104212-4\" class=\"clearfix grpelem shared_content\" data-content-guid=\"pu104212-4_content\"><div id=\"u104213-22\" class=\"clearfix colelem shared_content\" data-muse-uid=\"U104213\" data-muse-type=\"txt_frame\" data-ibe-flags=\"txtStyleSrc\" data-content-guid=\"u104213-22_content\"><p id=\"u104353-26\">Le grand nombre d\u2019utilisateurs dans une PME et les facteurs environnementaux plus compliqu\u00e9s (salet\u00e9s \u2013 poussi\u00e8re \u2013 bruit \u2013 vibrations) impliquent que nous pr\u00eatons une attention particuli\u00e8re \u00e0 la robustesse des mat\u00e9riaux s\u00e9lectionn\u00e9s. Toutes les composantes que nous installons \u00e0 l\u2019ext\u00e9rieur, telles que \u2018cam\u00e9ras \u2013 lecteurs de cartes \u2013 d\u00e9tecteurs \u2018 doivent \u00eatre au moins IP66.<\/p><\/div><\/div><\/div><\/div>\t\t\t\t\t\t<\/div>\n\t\t\t\t<\/div>\n\t\t\t\t<div class=\"elementor-element elementor-element-6b0f949 elementor-icon-list--layout-inline elementor-align-left elementor-list-item-link-full_width elementor-widget elementor-widget-icon-list\" data-id=\"6b0f949\" data-element_type=\"widget\" data-widget_type=\"icon-list.default\">\n\t\t\t\t<div class=\"elementor-widget-container\">\n\t\t\t\t\t<ul class=\"elementor-icon-list-items elementor-inline-items\">\n\t\t\t\t\t\t\t<li class=\"elementor-icon-list-item elementor-inline-item\">\n\t\t\t\t\t\t\t\t\t\t\t<span class=\"elementor-icon-list-icon\">\n\t\t\t\t\t\t\t<i aria-hidden=\"true\" class=\"fas fa-circle\"><\/i>\t\t\t\t\t\t<\/span>\n\t\t\t\t\t\t\t\t\t\t<span class=\"elementor-icon-list-text\">A int\u00e9grer.<\/span>\n\t\t\t\t\t\t\t\t\t<\/li>\n\t\t\t\t\t\t<\/ul>\n\t\t\t\t<\/div>\n\t\t\t\t<\/div>\n\t\t\t\t<div class=\"elementor-element elementor-element-64366f1 elementor-widget elementor-widget-text-editor\" data-id=\"64366f1\" data-element_type=\"widget\" data-widget_type=\"text-editor.default\">\n\t\t\t\t<div class=\"elementor-widget-container\">\n\t\t\t\t\t\t\t<div id=\"pu28927-4\" class=\"clearfix grpelem shared_content\" data-content-guid=\"pu28927-4_content\"><div id=\"u28936-43\" class=\"clearfix colelem shared_content\" data-muse-uid=\"U28936\" data-muse-type=\"txt_frame\" data-ibe-flags=\"txtStyleSrc\" data-content-guid=\"u28936-43_content\"><div id=\"pu104212-4\" class=\"clearfix grpelem shared_content\" data-content-guid=\"pu104212-4_content\"><div id=\"u104213-22\" class=\"clearfix colelem shared_content\" data-muse-uid=\"U104213\" data-muse-type=\"txt_frame\" data-ibe-flags=\"txtStyleSrc\" data-content-guid=\"u104213-22_content\"><p id=\"u104353-26\">Il faut \u00eatre possible d\u2019int\u00e9grer les syst\u00e8mes install\u00e9s dans des structures existantes afin d\u2019am\u00e9liorer l\u2019\u00e9change ou l\u2019usage des donn\u00e9es enregistr\u00e9es pour l\u2019entreprise.<\/p><\/div><\/div><\/div><\/div>\t\t\t\t\t\t<\/div>\n\t\t\t\t<\/div>\n\t\t\t\t\t<\/div>\n\t\t<\/div>\n\t\t\t\t<div class=\"elementor-column elementor-col-50 elementor-inner-column elementor-element elementor-element-5da4d99\" data-id=\"5da4d99\" data-element_type=\"column\">\n\t\t\t<div class=\"elementor-widget-wrap elementor-element-populated\">\n\t\t\t\t\t\t<div class=\"elementor-element elementor-element-0a541ce elementor-widget elementor-widget-image\" data-id=\"0a541ce\" data-element_type=\"widget\" data-widget_type=\"image.default\">\n\t\t\t\t<div class=\"elementor-widget-container\">\n\t\t\t\t\t\t\t\t\t\t\t\t\t<img fetchpriority=\"high\" decoding=\"async\" width=\"555\" height=\"398\" src=\"https:\/\/www.arcom.be\/wp-content\/uploads\/2021\/09\/toegangscontrole_arcom-crop-u104354.jpg\" class=\"attachment-large size-large wp-image-158\" alt=\"\" srcset=\"https:\/\/www.arcom.be\/wp-content\/uploads\/2021\/09\/toegangscontrole_arcom-crop-u104354.jpg 555w, https:\/\/www.arcom.be\/wp-content\/uploads\/2021\/09\/toegangscontrole_arcom-crop-u104354-300x215.jpg 300w\" sizes=\"(max-width: 555px) 100vw, 555px\" \/>\t\t\t\t\t\t\t\t\t\t\t\t\t<\/div>\n\t\t\t\t<\/div>\n\t\t\t\t\t<\/div>\n\t\t<\/div>\n\t\t\t\t\t<\/div>\n\t\t<\/section>\n\t\t\t\t\t<\/div>\n\t\t<\/div>\n\t\t\t\t\t<\/div>\n\t\t<\/section>\n\t\t\t\t<\/div>","protected":false},"excerpt":{"rendered":"<p>Kleine en middelgrote ondernemingen De systemen en producten die wij aanbieden voor de kleine en middelgrote ondernemingen dienen aan de volgende criteria te voldoen: Prijs\/ kwaliteit verhouding. De aangeboden systemen moeten voldoen aan de strengste kwaliteitscontroles, zonder echter onbetaalbaar duur te worden. Alle materialen zijn Incert gekeurd. Gebruiksvriendelijkheid Beveiligingssystemen dienen gebruiksvriendelijke en simpel te zijn. [&hellip;]<\/p>","protected":false},"author":4,"featured_media":0,"parent":0,"menu_order":0,"comment_status":"closed","ping_status":"closed","template":"","meta":{"footnotes":""},"class_list":["post-156","page","type-page","status-publish","hentry"],"yoast_head":"<!-- This site is optimized with the Yoast SEO plugin v22.1 - https:\/\/yoast.com\/wordpress\/plugins\/seo\/ -->\r\n<title>Kmo - Arcom Security Solutions<\/title>\r\n<meta name=\"robots\" content=\"index, follow, max-snippet:-1, max-image-preview:large, max-video-preview:-1\" \/>\r\n<link rel=\"canonical\" href=\"https:\/\/www.arcom.be\/fr\/kmo-3\/\" \/>\r\n<meta property=\"og:locale\" content=\"fr_FR\" \/>\r\n<meta property=\"og:type\" content=\"article\" \/>\r\n<meta property=\"og:title\" content=\"Kmo - Arcom Security Solutions\" \/>\r\n<meta property=\"og:description\" content=\"Kleine en middelgrote ondernemingen De systemen en producten die wij aanbieden voor de kleine en middelgrote ondernemingen dienen aan de volgende criteria te voldoen: Prijs\/ kwaliteit verhouding. De aangeboden systemen moeten voldoen aan de strengste kwaliteitscontroles, zonder echter onbetaalbaar duur te worden. Alle materialen zijn Incert gekeurd. Gebruiksvriendelijkheid Beveiligingssystemen dienen gebruiksvriendelijke en simpel te zijn. [&hellip;]\" \/>\r\n<meta property=\"og:url\" content=\"https:\/\/www.arcom.be\/fr\/kmo-3\/\" \/>\r\n<meta property=\"og:site_name\" content=\"Arcom Security Solutions\" \/>\r\n<meta property=\"article:modified_time\" content=\"2021-09-17T19:08:51+00:00\" \/>\r\n<meta property=\"og:image\" content=\"http:\/\/preview.arcom.be\/wp-content\/uploads\/2021\/09\/toegangscontrole_arcom-crop-u104354.jpg\" \/>\r\n<meta name=\"twitter:card\" content=\"summary_large_image\" \/>\r\n<meta name=\"twitter:label1\" content=\"Dur\u00e9e de lecture estim\u00e9e\" \/>\n\t<meta name=\"twitter:data1\" content=\"2 minutes\" \/>\r\n<script type=\"application\/ld+json\" class=\"yoast-schema-graph\">{\"@context\":\"https:\/\/schema.org\",\"@graph\":[{\"@type\":\"WebPage\",\"@id\":\"https:\/\/www.arcom.be\/kmo-3\/\",\"url\":\"https:\/\/www.arcom.be\/kmo-3\/\",\"name\":\"Kmo - Arcom Security Solutions\",\"isPartOf\":{\"@id\":\"https:\/\/www.arcom.be\/#website\"},\"datePublished\":\"2021-09-14T15:29:24+00:00\",\"dateModified\":\"2021-09-17T19:08:51+00:00\",\"breadcrumb\":{\"@id\":\"https:\/\/www.arcom.be\/kmo-3\/#breadcrumb\"},\"inLanguage\":\"fr-FR\",\"potentialAction\":[{\"@type\":\"ReadAction\",\"target\":[\"https:\/\/www.arcom.be\/kmo-3\/\"]}]},{\"@type\":\"BreadcrumbList\",\"@id\":\"https:\/\/www.arcom.be\/kmo-3\/#breadcrumb\",\"itemListElement\":[{\"@type\":\"ListItem\",\"position\":1,\"name\":\"Home\",\"item\":\"https:\/\/www.arcom.be\/\"},{\"@type\":\"ListItem\",\"position\":2,\"name\":\"Kmo\"}]},{\"@type\":\"WebSite\",\"@id\":\"https:\/\/www.arcom.be\/#website\",\"url\":\"https:\/\/www.arcom.be\/\",\"name\":\"Arcom Security Solutions\",\"description\":\"\",\"potentialAction\":[{\"@type\":\"SearchAction\",\"target\":{\"@type\":\"EntryPoint\",\"urlTemplate\":\"https:\/\/www.arcom.be\/?s={search_term_string}\"},\"query-input\":\"required name=search_term_string\"}],\"inLanguage\":\"fr-FR\"}]}<\/script>\r\n<!-- \/ Yoast SEO plugin. -->","yoast_head_json":{"title":"Kmo - Arcom Security Solutions","robots":{"index":"index","follow":"follow","max-snippet":"max-snippet:-1","max-image-preview":"max-image-preview:large","max-video-preview":"max-video-preview:-1"},"canonical":"https:\/\/www.arcom.be\/fr\/kmo-3\/","og_locale":"fr_FR","og_type":"article","og_title":"Kmo - Arcom Security Solutions","og_description":"Kleine en middelgrote ondernemingen De systemen en producten die wij aanbieden voor de kleine en middelgrote ondernemingen dienen aan de volgende criteria te voldoen: Prijs\/ kwaliteit verhouding. De aangeboden systemen moeten voldoen aan de strengste kwaliteitscontroles, zonder echter onbetaalbaar duur te worden. Alle materialen zijn Incert gekeurd. Gebruiksvriendelijkheid Beveiligingssystemen dienen gebruiksvriendelijke en simpel te zijn. [&hellip;]","og_url":"https:\/\/www.arcom.be\/fr\/kmo-3\/","og_site_name":"Arcom Security Solutions","article_modified_time":"2021-09-17T19:08:51+00:00","og_image":[{"url":"http:\/\/preview.arcom.be\/wp-content\/uploads\/2021\/09\/toegangscontrole_arcom-crop-u104354.jpg"}],"twitter_card":"summary_large_image","twitter_misc":{"Dur\u00e9e de lecture estim\u00e9e":"2 minutes"},"schema":{"@context":"https:\/\/schema.org","@graph":[{"@type":"WebPage","@id":"https:\/\/www.arcom.be\/kmo-3\/","url":"https:\/\/www.arcom.be\/kmo-3\/","name":"Kmo - Arcom Security Solutions","isPartOf":{"@id":"https:\/\/www.arcom.be\/#website"},"datePublished":"2021-09-14T15:29:24+00:00","dateModified":"2021-09-17T19:08:51+00:00","breadcrumb":{"@id":"https:\/\/www.arcom.be\/kmo-3\/#breadcrumb"},"inLanguage":"fr-FR","potentialAction":[{"@type":"ReadAction","target":["https:\/\/www.arcom.be\/kmo-3\/"]}]},{"@type":"BreadcrumbList","@id":"https:\/\/www.arcom.be\/kmo-3\/#breadcrumb","itemListElement":[{"@type":"ListItem","position":1,"name":"Home","item":"https:\/\/www.arcom.be\/"},{"@type":"ListItem","position":2,"name":"Kmo"}]},{"@type":"WebSite","@id":"https:\/\/www.arcom.be\/#website","url":"https:\/\/www.arcom.be\/","name":"Arcom Security Solutions","description":"","potentialAction":[{"@type":"SearchAction","target":{"@type":"EntryPoint","urlTemplate":"https:\/\/www.arcom.be\/?s={search_term_string}"},"query-input":"required name=search_term_string"}],"inLanguage":"fr-FR"}]}},"_links":{"self":[{"href":"https:\/\/www.arcom.be\/fr\/wp-json\/wp\/v2\/pages\/156","targetHints":{"allow":["GET"]}}],"collection":[{"href":"https:\/\/www.arcom.be\/fr\/wp-json\/wp\/v2\/pages"}],"about":[{"href":"https:\/\/www.arcom.be\/fr\/wp-json\/wp\/v2\/types\/page"}],"author":[{"embeddable":true,"href":"https:\/\/www.arcom.be\/fr\/wp-json\/wp\/v2\/users\/4"}],"replies":[{"embeddable":true,"href":"https:\/\/www.arcom.be\/fr\/wp-json\/wp\/v2\/comments?post=156"}],"version-history":[{"count":4,"href":"https:\/\/www.arcom.be\/fr\/wp-json\/wp\/v2\/pages\/156\/revisions"}],"predecessor-version":[{"id":161,"href":"https:\/\/www.arcom.be\/fr\/wp-json\/wp\/v2\/pages\/156\/revisions\/161"}],"wp:attachment":[{"href":"https:\/\/www.arcom.be\/fr\/wp-json\/wp\/v2\/media?parent=156"}],"curies":[{"name":"wp","href":"https:\/\/api.w.org\/{rel}","templated":true}]}}